{"id":6,"date":"2020-04-20T14:56:52","date_gmt":"2020-04-20T17:56:52","guid":{"rendered":"http:\/\/www2.uepg.br\/acessibilidade\/?page_id=6"},"modified":"2020-11-11T19:11:46","modified_gmt":"2020-11-11T22:11:46","slug":"home","status":"publish","type":"page","link":"https:\/\/www2.uepg.br\/acessibilidade\/","title":{"rendered":"Home"},"content":{"rendered":"<div id=\"pl-6\"  class=\"panel-layout\" ><div id=\"pg-6-0\"  class=\"panel-grid panel-no-style\" ><div id=\"pgc-6-0-0\"  class=\"panel-grid-cell\" ><div id=\"panel-6-0-0-0\" class=\"so-panel widget widget_sow-editor panel-first-child panel-last-child\" data-index=\"0\" ><div\n\t\t\t\n\t\t\tclass=\"so-widget-sow-editor so-widget-sow-editor-base\"\n\t\t\t\n\t\t>\n<div class=\"siteorigin-widget-tinymce textwidget\">\n\t<div id=\"botaoAcessibilidade\"><\/div>\n<h2><strong>Bot\u00e3o de acessibilidade<\/strong><\/h2>\n<p>&nbsp;<\/p>\n<p style=\"text-align: center;\">Nos sites UEPG o acesso \u00e0 configura\u00e7\u00e3o de acessibilidade \u00e9\u00a0 realizado pelo o seguinte bot\u00e3o <a href=\"http:\/\/www2.uepg.br\/acessibilidade\/wp-content\/uploads\/sites\/154\/2020\/11\/Selecao_302.png\"><img loading=\"lazy\" class=\"alignnone wp-image-154\" src=\"http:\/\/www2.uepg.br\/acessibilidade\/wp-content\/uploads\/sites\/154\/2020\/11\/Selecao_302.png\" alt=\"\" width=\"36\" height=\"35\" \/><\/a>, em geral localizado no canto superior esquerdo do cabe\u00e7alho das p\u00e1ginas:<\/p>\n<p><a href=\"http:\/\/www2.uepg.br\/acessibilidade\/wp-content\/uploads\/sites\/154\/2020\/11\/1.png\"><img loading=\"lazy\" class=\"aligncenter wp-image-118 size-large\" src=\"http:\/\/www2.uepg.br\/acessibilidade\/wp-content\/uploads\/sites\/154\/2020\/11\/1-1024x538.png\" alt=\"\" width=\"1024\" height=\"538\" srcset=\"https:\/\/www2.uepg.br\/acessibilidade\/wp-content\/uploads\/sites\/154\/2020\/11\/1-1024x538.png 1024w, https:\/\/www2.uepg.br\/acessibilidade\/wp-content\/uploads\/sites\/154\/2020\/11\/1-300x158.png 300w, https:\/\/www2.uepg.br\/acessibilidade\/wp-content\/uploads\/sites\/154\/2020\/11\/1-768x403.png 768w, https:\/\/www2.uepg.br\/acessibilidade\/wp-content\/uploads\/sites\/154\/2020\/11\/1-1536x807.png 1536w, https:\/\/www2.uepg.br\/acessibilidade\/wp-content\/uploads\/sites\/154\/2020\/11\/1-1232x647.png 1232w, https:\/\/www2.uepg.br\/acessibilidade\/wp-content\/uploads\/sites\/154\/2020\/11\/1.png 1870w\" sizes=\"(max-width: 1024px) 100vw, 1024px\" \/><\/a><\/p>\n<p>&nbsp;<\/p>\n<p style=\"text-align: center;\">Clicando nesse bot\u00e3o, podemos escolher as seguintes op\u00e7\u00f5es:<\/p>\n<h3><a href=\"http:\/\/www2.uepg.br\/acessibilidade\/wp-content\/uploads\/sites\/154\/2020\/11\/11.png\"><img loading=\"lazy\" class=\"aligncenter wp-image-128 size-full\" src=\"http:\/\/www2.uepg.br\/acessibilidade\/wp-content\/uploads\/sites\/154\/2020\/11\/11.png\" alt=\"\" width=\"233\" height=\"418\" srcset=\"https:\/\/www2.uepg.br\/acessibilidade\/wp-content\/uploads\/sites\/154\/2020\/11\/11.png 233w, https:\/\/www2.uepg.br\/acessibilidade\/wp-content\/uploads\/sites\/154\/2020\/11\/11-167x300.png 167w\" sizes=\"(max-width: 233px) 100vw, 233px\" \/><\/a><\/h3>\n<p>&nbsp;<\/p>\n<h3 style=\"text-align: center;\">Aumentar o texto<a href=\"http:\/\/www2.uepg.br\/acessibilidade\/wp-content\/uploads\/sites\/154\/2020\/11\/2.png\"><img loading=\"lazy\" class=\"wp-image-119 size-large aligncenter\" src=\"http:\/\/www2.uepg.br\/acessibilidade\/wp-content\/uploads\/sites\/154\/2020\/11\/2-1024x538.png\" alt=\"\" width=\"1024\" height=\"538\" srcset=\"https:\/\/www2.uepg.br\/acessibilidade\/wp-content\/uploads\/sites\/154\/2020\/11\/2-1024x538.png 1024w, https:\/\/www2.uepg.br\/acessibilidade\/wp-content\/uploads\/sites\/154\/2020\/11\/2-300x158.png 300w, https:\/\/www2.uepg.br\/acessibilidade\/wp-content\/uploads\/sites\/154\/2020\/11\/2-768x404.png 768w, https:\/\/www2.uepg.br\/acessibilidade\/wp-content\/uploads\/sites\/154\/2020\/11\/2-1536x807.png 1536w, https:\/\/www2.uepg.br\/acessibilidade\/wp-content\/uploads\/sites\/154\/2020\/11\/2-1232x647.png 1232w, https:\/\/www2.uepg.br\/acessibilidade\/wp-content\/uploads\/sites\/154\/2020\/11\/2.png 1865w\" sizes=\"(max-width: 1024px) 100vw, 1024px\" \/><\/a><\/h3>\n<p style=\"text-align: center;\"><strong>A primeira op\u00e7\u00e3o, \u201cAumentar o texto\u201d,<\/strong> presente no menu de acessibilidade permite <strong>Aumentar<\/strong> o <strong>tamanho<\/strong> da fonte do <strong>texto.<\/strong><\/p>\n<p>&nbsp;<\/p>\n<h3 style=\"text-align: center;\">Diminuir o texto<a href=\"http:\/\/www2.uepg.br\/acessibilidade\/wp-content\/uploads\/sites\/154\/2020\/11\/3.png\"><br \/>\n<img loading=\"lazy\" class=\"wp-image-120 size-large aligncenter\" src=\"http:\/\/www2.uepg.br\/acessibilidade\/wp-content\/uploads\/sites\/154\/2020\/11\/3-1024x538.png\" alt=\"\" width=\"1024\" height=\"538\" srcset=\"https:\/\/www2.uepg.br\/acessibilidade\/wp-content\/uploads\/sites\/154\/2020\/11\/3-1024x538.png 1024w, https:\/\/www2.uepg.br\/acessibilidade\/wp-content\/uploads\/sites\/154\/2020\/11\/3-300x158.png 300w, https:\/\/www2.uepg.br\/acessibilidade\/wp-content\/uploads\/sites\/154\/2020\/11\/3-768x403.png 768w, https:\/\/www2.uepg.br\/acessibilidade\/wp-content\/uploads\/sites\/154\/2020\/11\/3-1536x807.png 1536w, https:\/\/www2.uepg.br\/acessibilidade\/wp-content\/uploads\/sites\/154\/2020\/11\/3-1232x647.png 1232w, https:\/\/www2.uepg.br\/acessibilidade\/wp-content\/uploads\/sites\/154\/2020\/11\/3.png 1872w\" sizes=\"(max-width: 1024px) 100vw, 1024px\" \/><\/a><\/h3>\n<p style=\"text-align: center;\"><strong>A segunda op\u00e7\u00e3o, \u201cDiminuir o texto\u201d, <\/strong>presente no menu de acessibilidade permite <strong>diminuir<\/strong> o <strong>tamanho<\/strong> da fonte do <strong>texto.<\/strong><\/p>\n<p>&nbsp;<\/p>\n<p>&nbsp;<\/p>\n<h3 style=\"text-align: center;\">Escala de cinza<a href=\"http:\/\/www2.uepg.br\/acessibilidade\/wp-content\/uploads\/sites\/154\/2020\/11\/4.png\"><img loading=\"lazy\" class=\"aligncenter wp-image-121 size-large\" src=\"http:\/\/www2.uepg.br\/acessibilidade\/wp-content\/uploads\/sites\/154\/2020\/11\/4-1024x538.png\" alt=\"\" width=\"1024\" height=\"538\" srcset=\"https:\/\/www2.uepg.br\/acessibilidade\/wp-content\/uploads\/sites\/154\/2020\/11\/4-1024x538.png 1024w, https:\/\/www2.uepg.br\/acessibilidade\/wp-content\/uploads\/sites\/154\/2020\/11\/4-300x158.png 300w, https:\/\/www2.uepg.br\/acessibilidade\/wp-content\/uploads\/sites\/154\/2020\/11\/4-768x403.png 768w, https:\/\/www2.uepg.br\/acessibilidade\/wp-content\/uploads\/sites\/154\/2020\/11\/4-1536x807.png 1536w, https:\/\/www2.uepg.br\/acessibilidade\/wp-content\/uploads\/sites\/154\/2020\/11\/4-1232x647.png 1232w, https:\/\/www2.uepg.br\/acessibilidade\/wp-content\/uploads\/sites\/154\/2020\/11\/4.png 1872w\" sizes=\"(max-width: 1024px) 100vw, 1024px\" \/><\/a><\/h3>\n<p style=\"text-align: center;\"><strong>A terceira op\u00e7\u00e3o, \u201cEscala de cinza\u201d, <\/strong>presente no menu de acessibilidade <strong>muda as cores da p\u00e1gina inteira <\/strong>para tons de <strong>preto e branco.<\/strong><\/p>\n<p>&nbsp;<\/p>\n<p>&nbsp;<\/p>\n<h3 style=\"text-align: center;\">Contraste alto<a href=\"http:\/\/www2.uepg.br\/acessibilidade\/wp-content\/uploads\/sites\/154\/2020\/11\/5.png\"><img loading=\"lazy\" class=\"aligncenter wp-image-122 size-large\" src=\"http:\/\/www2.uepg.br\/acessibilidade\/wp-content\/uploads\/sites\/154\/2020\/11\/5-1024x536.png\" alt=\"\" width=\"1024\" height=\"536\" srcset=\"https:\/\/www2.uepg.br\/acessibilidade\/wp-content\/uploads\/sites\/154\/2020\/11\/5-1024x536.png 1024w, https:\/\/www2.uepg.br\/acessibilidade\/wp-content\/uploads\/sites\/154\/2020\/11\/5-300x157.png 300w, https:\/\/www2.uepg.br\/acessibilidade\/wp-content\/uploads\/sites\/154\/2020\/11\/5-768x402.png 768w, https:\/\/www2.uepg.br\/acessibilidade\/wp-content\/uploads\/sites\/154\/2020\/11\/5-1536x804.png 1536w, https:\/\/www2.uepg.br\/acessibilidade\/wp-content\/uploads\/sites\/154\/2020\/11\/5-1232x645.png 1232w, https:\/\/www2.uepg.br\/acessibilidade\/wp-content\/uploads\/sites\/154\/2020\/11\/5.png 1865w\" sizes=\"(max-width: 1024px) 100vw, 1024px\" \/><\/a><\/h3>\n<p style=\"text-align: center;\"><strong>A quarta op\u00e7\u00e3o, \u201cContraste alto\u201d, <\/strong>presente no menu de acessibilidade <strong>muda as cores da p\u00e1gina inteira <\/strong>para um <strong>alto contraste.<\/strong><\/p>\n<p>&nbsp;<\/p>\n<p>&nbsp;<\/p>\n<h3 style=\"text-align: center;\">Contraste negativo<a href=\"http:\/\/www2.uepg.br\/acessibilidade\/wp-content\/uploads\/sites\/154\/2020\/11\/6.png\"><img loading=\"lazy\" class=\"aligncenter wp-image-123 size-large\" src=\"http:\/\/www2.uepg.br\/acessibilidade\/wp-content\/uploads\/sites\/154\/2020\/11\/6-1024x538.png\" alt=\"\" width=\"1024\" height=\"538\" srcset=\"https:\/\/www2.uepg.br\/acessibilidade\/wp-content\/uploads\/sites\/154\/2020\/11\/6-1024x538.png 1024w, https:\/\/www2.uepg.br\/acessibilidade\/wp-content\/uploads\/sites\/154\/2020\/11\/6-300x158.png 300w, https:\/\/www2.uepg.br\/acessibilidade\/wp-content\/uploads\/sites\/154\/2020\/11\/6-768x403.png 768w, https:\/\/www2.uepg.br\/acessibilidade\/wp-content\/uploads\/sites\/154\/2020\/11\/6-1536x807.png 1536w, https:\/\/www2.uepg.br\/acessibilidade\/wp-content\/uploads\/sites\/154\/2020\/11\/6-1232x647.png 1232w, https:\/\/www2.uepg.br\/acessibilidade\/wp-content\/uploads\/sites\/154\/2020\/11\/6.png 1862w\" sizes=\"(max-width: 1024px) 100vw, 1024px\" \/><\/a><\/h3>\n<p style=\"text-align: center;\"><strong>A quinta op\u00e7\u00e3o, \u201cContraste negativo\u201d, <\/strong>presente no menu de acessibilidade <strong>muda as cores da p\u00e1gina inteira <\/strong>para um <strong>contraste com cores negativas.<\/strong><\/p>\n<p>&nbsp;<\/p>\n<p>&nbsp;<\/p>\n<h3 style=\"text-align: center;\">Fundo leve<a href=\"http:\/\/www2.uepg.br\/acessibilidade\/wp-content\/uploads\/sites\/154\/2020\/11\/7.png\"><img loading=\"lazy\" class=\"aligncenter size-large wp-image-124\" src=\"http:\/\/www2.uepg.br\/acessibilidade\/wp-content\/uploads\/sites\/154\/2020\/11\/7-1024x538.png\" alt=\"\" width=\"1024\" height=\"538\" srcset=\"https:\/\/www2.uepg.br\/acessibilidade\/wp-content\/uploads\/sites\/154\/2020\/11\/7-1024x538.png 1024w, https:\/\/www2.uepg.br\/acessibilidade\/wp-content\/uploads\/sites\/154\/2020\/11\/7-300x157.png 300w, https:\/\/www2.uepg.br\/acessibilidade\/wp-content\/uploads\/sites\/154\/2020\/11\/7-768x403.png 768w, https:\/\/www2.uepg.br\/acessibilidade\/wp-content\/uploads\/sites\/154\/2020\/11\/7-1536x806.png 1536w, https:\/\/www2.uepg.br\/acessibilidade\/wp-content\/uploads\/sites\/154\/2020\/11\/7-1232x647.png 1232w, https:\/\/www2.uepg.br\/acessibilidade\/wp-content\/uploads\/sites\/154\/2020\/11\/7.png 1867w\" sizes=\"(max-width: 1024px) 100vw, 1024px\" \/><\/a><\/h3>\n<p style=\"text-align: center;\"><strong>A sexta op\u00e7\u00e3o, \u201cFundo leve\u201d, <\/strong>presente no menu de acessibilidade <strong>muda as cores da p\u00e1gina inteira <\/strong>para <strong>preto e branco.<\/strong><\/p>\n<p>&nbsp;<\/p>\n<p>&nbsp;<\/p>\n<h3 style=\"text-align: center;\">Links sublinhados<a href=\"http:\/\/www2.uepg.br\/acessibilidade\/wp-content\/uploads\/sites\/154\/2020\/11\/8.png\"><img loading=\"lazy\" class=\"aligncenter size-large wp-image-125\" src=\"http:\/\/www2.uepg.br\/acessibilidade\/wp-content\/uploads\/sites\/154\/2020\/11\/8-1024x537.png\" alt=\"\" width=\"1024\" height=\"537\" srcset=\"https:\/\/www2.uepg.br\/acessibilidade\/wp-content\/uploads\/sites\/154\/2020\/11\/8-1024x537.png 1024w, https:\/\/www2.uepg.br\/acessibilidade\/wp-content\/uploads\/sites\/154\/2020\/11\/8-300x157.png 300w, https:\/\/www2.uepg.br\/acessibilidade\/wp-content\/uploads\/sites\/154\/2020\/11\/8-768x403.png 768w, https:\/\/www2.uepg.br\/acessibilidade\/wp-content\/uploads\/sites\/154\/2020\/11\/8-1536x805.png 1536w, https:\/\/www2.uepg.br\/acessibilidade\/wp-content\/uploads\/sites\/154\/2020\/11\/8-1232x646.png 1232w, https:\/\/www2.uepg.br\/acessibilidade\/wp-content\/uploads\/sites\/154\/2020\/11\/8.png 1864w\" sizes=\"(max-width: 1024px) 100vw, 1024px\" \/><\/a><\/h3>\n<p style=\"text-align: center;\"><strong>A s\u00e9tima op\u00e7\u00e3o, \u201cLinks sublinhados\u201d, <\/strong>presente no menu de acessibilidade <strong>sublinha<\/strong> todos os <strong>links <\/strong>presentes na p\u00e1gina<strong>.<\/strong><\/p>\n<p>&nbsp;<\/p>\n<p>&nbsp;<\/p>\n<h3 style=\"text-align: center;\">Fontes de leitura<a href=\"http:\/\/www2.uepg.br\/acessibilidade\/wp-content\/uploads\/sites\/154\/2020\/11\/9.png\"><img loading=\"lazy\" class=\"aligncenter size-large wp-image-126\" src=\"http:\/\/www2.uepg.br\/acessibilidade\/wp-content\/uploads\/sites\/154\/2020\/11\/9-1024x537.png\" alt=\"\" width=\"1024\" height=\"537\" srcset=\"https:\/\/www2.uepg.br\/acessibilidade\/wp-content\/uploads\/sites\/154\/2020\/11\/9-1024x537.png 1024w, https:\/\/www2.uepg.br\/acessibilidade\/wp-content\/uploads\/sites\/154\/2020\/11\/9-300x157.png 300w, https:\/\/www2.uepg.br\/acessibilidade\/wp-content\/uploads\/sites\/154\/2020\/11\/9-768x403.png 768w, https:\/\/www2.uepg.br\/acessibilidade\/wp-content\/uploads\/sites\/154\/2020\/11\/9-1536x806.png 1536w, https:\/\/www2.uepg.br\/acessibilidade\/wp-content\/uploads\/sites\/154\/2020\/11\/9-1232x646.png 1232w, https:\/\/www2.uepg.br\/acessibilidade\/wp-content\/uploads\/sites\/154\/2020\/11\/9.png 1866w\" sizes=\"(max-width: 1024px) 100vw, 1024px\" \/><\/a><\/h3>\n<p style=\"text-align: center;\"><strong>A oitava op\u00e7\u00e3o, \u201cFontes de leitura\u201d, <\/strong>presente no menu de acessibilidade <strong>deixa <\/strong>a <strong>fonte <\/strong>da p\u00e1gina mais <strong>espa\u00e7ada<\/strong> em <strong>modo de leitura.<\/strong><\/p>\n<p>&nbsp;<\/p>\n<p>&nbsp;<\/p>\n<h3 style=\"text-align: center;\">Reset<a href=\"http:\/\/www2.uepg.br\/acessibilidade\/wp-content\/uploads\/sites\/154\/2020\/11\/10.png\"><br \/>\n<img loading=\"lazy\" class=\"aligncenter size-large wp-image-127\" src=\"http:\/\/www2.uepg.br\/acessibilidade\/wp-content\/uploads\/sites\/154\/2020\/11\/10-1024x537.png\" alt=\"\" width=\"1024\" height=\"537\" srcset=\"https:\/\/www2.uepg.br\/acessibilidade\/wp-content\/uploads\/sites\/154\/2020\/11\/10-1024x537.png 1024w, https:\/\/www2.uepg.br\/acessibilidade\/wp-content\/uploads\/sites\/154\/2020\/11\/10-300x157.png 300w, https:\/\/www2.uepg.br\/acessibilidade\/wp-content\/uploads\/sites\/154\/2020\/11\/10-768x402.png 768w, https:\/\/www2.uepg.br\/acessibilidade\/wp-content\/uploads\/sites\/154\/2020\/11\/10-1536x805.png 1536w, https:\/\/www2.uepg.br\/acessibilidade\/wp-content\/uploads\/sites\/154\/2020\/11\/10-1232x646.png 1232w, https:\/\/www2.uepg.br\/acessibilidade\/wp-content\/uploads\/sites\/154\/2020\/11\/10.png 1870w\" sizes=\"(max-width: 1024px) 100vw, 1024px\" \/><\/a><\/h3>\n<p id=\"recursosDoNavegador\" style=\"text-align: center;\"><strong>A nona op\u00e7\u00e3o, \u201cReset\u201d, <\/strong>presente no menu de acessibilidade <strong>reseta<\/strong> todas as <strong>configura\u00e7\u00f5es <\/strong>de <strong>acessibilidade, <\/strong>tornando a <strong>p\u00e1gina<\/strong> como ela \u00e9 <strong>originalmente.<\/strong><\/p>\n<p>&nbsp;<\/p>\n<p>Al\u00e9m das op\u00e7\u00f5es obtidas com o bot\u00e3o de acessibilidade, o pr\u00f3prio navegador permite configura\u00e7\u00f5es que melhoram a experi\u00eancia de uso dos sites para pessoas com diferentes graus de limita\u00e7\u00f5es:<\/p>\n<h2><strong>Recursos do navegador<\/strong><\/h2>\n<h3>Tamanho do texto<\/h3>\n<ul>\n<li>Ctrl + + Aumenta o zoom da p\u00e1gina;<\/li>\n<li>Ctrl + - Diminui o zoom da p\u00e1gina;<\/li>\n<li>Ctrl + 0 Deixa o zoom da pagina padr\u00e3o.<\/li>\n<\/ul>\n<h3>Alguns navegadores possibilitam a altera\u00e7\u00e3o do tamanho do texto da seguinte forma:<\/h3>\n<ul>\n<li>Internet Explorer: selecione o Menu Op\u00e7\u00f5es \"Mostrar: Tamanho do Texto\";<\/li>\n<li>Mozilla: selecione o Menu Op\u00e7\u00f5es: \"Mostrar: Tamanho do Texto\";<\/li>\n<li>Opera: selecione o Menu Op\u00e7\u00f5es: \"Mostrar Zoom\";<\/li>\n<li>Safari: selecione o Menu Op\u00e7\u00f5es: \"Apresenta\u00e7\u00e3o; Aumentar\/Reduzir tamanho do texto\".<\/li>\n<\/ul>\n<h2 id=\"acessibilidadeEmLibras\"><\/h2>\n<p>&nbsp;<\/p>\n<h2><strong>Acessibilidade em Libras<\/strong><\/h2>\n<h3>VLibras<\/h3>\n<p>O Vlibras \u00e9 um recurso que traduz todo conte\u00fado em formato digital para a l\u00edngua brasileira de sinais (LIBRAS), sendo: textos, \u00e1udio e v\u00eddeos. Tornando assim, todo os conte\u00fados acess\u00edveis para pessoas com defici\u00eancia auditiva.<\/p>\n<p>Ap\u00f3s instalar o Vlibras voc\u00ea ter\u00e1 acesso a todo conte\u00fado do site.<\/p>\n<p>Clique no link abaixo para ser redirecionado ao site do VLibras e instalar a ferramenta em seu computador, tablet ou celular.<\/p>\n<div id=\"softwaresParaLeituraDeTela\"><\/div>\n<p><strong>Fa\u00e7a o\u00a0<a href=\"http:\/\/www.vlibras.gov.br\/#baixar\">Download do VLibras<\/a><\/strong><\/p>\n<p>&nbsp;<\/p>\n<h2><strong>Softwares para leitura de tela<\/strong><\/h2>\n<p>Os leitores de telas s\u00e3o programas que, interagindo com o sistema operacional do computador, capturam as informa\u00e7\u00f5es apresentadas na forma de texto e as transforma em uma resposta falada atrav\u00e9s de um sintetizador de voz.<\/p>\n<p>O leitor de telas varrem os programas em busca de informa\u00e7\u00f5es que podem ser lidas para o usu\u00e1rio, possibilitando a navega\u00e7\u00e3o por menus, janelas e textos presentes em praticamente qualquer aplicativo.<\/p>\n<p>Alguns leitores de tela gratuitos (software totalmente livre de custos):<\/p>\n<p>&nbsp;<\/p>\n<h4><strong>-<\/strong> NVDA<\/h4>\n<p>Uma caracter\u00edstica que garante um grande diferencial ao NVDA \u00e9 o fato dele n\u00e3o precisar ser instalado no sistema, podendo ser levado em um pendrive, cd ou qualquer outro disco remov\u00edvel.<\/p>\n<p><strong>Fa\u00e7a o\u00a0<a href=\"http:\/\/www.nvda-project.org\/wiki\/Download\">Download do NVDA<\/a><\/strong><\/p>\n<p>&nbsp;<\/p>\n<h4><strong>-<\/strong> DOSVOX<\/h4>\n<p>Grande parte das mensagens sonoras emitidas pelo DOSVOX \u00e9 feita em voz humana gravada. Isso significa que ele \u00e9 um sistema com baixo \u00edndice de estresse para o usu\u00e1rio, mesmo com uso prolongado. Talvez por isso o DOSVOX seja o mais indicado para crian\u00e7as, jovens ou para um usu\u00e1rio que esteja come\u00e7ando a utilizar um computador. Dentro deste sistema voc\u00ea encontrar\u00e1 editor de texto, jogos de car\u00e1ter did\u00e1tico e l\u00fadico, programas para ajudar na educa\u00e7\u00e3o de crian\u00e7as com defici\u00eancia visual, entre outras tantas funcionalidades.<\/p>\n<p><strong>Fa\u00e7a o\u00a0<a href=\"http:\/\/intervox.nce.ufrj.br\/dosvox\/programas\/dv50-setup.exe\">Download do DOSVOX<\/a><\/strong><\/p>\n<p>&nbsp;<\/p>\n<h4>-ORCA<\/h4>\n<p>O diferencial aqui \u00e9 que ele roda em sistema operacional Linux. O Orca al\u00e9m de leitor de tela \u00e9 tamb\u00e9m um ampliador de tela, possibilitando ao deficiente visual a utiliza\u00e7\u00e3o de apenas um programa para tornar o sistema acess\u00edvel. O Orca \u00e9 o recurso nativo em algumas distribui\u00e7\u00f5es Linux.<\/p>\n<p>&nbsp;<\/p>\n<p>&nbsp;<\/p>\n<\/div>\n<\/div><\/div><\/div><\/div><\/div>","protected":false},"excerpt":{"rendered":"<p>Bot\u00e3o de acessibilidade &nbsp; Nos sites UEPG o acesso \u00e0 configura\u00e7\u00e3o de acessibilidade \u00e9\u00a0 realizado pelo o seguinte bot\u00e3o , em geral localizado no canto superior esquerdo do cabe\u00e7alho das p\u00e1ginas: &nbsp; Clicando nesse bot\u00e3o, podemos escolher as seguintes op\u00e7\u00f5es: &nbsp; Aumentar o texto A primeira op\u00e7\u00e3o, \u201cAumentar o texto\u201d, presente no menu de acessibilidade&nbsp;&hellip;<\/p>\n","protected":false},"author":24,"featured_media":0,"parent":0,"menu_order":0,"comment_status":"closed","ping_status":"closed","template":"","meta":[],"_links":{"self":[{"href":"https:\/\/www2.uepg.br\/acessibilidade\/wp-json\/wp\/v2\/pages\/6"}],"collection":[{"href":"https:\/\/www2.uepg.br\/acessibilidade\/wp-json\/wp\/v2\/pages"}],"about":[{"href":"https:\/\/www2.uepg.br\/acessibilidade\/wp-json\/wp\/v2\/types\/page"}],"author":[{"embeddable":true,"href":"https:\/\/www2.uepg.br\/acessibilidade\/wp-json\/wp\/v2\/users\/24"}],"replies":[{"embeddable":true,"href":"https:\/\/www2.uepg.br\/acessibilidade\/wp-json\/wp\/v2\/comments?post=6"}],"version-history":[{"count":30,"href":"https:\/\/www2.uepg.br\/acessibilidade\/wp-json\/wp\/v2\/pages\/6\/revisions"}],"predecessor-version":[{"id":155,"href":"https:\/\/www2.uepg.br\/acessibilidade\/wp-json\/wp\/v2\/pages\/6\/revisions\/155"}],"wp:attachment":[{"href":"https:\/\/www2.uepg.br\/acessibilidade\/wp-json\/wp\/v2\/media?parent=6"}],"curies":[{"name":"wp","href":"https:\/\/api.w.org\/{rel}","templated":true}]}}