{"id":1393,"date":"2023-04-19T16:14:41","date_gmt":"2023-04-19T19:14:41","guid":{"rendered":"https:\/\/www2.uepg.br\/agipi\/?page_id=1393"},"modified":"2024-08-01T09:51:22","modified_gmt":"2024-08-01T12:51:22","slug":"apresentacao","status":"publish","type":"page","link":"https:\/\/www2.uepg.br\/agipi\/apresentacao\/","title":{"rendered":"Apresenta\u00e7\u00e3o"},"content":{"rendered":"<div style=\"text-align: justify;color: #404040\">\n<p>Na condi\u00e7\u00e3o de \u00f3rg\u00e3o suplementar da Reitoria, a Ag\u00eancia de Inova\u00e7\u00e3o e Propriedade Intelectual tem como miss\u00e3o principal a gest\u00e3o das pol\u00edticas institucionais de inova\u00e7\u00e3o tecnol\u00f3gica e propriedade intelectual, bem como promover a articula\u00e7\u00e3o com o setor empresarial no desenvolvimento de produtos, processos e servi\u00e7os inovadores.<\/p>\n<p>A proposta de cria\u00e7\u00e3o da Ag\u00eancia surgiu da participa\u00e7\u00e3o da UEPG de um Edital de Chamada P\u00fablica MCT\/FINEP\/A\u00c7\u00c3O TRANSVERSAL \u2013 TIB\/NIT \u2013 02\/2006 promovido pela Finep, tendo como objeto a implanta\u00e7\u00e3o de N\u00facleos de Inova\u00e7\u00e3o Tecnol\u00f3gica \u2013 NIT\u00b4s em Institui\u00e7\u00f5es de Ci\u00eancia e Tecnologia \u2013 ICT\u00b4s. Este Edital resultou em um conv\u00eanio firmado em 29\/09\/2006, o qual se intitula Rede Paranaense de Gest\u00e3o em Propriedade Intelectual. Fazem parte deste conv\u00eanio: UEPG, UNICENTRO, UFPR, UTFPR, IEP, REPARTE e TECPAR.<\/p>\n<p>A partir de ent\u00e3o, deu-se in\u00edcio aos trabalhos de capacita\u00e7\u00e3o e qualifica\u00e7\u00e3o profissional, aquisi\u00e7\u00e3o de bens, estrutura\u00e7\u00e3o f\u00edsica e consolida\u00e7\u00e3o das minutas de propostas de cria\u00e7\u00e3o e regimenta\u00e7\u00e3o, homologadas pelo Conselho Universit\u00e1rio em 20\/06\/2008.<\/p>\n<p>Em 27 de Julho de 2011, com a resolu\u00e7\u00e3o UNIV n\u00ba 31 foi estabelecido uma estrutura para a AGIPI, a qual passou a ser composta pela diretoria, pelo Escrit\u00f3rio de Propriedade Intelectual e Transfer\u00eancia de Tecnologia (EPITEC), pela Incubadora de Projetos Inovadores e por uma secretaria de apoio administrativo.<\/p>\n<p>No final de 2012 a Ag\u00eancia concorreu na chamada p\u00fablica n\u00ba 12 da Funda\u00e7\u00e3o Arauc\u00e1ria, tendo sido contemplada atrav\u00e9s do ato n\u00ba 18\/2013 da referida entidade com o projeto \u201cFomento \u00e0 celebra\u00e7\u00e3o de contratos de transfer\u00eancia de tecnologia na Universidade Estadual de Ponta Grossa\u201d, em fase de contrata\u00e7\u00e3o. Com este novo aporte de recursos, projetou-se o desenvolvimento de uma pol\u00edtica eficaz de gera\u00e7\u00e3o de conhecimento e riqueza para a comunidade dos Campos Gerais.<\/p>\n<\/div>\n","protected":false},"excerpt":{"rendered":"<p>Na condi\u00e7\u00e3o de \u00f3rg\u00e3o suplementar da Reitoria, a Ag\u00eancia de Inova\u00e7\u00e3o e Propriedade Intelectual tem como miss\u00e3o principal a gest\u00e3o das pol\u00edticas institucionais de inova\u00e7\u00e3o tecnol\u00f3gica e propriedade intelectual, bem como promover a articula\u00e7\u00e3o com o setor empresarial no desenvolvimento de produtos, processos e servi\u00e7os inovadores. A proposta de cria\u00e7\u00e3o da Ag\u00eancia surgiu da participa\u00e7\u00e3o&nbsp;&hellip;<\/p>\n","protected":false},"author":582,"featured_media":2691,"parent":0,"menu_order":0,"comment_status":"closed","ping_status":"closed","template":"","meta":[],"_links":{"self":[{"href":"https:\/\/www2.uepg.br\/agipi\/wp-json\/wp\/v2\/pages\/1393"}],"collection":[{"href":"https:\/\/www2.uepg.br\/agipi\/wp-json\/wp\/v2\/pages"}],"about":[{"href":"https:\/\/www2.uepg.br\/agipi\/wp-json\/wp\/v2\/types\/page"}],"author":[{"embeddable":true,"href":"https:\/\/www2.uepg.br\/agipi\/wp-json\/wp\/v2\/users\/582"}],"replies":[{"embeddable":true,"href":"https:\/\/www2.uepg.br\/agipi\/wp-json\/wp\/v2\/comments?post=1393"}],"version-history":[{"count":7,"href":"https:\/\/www2.uepg.br\/agipi\/wp-json\/wp\/v2\/pages\/1393\/revisions"}],"predecessor-version":[{"id":2183,"href":"https:\/\/www2.uepg.br\/agipi\/wp-json\/wp\/v2\/pages\/1393\/revisions\/2183"}],"wp:featuredmedia":[{"embeddable":true,"href":"https:\/\/www2.uepg.br\/agipi\/wp-json\/wp\/v2\/media\/2691"}],"wp:attachment":[{"href":"https:\/\/www2.uepg.br\/agipi\/wp-json\/wp\/v2\/media?parent=1393"}],"curies":[{"name":"wp","href":"https:\/\/api.w.org\/{rel}","templated":true}]}}