{"id":1397,"date":"2023-04-19T16:14:41","date_gmt":"2023-04-19T19:14:41","guid":{"rendered":"https:\/\/www2.uepg.br\/agipi\/?page_id=1397"},"modified":"2023-09-27T11:47:26","modified_gmt":"2023-09-27T14:47:26","slug":"apresentacao-incubadora","status":"publish","type":"page","link":"https:\/\/www2.uepg.br\/agipi\/apresentacao-incubadora\/","title":{"rendered":"Apresenta\u00e7\u00e3o"},"content":{"rendered":"<div style=\"text-align: justify;color: #404040\">\n<p>A Incubadora de Projetos Tecnol\u00f3gicos &#8211; INPROTEC\/UEPG est\u00e1 estabelecida pela delibera\u00e7\u00e3o da Resolu\u00e7\u00e3o CA N\u00b0 315 de Junho de 2013, que aprova o regulamento das atividades referentes \u00e0 incuba\u00e7\u00e3o de projetos inovadores na modalidade residente e n\u00e3o residente na Universidade Estadual de Ponta Grossa. A INPROTEC est\u00e1 dentro da Ag\u00eancia de Inova\u00e7\u00e3o e Propriedade Intelectual (AGIPI), atuando, portanto, em conson\u00e2ncia com a gest\u00e3o da Ag\u00eancia.<\/p>\n<p>Uma incubadora \u00e9 uma organiza\u00e7\u00e3o ou estrutura que objetiva estimular ou prestar apoio log\u00edstico, gerencial e tecnol\u00f3gico ao empreendedorismo inovador e intensivo em conhecimento, com o objetivo de facilitar a cria\u00e7\u00e3o e o desenvolvimento de empresas que tenham como diferencial a realiza\u00e7\u00e3o de atividades voltadas \u00e0 inova\u00e7\u00e3o.<\/p>\n<p>Soma-se a isso, a busca pela cria\u00e7\u00e3o de um ambiente para a prospec\u00e7\u00e3o e desenvolvimento de neg\u00f3cios advindos tanto do ambiente da pesquisa e tecnologia da universidade, quanto do p\u00fablico externo, para a efetiva\u00e7\u00e3o do Ecossistema de Inova\u00e7\u00e3o.<\/p>\n<p>&nbsp;<\/p>\n<p><img loading=\"lazy\" class=\"aligncenter wp-image-1721\" src=\"https:\/\/www2.uepg.br\/agipi\/wp-content\/uploads\/sites\/17\/2023\/04\/inorftive-1024x683.jpg\" alt=\"\" width=\"1920\" height=\"1280\" data-wp-editing=\"1\" srcset=\"https:\/\/www2.uepg.br\/agipi\/wp-content\/uploads\/sites\/17\/2023\/04\/inorftive-1024x683.jpg 1024w, https:\/\/www2.uepg.br\/agipi\/wp-content\/uploads\/sites\/17\/2023\/04\/inorftive-300x200.jpg 300w, https:\/\/www2.uepg.br\/agipi\/wp-content\/uploads\/sites\/17\/2023\/04\/inorftive-768x512.jpg 768w, https:\/\/www2.uepg.br\/agipi\/wp-content\/uploads\/sites\/17\/2023\/04\/inorftive-1536x1024.jpg 1536w, https:\/\/www2.uepg.br\/agipi\/wp-content\/uploads\/sites\/17\/2023\/04\/inorftive-1232x821.jpg 1232w, https:\/\/www2.uepg.br\/agipi\/wp-content\/uploads\/sites\/17\/2023\/04\/inorftive-272x182.jpg 272w, https:\/\/www2.uepg.br\/agipi\/wp-content\/uploads\/sites\/17\/2023\/04\/inorftive.jpg 1620w\" sizes=\"(max-width: 1920px) 100vw, 1920px\" \/><\/p>\n<\/div>\n","protected":false},"excerpt":{"rendered":"<p>A Incubadora de Projetos Tecnol\u00f3gicos &#8211; INPROTEC\/UEPG est\u00e1 estabelecida pela delibera\u00e7\u00e3o da Resolu\u00e7\u00e3o CA N\u00b0 315 de Junho de 2013, que aprova o regulamento das atividades referentes \u00e0 incuba\u00e7\u00e3o de projetos inovadores na modalidade residente e n\u00e3o residente na Universidade Estadual de Ponta Grossa. A INPROTEC est\u00e1 dentro da Ag\u00eancia de Inova\u00e7\u00e3o e Propriedade Intelectual&nbsp;&hellip;<\/p>\n","protected":false},"author":582,"featured_media":2201,"parent":0,"menu_order":0,"comment_status":"closed","ping_status":"closed","template":"","meta":[],"_links":{"self":[{"href":"https:\/\/www2.uepg.br\/agipi\/wp-json\/wp\/v2\/pages\/1397"}],"collection":[{"href":"https:\/\/www2.uepg.br\/agipi\/wp-json\/wp\/v2\/pages"}],"about":[{"href":"https:\/\/www2.uepg.br\/agipi\/wp-json\/wp\/v2\/types\/page"}],"author":[{"embeddable":true,"href":"https:\/\/www2.uepg.br\/agipi\/wp-json\/wp\/v2\/users\/582"}],"replies":[{"embeddable":true,"href":"https:\/\/www2.uepg.br\/agipi\/wp-json\/wp\/v2\/comments?post=1397"}],"version-history":[{"count":10,"href":"https:\/\/www2.uepg.br\/agipi\/wp-json\/wp\/v2\/pages\/1397\/revisions"}],"predecessor-version":[{"id":2123,"href":"https:\/\/www2.uepg.br\/agipi\/wp-json\/wp\/v2\/pages\/1397\/revisions\/2123"}],"wp:featuredmedia":[{"embeddable":true,"href":"https:\/\/www2.uepg.br\/agipi\/wp-json\/wp\/v2\/media\/2201"}],"wp:attachment":[{"href":"https:\/\/www2.uepg.br\/agipi\/wp-json\/wp\/v2\/media?parent=1397"}],"curies":[{"name":"wp","href":"https:\/\/api.w.org\/{rel}","templated":true}]}}