{"id":1398,"date":"2023-04-19T16:14:41","date_gmt":"2023-04-19T19:14:41","guid":{"rendered":"https:\/\/www2.uepg.br\/agipi\/?page_id=1398"},"modified":"2023-09-25T16:27:21","modified_gmt":"2023-09-25T19:27:21","slug":"missao-visao-e-valores","status":"publish","type":"page","link":"https:\/\/www2.uepg.br\/agipi\/missao-visao-e-valores\/","title":{"rendered":"Miss\u00e3o, vis\u00e3o e valores"},"content":{"rendered":"<div style=\"text-align: justify;color: #404040\">\n<h1 style=\"text-align: center\">Miss\u00e3o<\/h1>\n<p style=\"text-align: center\">Oportunizar a incuba\u00e7\u00e3o de projetos inovadores e tecnol\u00f3gicos, junto \u00e0 UEPG.<\/p>\n<\/div>\n<p>&nbsp;<\/p>\n<p>&nbsp;<\/p>\n<div style=\"text-align: justify;color: #404040\">\n<h1 style=\"text-align: center\">Vis\u00e3o<\/h1>\n<p style=\"text-align: center\">Ser refer\u00eancia nos Campos Gerais, contribuindo para o pleno desenvolvimento do Ecossistema de Inova\u00e7\u00e3o do Paran\u00e1.<\/p>\n<\/div>\n<p>&nbsp;<\/p>\n<p>&nbsp;<\/p>\n<div style=\"text-align: justify;color: #404040\">\n<h1 style=\"text-align: center\">Valores<\/h1>\n<\/div>\n<p>&nbsp;<\/p>\n<p>&nbsp;<\/p>\n<div style=\"text-align: justify;color: #404040\">\n<h3 style=\"text-align: center\">Coopera\u00e7\u00e3o<\/h3>\n<p style=\"text-align: center\">Para o desenvolvimento de um novo empreendimento, e para a consolida\u00e7\u00e3o de um ecossistema de inova\u00e7\u00e3o, \u00e9 fundamental a coopera\u00e7\u00e3o entre diferentes institui\u00e7\u00f5es e empresas;<\/p>\n<p>&nbsp;<\/p>\n<h3 style=\"text-align: center\">Inova\u00e7\u00e3o<\/h3>\n<p style=\"text-align: center\">Investimos continuamente na busca por treinamento e forma\u00e7\u00e3o da equipe, estando sempre em di\u00e1logo com os projetos inovadores;<\/p>\n<p>&nbsp;<\/p>\n<h3 style=\"text-align: center\">Qualidade<\/h3>\n<p style=\"text-align: center\">Buscamos qualidade cont\u00ednua no atendimento \u00e0s incubadas, disponibilizando mentorias e treinamentos.<\/p>\n<p>&nbsp;<\/p>\n<\/div>\n","protected":false},"excerpt":{"rendered":"<p>Miss\u00e3o Oportunizar a incuba\u00e7\u00e3o de projetos inovadores e tecnol\u00f3gicos, junto \u00e0 UEPG. &nbsp; &nbsp; Vis\u00e3o Ser refer\u00eancia nos Campos Gerais, contribuindo para o pleno desenvolvimento do Ecossistema de Inova\u00e7\u00e3o do Paran\u00e1. &nbsp; &nbsp; Valores &nbsp; &nbsp; Coopera\u00e7\u00e3o Para o desenvolvimento de um novo empreendimento, e para a consolida\u00e7\u00e3o de um ecossistema de inova\u00e7\u00e3o, \u00e9 fundamental&nbsp;&hellip;<\/p>\n","protected":false},"author":582,"featured_media":1746,"parent":0,"menu_order":0,"comment_status":"closed","ping_status":"closed","template":"","meta":[],"_links":{"self":[{"href":"https:\/\/www2.uepg.br\/agipi\/wp-json\/wp\/v2\/pages\/1398"}],"collection":[{"href":"https:\/\/www2.uepg.br\/agipi\/wp-json\/wp\/v2\/pages"}],"about":[{"href":"https:\/\/www2.uepg.br\/agipi\/wp-json\/wp\/v2\/types\/page"}],"author":[{"embeddable":true,"href":"https:\/\/www2.uepg.br\/agipi\/wp-json\/wp\/v2\/users\/582"}],"replies":[{"embeddable":true,"href":"https:\/\/www2.uepg.br\/agipi\/wp-json\/wp\/v2\/comments?post=1398"}],"version-history":[{"count":31,"href":"https:\/\/www2.uepg.br\/agipi\/wp-json\/wp\/v2\/pages\/1398\/revisions"}],"predecessor-version":[{"id":2160,"href":"https:\/\/www2.uepg.br\/agipi\/wp-json\/wp\/v2\/pages\/1398\/revisions\/2160"}],"wp:featuredmedia":[{"embeddable":true,"href":"https:\/\/www2.uepg.br\/agipi\/wp-json\/wp\/v2\/media\/1746"}],"wp:attachment":[{"href":"https:\/\/www2.uepg.br\/agipi\/wp-json\/wp\/v2\/media?parent=1398"}],"curies":[{"name":"wp","href":"https:\/\/api.w.org\/{rel}","templated":true}]}}