{"id":1399,"date":"2023-04-19T16:14:41","date_gmt":"2023-04-19T19:14:41","guid":{"rendered":"https:\/\/www2.uepg.br\/agipi\/?page_id=1399"},"modified":"2024-06-11T11:33:23","modified_gmt":"2024-06-11T14:33:23","slug":"modalidades-de-incubacao","status":"publish","type":"page","link":"https:\/\/www2.uepg.br\/agipi\/modalidades-de-incubacao\/","title":{"rendered":"Modalidades de incuba\u00e7\u00e3o"},"content":{"rendered":"<div style=\"text-align: justify;color: #404040\">\n<p>A INPROTEC oferece tr\u00eas modalidades de incuba\u00e7\u00e3o:<\/p>\n<p>a) INCUBA\u00c7\u00c3O RESIDENTE: \u00e9 aquela onde o empreendimento incubado se instala fisicamente em um espa\u00e7o privativo cedido pela incubadora, utilizando-o como ambiente regular de trabalho;<\/p>\n<p>b) INCUBA\u00c7\u00c3O N\u00c3O RESIDENTE: \u00e9 aquela onde o empreendimento incubado se instala fisicamente em um espa\u00e7o fora das depend\u00eancias da incubadora, podendo, entretanto, utilizar os espa\u00e7os compartilhados quando necess\u00e1rios e mediante disponibilidade. Mesmo fora do espa\u00e7o f\u00edsico da incubadora, a empresa incubada n\u00e3o residente tem acesso a todos os demais benef\u00edcios oferecidos pelo programa, assim como possui direitos e deveres compat\u00edveis com a modalidade de incuba\u00e7\u00e3o em quest\u00e3o;<\/p>\n<p>&nbsp;<\/p>\n<p>&nbsp;<\/p>\n<p><img loading=\"lazy\" class=\"wp-image-2102 aligncenter\" src=\"https:\/\/www2.uepg.br\/agipi\/wp-content\/uploads\/sites\/17\/2023\/09\/startup-2.png\" alt=\"startup\" width=\"720\" height=\"432\" \/><\/p>\n<p>&nbsp;<\/p>\n<\/div>\n","protected":false},"excerpt":{"rendered":"<p>A INPROTEC oferece tr\u00eas modalidades de incuba\u00e7\u00e3o: a) INCUBA\u00c7\u00c3O RESIDENTE: \u00e9 aquela onde o empreendimento incubado se instala fisicamente em um espa\u00e7o privativo cedido pela incubadora, utilizando-o como ambiente regular de trabalho; b) INCUBA\u00c7\u00c3O N\u00c3O RESIDENTE: \u00e9 aquela onde o empreendimento incubado se instala fisicamente em um espa\u00e7o fora das depend\u00eancias da incubadora, podendo, entretanto,&nbsp;&hellip;<\/p>\n","protected":false},"author":582,"featured_media":1746,"parent":0,"menu_order":0,"comment_status":"closed","ping_status":"closed","template":"","meta":[],"_links":{"self":[{"href":"https:\/\/www2.uepg.br\/agipi\/wp-json\/wp\/v2\/pages\/1399"}],"collection":[{"href":"https:\/\/www2.uepg.br\/agipi\/wp-json\/wp\/v2\/pages"}],"about":[{"href":"https:\/\/www2.uepg.br\/agipi\/wp-json\/wp\/v2\/types\/page"}],"author":[{"embeddable":true,"href":"https:\/\/www2.uepg.br\/agipi\/wp-json\/wp\/v2\/users\/582"}],"replies":[{"embeddable":true,"href":"https:\/\/www2.uepg.br\/agipi\/wp-json\/wp\/v2\/comments?post=1399"}],"version-history":[{"count":8,"href":"https:\/\/www2.uepg.br\/agipi\/wp-json\/wp\/v2\/pages\/1399\/revisions"}],"predecessor-version":[{"id":2670,"href":"https:\/\/www2.uepg.br\/agipi\/wp-json\/wp\/v2\/pages\/1399\/revisions\/2670"}],"wp:featuredmedia":[{"embeddable":true,"href":"https:\/\/www2.uepg.br\/agipi\/wp-json\/wp\/v2\/media\/1746"}],"wp:attachment":[{"href":"https:\/\/www2.uepg.br\/agipi\/wp-json\/wp\/v2\/media?parent=1399"}],"curies":[{"name":"wp","href":"https:\/\/api.w.org\/{rel}","templated":true}]}}