{"id":1400,"date":"2023-04-19T16:14:41","date_gmt":"2023-04-19T19:14:41","guid":{"rendered":"https:\/\/www2.uepg.br\/agipi\/?page_id=1400"},"modified":"2024-06-10T21:22:14","modified_gmt":"2024-06-11T00:22:14","slug":"como-incubar","status":"publish","type":"page","link":"https:\/\/www2.uepg.br\/agipi\/como-incubar\/","title":{"rendered":"Como incubar"},"content":{"rendered":"<div style=\"text-align: justify;color: #404040\">\n<p>O ingresso de empreendimentos na Incubadora de Projetos Tecnol\u00f3gicos &#8211; INPROTEC ocorre por meio de Processo de Sele\u00e7\u00e3o de Empreendimentos, cujas regras s\u00e3o apresentadas em Edital de Fluxo Cont\u00ednuo.<\/p>\n<p>&nbsp;<\/p>\n<p><a href=\"https:\/\/drive.google.com\/file\/d\/1jLu9ig_dD89acwuebTvSj2OFNa6aZygI\/view?usp=sharing\" target=\"_blank\" rel=\"noopener\">EDITAL DE FLUXO CONT\u00cdNUO<\/a><\/p>\n<\/div>\n<h4><\/h4>\n<p>&nbsp;<\/p>\n<div style=\"text-align: justify;color: #404040\">\n<h4>Atendimento a Potenciais Empreendedores<\/h4>\n<p>A Incubadora de Projetos Tecnol\u00f3gicos &#8211; INPROTEC\/UEPG oferece atendimento todas as ter\u00e7as e quintas-feiras, das 14 \u00e0s 17 horas, mediante\u00a0 agendamento pr\u00e9vio no calend\u00e1rio abaixo. O objetivo dos atendimentos \u00e9 proporcionar suporte aos futuros empreendedores, orientar e esclarecer d\u00favidas sobre o processo de incuba\u00e7\u00e3o, al\u00e9m de direcion\u00e1-los sobre os passos seguintes para participar do processo de sele\u00e7\u00e3o na INPROTEC.<\/p>\n<\/div>\n<p>&nbsp;<\/p>\n<p>&nbsp;<\/p>\n<div class=\"calendly-inline-widget\" style=\"min-width: 400px;height: 720px\" data-url=\"https:\/\/calendly.com\/inprotec\/atendimento-a-potenciais-empreendedores?month=2023-03\">\n<div id=\"attachment_2405\" style=\"width: 1546px\" class=\"wp-caption alignnone\"><img aria-describedby=\"caption-attachment-2405\" loading=\"lazy\" class=\"wp-image-2405 size-full\" src=\"https:\/\/www2.uepg.br\/agipi\/wp-content\/uploads\/sites\/17\/2024\/04\/Evento-Criatividade-Agipi-Tierri-Angeluci-10-1536x1024-1.jpg\" alt=\"\" width=\"1536\" height=\"1024\" \/><p id=\"caption-attachment-2405\" class=\"wp-caption-text\">\u00a0(Foto: Tierri Angelucii)<\/p><\/div>\n<\/div>\n","protected":false},"excerpt":{"rendered":"<p>O ingresso de empreendimentos na Incubadora de Projetos Tecnol\u00f3gicos &#8211; INPROTEC ocorre por meio de Processo de Sele\u00e7\u00e3o de Empreendimentos, cujas regras s\u00e3o apresentadas em Edital de Fluxo Cont\u00ednuo. &nbsp; EDITAL DE FLUXO CONT\u00cdNUO &nbsp; Atendimento a Potenciais Empreendedores A Incubadora de Projetos Tecnol\u00f3gicos &#8211; INPROTEC\/UEPG oferece atendimento todas as ter\u00e7as e quintas-feiras, das 14&nbsp;&hellip;<\/p>\n","protected":false},"author":582,"featured_media":1746,"parent":0,"menu_order":0,"comment_status":"closed","ping_status":"closed","template":"","meta":[],"_links":{"self":[{"href":"https:\/\/www2.uepg.br\/agipi\/wp-json\/wp\/v2\/pages\/1400"}],"collection":[{"href":"https:\/\/www2.uepg.br\/agipi\/wp-json\/wp\/v2\/pages"}],"about":[{"href":"https:\/\/www2.uepg.br\/agipi\/wp-json\/wp\/v2\/types\/page"}],"author":[{"embeddable":true,"href":"https:\/\/www2.uepg.br\/agipi\/wp-json\/wp\/v2\/users\/582"}],"replies":[{"embeddable":true,"href":"https:\/\/www2.uepg.br\/agipi\/wp-json\/wp\/v2\/comments?post=1400"}],"version-history":[{"count":33,"href":"https:\/\/www2.uepg.br\/agipi\/wp-json\/wp\/v2\/pages\/1400\/revisions"}],"predecessor-version":[{"id":2662,"href":"https:\/\/www2.uepg.br\/agipi\/wp-json\/wp\/v2\/pages\/1400\/revisions\/2662"}],"wp:featuredmedia":[{"embeddable":true,"href":"https:\/\/www2.uepg.br\/agipi\/wp-json\/wp\/v2\/media\/1746"}],"wp:attachment":[{"href":"https:\/\/www2.uepg.br\/agipi\/wp-json\/wp\/v2\/media?parent=1400"}],"curies":[{"name":"wp","href":"https:\/\/api.w.org\/{rel}","templated":true}]}}