{"id":1401,"date":"2023-04-19T16:14:41","date_gmt":"2023-04-19T19:14:41","guid":{"rendered":"https:\/\/www2.uepg.br\/agipi\/?page_id=1401"},"modified":"2023-09-26T09:20:58","modified_gmt":"2023-09-26T12:20:58","slug":"servicos","status":"publish","type":"page","link":"https:\/\/www2.uepg.br\/agipi\/servicos\/","title":{"rendered":"Servi\u00e7os prestados"},"content":{"rendered":"<div style=\"text-align: justify;color: #404040\">\n<p>Os principais servi\u00e7os e benef\u00edcios oferecidos pela INPROTEC s\u00e3o:<\/p>\n<ul>\n<li>Cess\u00e3o de espa\u00e7o f\u00edsico com energia el\u00e9trica e ponto de telefone (apenas para a modalidade de incuba\u00e7\u00e3o residente);<\/li>\n<li>Disponibiliza\u00e7\u00e3o de infraestrutura para uso compartilhado, composto de: recep\u00e7\u00e3o, secretaria com telefone, acesso \u00e0 internet, seguran\u00e7a e limpeza de \u00e1reas comuns, sanit\u00e1rios, copa e salas de reuni\u00f5es;<\/li>\n<li>Interfaceamento com as entidades de ensino e pesquisa, principalmente as institui\u00e7\u00f5es que constitu\u00edram a INPROTEC, para acesso \u00e0s informa\u00e7\u00f5es cient\u00edficas e tecnol\u00f3gicas e servi\u00e7os tecnol\u00f3gicos;<\/li>\n<li>Orienta\u00e7\u00e3o na elabora\u00e7\u00e3o do planejamento da empresa;<\/li>\n<li>Acompanhamento peri\u00f3dico da evolu\u00e7\u00e3o da empresa nos 5 (cinco) eixos estruturais do neg\u00f3cio (empreendedor, tecnologia, capital, mercado e gest\u00e3o);<\/li>\n<li>Oferta de capacita\u00e7\u00e3o, assessoria e consultoria em temas relacionados aos 5 (cinco) eixos estruturais do neg\u00f3cio (empreendedor, tecnologia, capital, mercado e gest\u00e3o), diretamente ou por sua rede de parceiros, na medida de sua disponibilidade;<\/li>\n<li>Apoio na identifica\u00e7\u00e3o de pesquisadores e tecnologistas que possam colaborar no aprimoramento tecnol\u00f3gico de seus produtos\/servi\u00e7os;<\/li>\n<li>Oferecimento, sempre que poss\u00edvel, de consultoria na elabora\u00e7\u00e3o de projetos para capacita\u00e7\u00e3o de recursos junto \u00e0s ag\u00eancias de fomento e investidores em geral.<\/li>\n<\/ul>\n<\/div>\n<p>&nbsp;<\/p>\n<p>&nbsp;<\/p>\n<div style=\"text-align: justify;color: #404040\">\n<p><img loading=\"lazy\" class=\"alignnone wp-image-1783 size-materialis-full-hd\" src=\"https:\/\/www2.uepg.br\/agipi\/wp-content\/uploads\/sites\/17\/2023\/05\/servicos_prestados_inprotec-1920x1080.png\" alt=\"\" width=\"1920\" height=\"1080\" srcset=\"https:\/\/www2.uepg.br\/agipi\/wp-content\/uploads\/sites\/17\/2023\/05\/servicos_prestados_inprotec-1920x1080.png 1920w, https:\/\/www2.uepg.br\/agipi\/wp-content\/uploads\/sites\/17\/2023\/05\/servicos_prestados_inprotec-300x169.png 300w, https:\/\/www2.uepg.br\/agipi\/wp-content\/uploads\/sites\/17\/2023\/05\/servicos_prestados_inprotec-1024x576.png 1024w, https:\/\/www2.uepg.br\/agipi\/wp-content\/uploads\/sites\/17\/2023\/05\/servicos_prestados_inprotec-768x432.png 768w, https:\/\/www2.uepg.br\/agipi\/wp-content\/uploads\/sites\/17\/2023\/05\/servicos_prestados_inprotec-1536x864.png 1536w, https:\/\/www2.uepg.br\/agipi\/wp-content\/uploads\/sites\/17\/2023\/05\/servicos_prestados_inprotec-2048x1152.png 2048w, https:\/\/www2.uepg.br\/agipi\/wp-content\/uploads\/sites\/17\/2023\/05\/servicos_prestados_inprotec-1232x693.png 1232w\" sizes=\"(max-width: 1920px) 100vw, 1920px\" \/><\/p>\n<\/div>\n","protected":false},"excerpt":{"rendered":"<p>Os principais servi\u00e7os e benef\u00edcios oferecidos pela INPROTEC s\u00e3o: Cess\u00e3o de espa\u00e7o f\u00edsico com energia el\u00e9trica e ponto de telefone (apenas para a modalidade de incuba\u00e7\u00e3o residente); Disponibiliza\u00e7\u00e3o de infraestrutura para uso compartilhado, composto de: recep\u00e7\u00e3o, secretaria com telefone, acesso \u00e0 internet, seguran\u00e7a e limpeza de \u00e1reas comuns, sanit\u00e1rios, copa e salas de reuni\u00f5es; Interfaceamento&nbsp;&hellip;<\/p>\n","protected":false},"author":582,"featured_media":1746,"parent":0,"menu_order":0,"comment_status":"closed","ping_status":"closed","template":"","meta":[],"_links":{"self":[{"href":"https:\/\/www2.uepg.br\/agipi\/wp-json\/wp\/v2\/pages\/1401"}],"collection":[{"href":"https:\/\/www2.uepg.br\/agipi\/wp-json\/wp\/v2\/pages"}],"about":[{"href":"https:\/\/www2.uepg.br\/agipi\/wp-json\/wp\/v2\/types\/page"}],"author":[{"embeddable":true,"href":"https:\/\/www2.uepg.br\/agipi\/wp-json\/wp\/v2\/users\/582"}],"replies":[{"embeddable":true,"href":"https:\/\/www2.uepg.br\/agipi\/wp-json\/wp\/v2\/comments?post=1401"}],"version-history":[{"count":10,"href":"https:\/\/www2.uepg.br\/agipi\/wp-json\/wp\/v2\/pages\/1401\/revisions"}],"predecessor-version":[{"id":2184,"href":"https:\/\/www2.uepg.br\/agipi\/wp-json\/wp\/v2\/pages\/1401\/revisions\/2184"}],"wp:featuredmedia":[{"embeddable":true,"href":"https:\/\/www2.uepg.br\/agipi\/wp-json\/wp\/v2\/media\/1746"}],"wp:attachment":[{"href":"https:\/\/www2.uepg.br\/agipi\/wp-json\/wp\/v2\/media?parent=1401"}],"curies":[{"name":"wp","href":"https:\/\/api.w.org\/{rel}","templated":true}]}}