{"id":1424,"date":"2023-04-19T16:25:41","date_gmt":"2023-04-19T19:25:41","guid":{"rendered":"https:\/\/www2.uepg.br\/agipi\/?page_id=1424"},"modified":"2024-10-30T14:39:59","modified_gmt":"2024-10-30T17:39:59","slug":"materiais-sobre-incubadora","status":"publish","type":"page","link":"https:\/\/www2.uepg.br\/agipi\/materiais-sobre-incubadora\/","title":{"rendered":"Materiais sobre incubadora"},"content":{"rendered":"<div style=\"text-align: justify;color: #404040\">\n<ul>\n<li><a href=\"https:\/\/drive.google.com\/file\/d\/13wQ3o5Viu5-crCYAW4XVs_MlTQnmquSA\/view?usp=sharing\">Como funciona a incuba\u00e7\u00e3o?<\/a><\/li>\n<li><a href=\"https:\/\/www2.uepg.br\/agipi\/wp-content\/uploads\/sites\/17\/2023\/05\/Canvas_inprotec.pdf\" target=\"_blank\" rel=\"noopener\">Canvas da Incubadora<\/a><\/li>\n<li><a href=\"https:\/\/forms.gle\/RA2vGgPwSNTRs8NY9\">Avalia\u00e7\u00e3o de atendimento dos servi\u00e7os prestados pela incubadora<\/a><\/li>\n<\/ul>\n<\/div>\n","protected":false},"excerpt":{"rendered":"<p>Como funciona a incuba\u00e7\u00e3o? Canvas da Incubadora Avalia\u00e7\u00e3o de atendimento dos servi\u00e7os prestados pela incubadora<\/p>\n","protected":false},"author":582,"featured_media":1746,"parent":0,"menu_order":0,"comment_status":"closed","ping_status":"closed","template":"","meta":[],"_links":{"self":[{"href":"https:\/\/www2.uepg.br\/agipi\/wp-json\/wp\/v2\/pages\/1424"}],"collection":[{"href":"https:\/\/www2.uepg.br\/agipi\/wp-json\/wp\/v2\/pages"}],"about":[{"href":"https:\/\/www2.uepg.br\/agipi\/wp-json\/wp\/v2\/types\/page"}],"author":[{"embeddable":true,"href":"https:\/\/www2.uepg.br\/agipi\/wp-json\/wp\/v2\/users\/582"}],"replies":[{"embeddable":true,"href":"https:\/\/www2.uepg.br\/agipi\/wp-json\/wp\/v2\/comments?post=1424"}],"version-history":[{"count":11,"href":"https:\/\/www2.uepg.br\/agipi\/wp-json\/wp\/v2\/pages\/1424\/revisions"}],"predecessor-version":[{"id":3028,"href":"https:\/\/www2.uepg.br\/agipi\/wp-json\/wp\/v2\/pages\/1424\/revisions\/3028"}],"wp:featuredmedia":[{"embeddable":true,"href":"https:\/\/www2.uepg.br\/agipi\/wp-json\/wp\/v2\/media\/1746"}],"wp:attachment":[{"href":"https:\/\/www2.uepg.br\/agipi\/wp-json\/wp\/v2\/media?parent=1424"}],"curies":[{"name":"wp","href":"https:\/\/api.w.org\/{rel}","templated":true}]}}