{"id":1425,"date":"2023-04-19T16:25:41","date_gmt":"2023-04-19T19:25:41","guid":{"rendered":"https:\/\/www2.uepg.br\/agipi\/?page_id=1425"},"modified":"2024-05-27T12:52:03","modified_gmt":"2024-05-27T15:52:03","slug":"apresentacao-propriedade-intelectual","status":"publish","type":"page","link":"https:\/\/www2.uepg.br\/agipi\/apresentacao-propriedade-intelectual\/","title":{"rendered":"Apresenta\u00e7\u00e3o"},"content":{"rendered":"<div style=\"text-align: justify;color: #404040\">\n<p>O Escrit\u00f3rio de Propriedade Intelectual e Transfer\u00eancia de Tecnologia (EPITEC) possui como atribui\u00e7\u00e3o institucional a gest\u00e3o dos processos de prote\u00e7\u00e3o de direitos de propriedade intelectual. As compet\u00eancias do EPITEC est\u00e3o dispostas no artigo 9\u00ba da Resolu\u00e7\u00e3o UNIV n\u00ba 31 de 27 de Julho de 2011 que regulamenta a Ag\u00eancia de Inova\u00e7\u00e3o e Propriedade Intelectual (AGIPI).<\/p>\n<p>O EPITEC tamb\u00e9m tem o objetivo de promover palestras, cursos, semin\u00e1rios e workshops (oficinas) sobre a import\u00e2ncia da propriedade intelectual e seus conceitos, orientando os interessados na elabora\u00e7\u00e3o de documentos de patente, na solicita\u00e7\u00e3o de registro de marcas, de desenho industrial e de programas de computador (softwares), bem como a realiza\u00e7\u00e3o do acompanhamento dos tr\u00e2mites dos pedidos de prote\u00e7\u00e3o intelectual e as correspondentes solicita\u00e7\u00f5es feitas pelo Instituto Nacional de Propriedade Intelectual (INPI).<\/p>\n<p>A equipe do EPITEC \u00e9 respons\u00e1vel por assessorar pesquisadores na elabora\u00e7\u00e3o dos documentos relativos aos processos de solicita\u00e7\u00e3o de prote\u00e7\u00e3o intelectual, tanto no \u00e2mbito administrativo interno da UEPG como junto ao INPI. Entre as atribui\u00e7\u00f5es do escrit\u00f3rio tamb\u00e9m encontra-se o mapeamento das principais linhas de pesquisa da UEPG com potencial de transfer\u00eancia de tecnologia, elabora\u00e7\u00e3o de parecer quanto \u00e0 prospec\u00e7\u00e3o e valora\u00e7\u00e3o tecnol\u00f3gica, busca de anterioridades e elabora\u00e7\u00e3o de parecer quanto a quest\u00f5es jur\u00eddicas relacionadas \u00e0 PD &amp; I.<\/p>\n<p>&nbsp;<\/p>\n<h1 style=\"text-align: center\">Miss\u00e3o<\/h1>\n<p style=\"text-align: center\">Proporcionar aos professores, pesquisadores e a quem interessar, o avan\u00e7o e ou incremento nos pedidos de dep\u00f3sito de patente, registro de software e transfer\u00eancia de tecnologia, de maneira t\u00e9cnica, segura e colaborativa atrav\u00e9s do apoio de a\u00e7\u00f5es estrat\u00e9gicas para tomadas de decis\u00f5es.<\/p>\n<p>&nbsp;<\/p>\n<h1 style=\"text-align: center\">Vis\u00e3o<\/h1>\n<p style=\"text-align: center\">Ser um escrit\u00f3rio de refer\u00eancia especializado em, propriedade intelectual e transfer\u00eancia de tecnologia, em \u00e2mbito regional, atuando de maneira eficiente, t\u00e9cnica e \u00e1gil, prestando servi\u00e7os que superem as expectativas dos nossos clientes.<\/p>\n<p>&nbsp;<\/p>\n<h1 style=\"text-align: center\">Valores<\/h1>\n<p style=\"text-align: center\">Comprometimento, honestidade e \u00e9tica s\u00e3o os pilares da nossa conex\u00e3o com nossos clientes, parceiros e colaboradores.<\/p>\n<\/div>\n","protected":false},"excerpt":{"rendered":"<p>O Escrit\u00f3rio de Propriedade Intelectual e Transfer\u00eancia de Tecnologia (EPITEC) possui como atribui\u00e7\u00e3o institucional a gest\u00e3o dos processos de prote\u00e7\u00e3o de direitos de propriedade intelectual. As compet\u00eancias do EPITEC est\u00e3o dispostas no artigo 9\u00ba da Resolu\u00e7\u00e3o UNIV n\u00ba 31 de 27 de Julho de 2011 que regulamenta a Ag\u00eancia de Inova\u00e7\u00e3o e Propriedade Intelectual (AGIPI).&nbsp;&hellip;<\/p>\n","protected":false},"author":582,"featured_media":2542,"parent":0,"menu_order":0,"comment_status":"closed","ping_status":"closed","template":"","meta":[],"_links":{"self":[{"href":"https:\/\/www2.uepg.br\/agipi\/wp-json\/wp\/v2\/pages\/1425"}],"collection":[{"href":"https:\/\/www2.uepg.br\/agipi\/wp-json\/wp\/v2\/pages"}],"about":[{"href":"https:\/\/www2.uepg.br\/agipi\/wp-json\/wp\/v2\/types\/page"}],"author":[{"embeddable":true,"href":"https:\/\/www2.uepg.br\/agipi\/wp-json\/wp\/v2\/users\/582"}],"replies":[{"embeddable":true,"href":"https:\/\/www2.uepg.br\/agipi\/wp-json\/wp\/v2\/comments?post=1425"}],"version-history":[{"count":7,"href":"https:\/\/www2.uepg.br\/agipi\/wp-json\/wp\/v2\/pages\/1425\/revisions"}],"predecessor-version":[{"id":2170,"href":"https:\/\/www2.uepg.br\/agipi\/wp-json\/wp\/v2\/pages\/1425\/revisions\/2170"}],"wp:featuredmedia":[{"embeddable":true,"href":"https:\/\/www2.uepg.br\/agipi\/wp-json\/wp\/v2\/media\/2542"}],"wp:attachment":[{"href":"https:\/\/www2.uepg.br\/agipi\/wp-json\/wp\/v2\/media?parent=1425"}],"curies":[{"name":"wp","href":"https:\/\/api.w.org\/{rel}","templated":true}]}}