{"id":1426,"date":"2023-04-19T16:25:41","date_gmt":"2023-04-19T19:25:41","guid":{"rendered":"https:\/\/www2.uepg.br\/agipi\/?page_id=1426"},"modified":"2024-05-27T12:52:59","modified_gmt":"2024-05-27T15:52:59","slug":"servicos-prestados","status":"publish","type":"page","link":"https:\/\/www2.uepg.br\/agipi\/servicos-prestados\/","title":{"rendered":"Servi\u00e7os prestados"},"content":{"rendered":"<ul>\n<li style=\"text-align: justify;color: #404040\">Atendimento e assessoria aos interessados acerca dos processos de patentes, registros de marcas e softwares;<\/li>\n<li style=\"text-align: justify;color: #404040\">Dep\u00f3sitos de pedidos de patentes, registros de marcas e softwares;<\/li>\n<li style=\"text-align: justify;color: #404040\">Gest\u00e3o dos processos de pedidos de patentes junto ao (INPI);<\/li>\n<li style=\"text-align: justify;color: #404040\">Acompanhamento e elabora\u00e7\u00e3o de minutas de Acordos de Coopera\u00e7\u00e3o T\u00e9cnico-Cient\u00edfica, Termos e Aditivos;<\/li>\n<li style=\"text-align: justify;color: #404040\">Elabora\u00e7\u00e3o de parecer quando os Conv\u00eanios, Acordos e Contratos que versarem sobre Inova\u00e7\u00e3o e Propriedade Industrial;<\/li>\n<li style=\"text-align: justify;color: #404040\">Eventos voltados para difus\u00e3o do conhecimento nas \u00e1reas de Propriedade Intelectual (PI) e Transfer\u00eancia de Tecnologia (TT) em parceria com \u00f3rg\u00e3os p\u00fablicos e empresas privadas.<\/li>\n<\/ul>\n","protected":false},"excerpt":{"rendered":"<p>Atendimento e assessoria aos interessados acerca dos processos de patentes, registros de marcas e softwares; Dep\u00f3sitos de pedidos de patentes, registros de marcas e softwares; Gest\u00e3o dos processos de pedidos de patentes junto ao (INPI); Acompanhamento e elabora\u00e7\u00e3o de minutas de Acordos de Coopera\u00e7\u00e3o T\u00e9cnico-Cient\u00edfica, Termos e Aditivos; Elabora\u00e7\u00e3o de parecer quando os Conv\u00eanios, Acordos&nbsp;&hellip;<\/p>\n","protected":false},"author":582,"featured_media":2542,"parent":0,"menu_order":0,"comment_status":"closed","ping_status":"closed","template":"","meta":[],"_links":{"self":[{"href":"https:\/\/www2.uepg.br\/agipi\/wp-json\/wp\/v2\/pages\/1426"}],"collection":[{"href":"https:\/\/www2.uepg.br\/agipi\/wp-json\/wp\/v2\/pages"}],"about":[{"href":"https:\/\/www2.uepg.br\/agipi\/wp-json\/wp\/v2\/types\/page"}],"author":[{"embeddable":true,"href":"https:\/\/www2.uepg.br\/agipi\/wp-json\/wp\/v2\/users\/582"}],"replies":[{"embeddable":true,"href":"https:\/\/www2.uepg.br\/agipi\/wp-json\/wp\/v2\/comments?post=1426"}],"version-history":[{"count":4,"href":"https:\/\/www2.uepg.br\/agipi\/wp-json\/wp\/v2\/pages\/1426\/revisions"}],"predecessor-version":[{"id":1760,"href":"https:\/\/www2.uepg.br\/agipi\/wp-json\/wp\/v2\/pages\/1426\/revisions\/1760"}],"wp:featuredmedia":[{"embeddable":true,"href":"https:\/\/www2.uepg.br\/agipi\/wp-json\/wp\/v2\/media\/2542"}],"wp:attachment":[{"href":"https:\/\/www2.uepg.br\/agipi\/wp-json\/wp\/v2\/media?parent=1426"}],"curies":[{"name":"wp","href":"https:\/\/api.w.org\/{rel}","templated":true}]}}