{"id":1427,"date":"2023-04-19T16:25:41","date_gmt":"2023-04-19T19:25:41","guid":{"rendered":"https:\/\/www2.uepg.br\/agipi\/?page_id=1427"},"modified":"2024-05-27T12:53:33","modified_gmt":"2024-05-27T15:53:33","slug":"pedido-de-patente","status":"publish","type":"page","link":"https:\/\/www2.uepg.br\/agipi\/pedido-de-patente\/","title":{"rendered":"Pedido de patente"},"content":{"rendered":"<div style=\"text-align: justify;color: #404040\">\n<p>Os dep\u00f3sitos de pedido de patentes seguem um tr\u00e2mite padr\u00e3o desde a fase inicial com reuni\u00f5es e orienta\u00e7\u00f5es junto aos inventores at\u00e9 o acompanhamento do processo e pagamentos de taxas junto ao INPI.<\/p>\n<ul>\n<li><a href=\"https:\/\/www2.uepg.br\/proplan\/wp-content\/uploads\/sites\/145\/2022\/05\/8.1-1.pdf\" target=\"_blank\" rel=\"noopener\">Ficha de tramita\u00e7\u00e3o para solicita\u00e7\u00e3o de pedido de prote\u00e7\u00e3o<\/a><\/li>\n<li><a href=\"https:\/\/www2.uepg.br\/agipi\/pedido-de-patente\/formulario-de-avaliacao-preliminar-de-solicitacao-de-pedido-de-patente-3\/\" rel=\"attachment wp-att-2397\">Formulario de Avaliacao Preliminar de solicitacao de pedido de patente<\/a><\/li>\n<li><a href=\"https:\/\/www2.uepg.br\/agipi\/wp-content\/uploads\/sites\/17\/2023\/04\/Formulario-de-Avaliacao-Preliminar-de-solicitacao-de-Registro-de-Software.docx\" target=\"_blank\" rel=\"noopener\">Formul\u00e1rio de Avalia\u00e7\u00e3o Preliminar de Pedido de Registro de Software<\/a><\/li>\n<li><a href=\"https:\/\/www2.uepg.br\/agipi\/wp-content\/uploads\/sites\/17\/2023\/04\/Marca-Formulario-de-solicitacao-de-registro.docx\" target=\"_blank\" rel=\"noopener\">Formul\u00e1rio de Solicita\u00e7\u00e3o de Registro de Marca<\/a><\/li>\n<\/ul>\n<\/div>\n","protected":false},"excerpt":{"rendered":"<p>Os dep\u00f3sitos de pedido de patentes seguem um tr\u00e2mite padr\u00e3o desde a fase inicial com reuni\u00f5es e orienta\u00e7\u00f5es junto aos inventores at\u00e9 o acompanhamento do processo e pagamentos de taxas junto ao INPI. Ficha de tramita\u00e7\u00e3o para solicita\u00e7\u00e3o de pedido de prote\u00e7\u00e3o Formulario de Avaliacao Preliminar de solicitacao de pedido de patente Formul\u00e1rio de Avalia\u00e7\u00e3o&nbsp;&hellip;<\/p>\n","protected":false},"author":582,"featured_media":2542,"parent":0,"menu_order":0,"comment_status":"closed","ping_status":"closed","template":"","meta":[],"_links":{"self":[{"href":"https:\/\/www2.uepg.br\/agipi\/wp-json\/wp\/v2\/pages\/1427"}],"collection":[{"href":"https:\/\/www2.uepg.br\/agipi\/wp-json\/wp\/v2\/pages"}],"about":[{"href":"https:\/\/www2.uepg.br\/agipi\/wp-json\/wp\/v2\/types\/page"}],"author":[{"embeddable":true,"href":"https:\/\/www2.uepg.br\/agipi\/wp-json\/wp\/v2\/users\/582"}],"replies":[{"embeddable":true,"href":"https:\/\/www2.uepg.br\/agipi\/wp-json\/wp\/v2\/comments?post=1427"}],"version-history":[{"count":10,"href":"https:\/\/www2.uepg.br\/agipi\/wp-json\/wp\/v2\/pages\/1427\/revisions"}],"predecessor-version":[{"id":2545,"href":"https:\/\/www2.uepg.br\/agipi\/wp-json\/wp\/v2\/pages\/1427\/revisions\/2545"}],"wp:featuredmedia":[{"embeddable":true,"href":"https:\/\/www2.uepg.br\/agipi\/wp-json\/wp\/v2\/media\/2542"}],"wp:attachment":[{"href":"https:\/\/www2.uepg.br\/agipi\/wp-json\/wp\/v2\/media?parent=1427"}],"curies":[{"name":"wp","href":"https:\/\/api.w.org\/{rel}","templated":true}]}}