{"id":1431,"date":"2023-04-19T16:25:42","date_gmt":"2023-04-19T19:25:42","guid":{"rendered":"https:\/\/www2.uepg.br\/agipi\/?page_id=1431"},"modified":"2024-05-27T13:07:07","modified_gmt":"2024-05-27T16:07:07","slug":"legislacao-propriedade-intelectual","status":"publish","type":"page","link":"https:\/\/www2.uepg.br\/agipi\/legislacao-propriedade-intelectual\/","title":{"rendered":"Legisla\u00e7\u00e3o"},"content":{"rendered":"<div style=\"text-align: justify;color: #404040\">\n<ul>\n<li><a href=\"http:\/\/www.planalto.gov.br\/ccivil_03\/Leis\/L9279.htm\" target=\"_blank\" rel=\"noopener\">Lei de Propriedade Industrial<\/a><\/li>\n<li><a href=\"http:\/\/www.planalto.gov.br\/ccivil_03\/_ato2019-2022\/2021\/decreto\/D10886.htm\" target=\"_blank\" rel=\"noopener\">Decreto n\u00ba 10.886 de 07 de dezembro de 2021 (Estrat\u00e9gia Nacional de Propriedade Intelectual)<\/a><\/li>\n<li>Marco Legal de Ci\u00eancia, Tecnologia e Inova\u00e7\u00e3o Federal:\n<ul>\n<li><a href=\"http:\/\/www.planalto.gov.br\/ccivil_03\/_ato2015-2018\/2016\/lei\/l13243.htm\" target=\"_blank\" rel=\"noopener\">Lei 13.243\/2016<\/a><\/li>\n<li><a href=\"http:\/\/www.planalto.gov.br\/ccivil_03\/_Ato2004-2006\/2004\/Lei\/L10.973compilado.htm\" target=\"_blank\" rel=\"noopener\">Lei 10.973\/2004<\/a><\/li>\n<li><a href=\"http:\/\/www.planalto.gov.br\/ccivil_03\/_Ato2015-2018\/2018\/Decreto\/D9283.htm\" target=\"_blank\" rel=\"noopener\">Decreto 9.236\/2018<\/a><\/li>\n<\/ul>\n<\/li>\n<li>Marco Legal de Ci\u00eancia, Tecnologia e Inova\u00e7\u00e3o Estadual:\n<ul>\n<li><a href=\"https:\/\/www.legislacao.pr.gov.br\/legislacao\/pesquisarAto.do?action=exibir&amp;codAto=246931&amp;indice=1&amp;totalRegistros=1&amp;dt=20.11.2022.9.17.52.639\" target=\"_blank\" rel=\"noopener\">Lei 20.541\/2021<\/a><\/li>\n<li><a href=\"https:\/\/www.legislacao.pr.gov.br\/legislacao\/pesquisarAto.do?action=exibir&amp;codAto=246927&amp;indice=1&amp;totalRegistros=1&amp;dt=20.11.2022.9.20.15.743\" target=\"_blank\" rel=\"noopener\">Lei 20.537\/2021<\/a><\/li>\n<li><a href=\"https:\/\/www.legislacao.pr.gov.br\/legislacao\/pesquisarAto.do?action=exibir&amp;codAto=253287&amp;indice=1&amp;totalRegistros=1&amp;dt=20.11.2022.9.21.13.850\" target=\"_blank\" rel=\"noopener\">Decreto 8.796\/2021<\/a><\/li>\n<\/ul>\n<\/li>\n<\/ul>\n<\/div>\n","protected":false},"excerpt":{"rendered":"<p>Lei de Propriedade Industrial Decreto n\u00ba 10.886 de 07 de dezembro de 2021 (Estrat\u00e9gia Nacional de Propriedade Intelectual) Marco Legal de Ci\u00eancia, Tecnologia e Inova\u00e7\u00e3o Federal: Lei 13.243\/2016 Lei 10.973\/2004 Decreto 9.236\/2018 Marco Legal de Ci\u00eancia, Tecnologia e Inova\u00e7\u00e3o Estadual: Lei 20.541\/2021 Lei 20.537\/2021 Decreto 8.796\/2021<\/p>\n","protected":false},"author":582,"featured_media":2542,"parent":0,"menu_order":0,"comment_status":"closed","ping_status":"closed","template":"","meta":[],"_links":{"self":[{"href":"https:\/\/www2.uepg.br\/agipi\/wp-json\/wp\/v2\/pages\/1431"}],"collection":[{"href":"https:\/\/www2.uepg.br\/agipi\/wp-json\/wp\/v2\/pages"}],"about":[{"href":"https:\/\/www2.uepg.br\/agipi\/wp-json\/wp\/v2\/types\/page"}],"author":[{"embeddable":true,"href":"https:\/\/www2.uepg.br\/agipi\/wp-json\/wp\/v2\/users\/582"}],"replies":[{"embeddable":true,"href":"https:\/\/www2.uepg.br\/agipi\/wp-json\/wp\/v2\/comments?post=1431"}],"version-history":[{"count":4,"href":"https:\/\/www2.uepg.br\/agipi\/wp-json\/wp\/v2\/pages\/1431\/revisions"}],"predecessor-version":[{"id":2551,"href":"https:\/\/www2.uepg.br\/agipi\/wp-json\/wp\/v2\/pages\/1431\/revisions\/2551"}],"wp:featuredmedia":[{"embeddable":true,"href":"https:\/\/www2.uepg.br\/agipi\/wp-json\/wp\/v2\/media\/2542"}],"wp:attachment":[{"href":"https:\/\/www2.uepg.br\/agipi\/wp-json\/wp\/v2\/media?parent=1431"}],"curies":[{"name":"wp","href":"https:\/\/api.w.org\/{rel}","templated":true}]}}