{"id":1467,"date":"2023-04-19T16:33:37","date_gmt":"2023-04-19T19:33:37","guid":{"rendered":"https:\/\/www2.uepg.br\/agipi\/?page_id=1467"},"modified":"2024-06-04T18:18:22","modified_gmt":"2024-06-04T21:18:22","slug":"links-uteis","status":"publish","type":"page","link":"https:\/\/www2.uepg.br\/agipi\/links-uteis\/","title":{"rendered":"Links \u00fateis"},"content":{"rendered":"<div style=\"color: #404040\">\n<ul>\n<li><a href=\"https:\/\/anprotec.org.br\/site\/#A%20Anprotec\" target=\"_blank\" rel=\"noopener\">ANPROTEC &#8211; Associa\u00e7\u00e3o Nacional de Entidades Promotoras de Empreendimentos Inovadores<\/a><\/li>\n<li><a href=\"http:\/\/www.finep.gov.br\/\" target=\"_blank\" rel=\"noopener\">FINEP &#8211; Financiadora de Estudos e Projetos<\/a><\/li>\n<li><a href=\"https:\/\/www.parana.pr.gov.br\/\" target=\"_blank\" rel=\"noopener\">Governo do Estado do Paran\u00e1<\/a><\/li>\n<li><a href=\"https:\/\/www.gov.br\/mcti\/pt-br\" target=\"_blank\" rel=\"noopener\">MCTI &#8211; Minist\u00e9rio da Ci\u00eancia, Tecnologia e Inova\u00e7\u00e3o<\/a><\/li>\n<li><a href=\"https:\/\/www.sebraepr.com.br\/\" target=\"_blank\" rel=\"noopener\">SEBRAE<\/a>\n<ul>\n<li><a href=\"https:\/\/www.sebrae-sc.com.br\/solucoes#trilhas\" target=\"_blank\" rel=\"noopener\">Cursos SEBRAE<\/a><\/li>\n<li><a href=\"https:\/\/trilhas-apps.pr.sebrae.com.br\/trilhas\" target=\"_blank\" rel=\"noopener\">Trilhas do Conhecimento &#8211; SEBRAE<\/a><\/li>\n<\/ul>\n<\/li>\n<li><a href=\"https:\/\/www.seti.pr.gov.br\/\" target=\"_blank\" rel=\"noopener\">SETI-PR &#8211; Superintend\u00eancia Geral de Ci\u00eancia, Tecnologia e Ensino Superior<\/a><\/li>\n<li><a href=\"https:\/\/www.uepg.br\/\" target=\"_blank\" rel=\"noopener\">UEPG &#8211; Universidade Estadual de Ponta Grossa<\/a><\/li>\n<li><a href=\"https:\/\/valedostrilhos.pontagrossa.pr.gov.br\/#Valores\" target=\"_blank\" rel=\"noopener\">Vale dos Trilhos &#8211; Ecossistema de Inova\u00e7\u00e3o de Ponta Grossa<\/a><\/li>\n<\/ul>\n<\/div>\n","protected":false},"excerpt":{"rendered":"<p>ANPROTEC &#8211; Associa\u00e7\u00e3o Nacional de Entidades Promotoras de Empreendimentos Inovadores FINEP &#8211; Financiadora de Estudos e Projetos Governo do Estado do Paran\u00e1 MCTI &#8211; Minist\u00e9rio da Ci\u00eancia, Tecnologia e Inova\u00e7\u00e3o SEBRAE Cursos SEBRAE Trilhas do Conhecimento &#8211; SEBRAE SETI-PR &#8211; Superintend\u00eancia Geral de Ci\u00eancia, Tecnologia e Ensino Superior UEPG &#8211; Universidade Estadual de Ponta Grossa&nbsp;&hellip;<\/p>\n","protected":false},"author":582,"featured_media":2539,"parent":0,"menu_order":0,"comment_status":"closed","ping_status":"closed","template":"","meta":[],"_links":{"self":[{"href":"https:\/\/www2.uepg.br\/agipi\/wp-json\/wp\/v2\/pages\/1467"}],"collection":[{"href":"https:\/\/www2.uepg.br\/agipi\/wp-json\/wp\/v2\/pages"}],"about":[{"href":"https:\/\/www2.uepg.br\/agipi\/wp-json\/wp\/v2\/types\/page"}],"author":[{"embeddable":true,"href":"https:\/\/www2.uepg.br\/agipi\/wp-json\/wp\/v2\/users\/582"}],"replies":[{"embeddable":true,"href":"https:\/\/www2.uepg.br\/agipi\/wp-json\/wp\/v2\/comments?post=1467"}],"version-history":[{"count":4,"href":"https:\/\/www2.uepg.br\/agipi\/wp-json\/wp\/v2\/pages\/1467\/revisions"}],"predecessor-version":[{"id":2583,"href":"https:\/\/www2.uepg.br\/agipi\/wp-json\/wp\/v2\/pages\/1467\/revisions\/2583"}],"wp:featuredmedia":[{"embeddable":true,"href":"https:\/\/www2.uepg.br\/agipi\/wp-json\/wp\/v2\/media\/2539"}],"wp:attachment":[{"href":"https:\/\/www2.uepg.br\/agipi\/wp-json\/wp\/v2\/media?parent=1467"}],"curies":[{"name":"wp","href":"https:\/\/api.w.org\/{rel}","templated":true}]}}