{"id":401,"date":"2019-05-03T14:16:52","date_gmt":"2019-05-03T17:16:52","guid":{"rendered":"http:\/\/www2.uepg.br\/agipi\/?page_id=401"},"modified":"2024-06-10T21:20:47","modified_gmt":"2024-06-11T00:20:47","slug":"contato","status":"publish","type":"page","link":"https:\/\/www2.uepg.br\/agipi\/contato\/","title":{"rendered":"CONTATO"},"content":{"rendered":"<div id=\"pl-401\"  class=\"panel-layout\" ><div id=\"pg-401-0\"  class=\"panel-grid panel-no-style\" ><div id=\"pgc-401-0-0\"  class=\"panel-grid-cell\" ><div id=\"panel-401-0-0-0\" class=\"so-panel widget widget_sow-features panel-first-child panel-last-child\" data-index=\"0\" ><div\n\t\t\t\n\t\t\tclass=\"so-widget-sow-features so-widget-sow-features-default-1682a07e6139-401\"\n\t\t\t\n\t\t>\n<div class=\"sow-features-list \">\n\n\t\t\t\t\t\t<div\n\t\t\t\tclass=\"sow-features-feature sow-icon-container-position-top \"\n\t\t\t\tstyle=\"display: flex; flex-direction: column; float: left; width: 50%;\"\n\t\t\t>\n\n\t\t\t\t\t\t\t\t<div\n\t\t\t\t\tclass=\"sow-icon-container sow-container-rounded-square\"\n                    style=\"color: #dd0000; \"\n\t\t\t\t\ttitle=\"e-mail\">\n\t\t\t\t\t<span class=\"sow-icon-fontawesome sow-fas\" data-sow-icon=\"&#xf674;\"\n\t\tstyle=\"font-size: 44px; color: #FFFFFF\" \n\t\taria-hidden=\"true\"><\/span>\t\t\t\t<\/div>\n\t\t\t\t\n\t\t\t\t<div class=\"textwidget\">\n\t\t\t\t\t\n\t\t\t\t\t\t\t\t\t\t\t<p><strong>Ag\u00eancia de Inova\u00e7\u00e3o e Propriedade Intelectual - AGIPI<\/strong><\/p>\n<p>Tel.: (42) 3220-3440<br \/>\nE-mail: <a href=\"mailto:agipi@uepg.br\">agipi@uepg.br<\/a><\/p>\n\t\t\t\t\t\n\t\t\t\t\t\t\t\t\t<\/div>\n\t\t\t\t\t\t\t<\/div>\n\n\t\t\t\t\t<div\n\t\t\t\tclass=\"sow-features-feature sow-icon-container-position-top \"\n\t\t\t\tstyle=\"display: flex; flex-direction: column; float: left; width: 50%;\"\n\t\t\t>\n\n\t\t\t\t\t\t\t\t<div\n\t\t\t\t\tclass=\"sow-icon-container sow-container-rounded-square\"\n                    style=\"color: #dd3333; \"\n\t\t\t\t\ttitle=\"Whatsapp \">\n\t\t\t\t\t<div class=\"sow-icon-image\" style=\"background-image: url(https:\/\/www2.uepg.br\/agipi\/wp-content\/uploads\/sites\/17\/2019\/05\/g18762b61788bedbe7e729babe9240ff0cef29ca530158fc562097465c50cb698acccf9c64e890e4db71dab0246233c9c_1920.png); font-size: 44px\"><\/div>\t\t\t\t<\/div>\n\t\t\t\t\n\t\t\t\t<div class=\"textwidget\">\n\t\t\t\t\t\t\t\t\t\t\t<h5>\n\t\t\t\t\t\t\t\n\t\t\t\t\t\t\tEntre em contato com a gente no Whatsapp:\t\t\t\t\t\t\t\t\t\t\t\t\t<\/h5>\n\t\t\t\t\t\n\t\t\t\t\t\t\t\t\t\t\t<p>Tel.: (42) 3220-3440<\/p>\n\t\t\t\t\t\n\t\t\t\t\t\t\t\t\t<\/div>\n\t\t\t\t\t\t\t<\/div>\n\n\t\t\t\t\t<div\n\t\t\t\tclass=\"sow-features-feature sow-icon-container-position-top \"\n\t\t\t\tstyle=\"display: flex; flex-direction: column; float: left; width: 50%;\"\n\t\t\t>\n\n\t\t\t\t\t\t\t\t<div\n\t\t\t\t\tclass=\"sow-icon-container sow-container-rounded-square\"\n                    style=\"color: #dd0000; \"\n\t\t\t\t\ttitle=\"Escrit\u00f3rio de Propriedade Intelectual\">\n\t\t\t\t\t<span class=\"sow-icon-fontawesome sow-fas\" data-sow-icon=\"&#xf56c;\"\n\t\tstyle=\"font-size: 44px; color: #FFFFFF\" \n\t\taria-hidden=\"true\"><\/span>\t\t\t\t<\/div>\n\t\t\t\t\n\t\t\t\t<div class=\"textwidget\">\n\t\t\t\t\t\n\t\t\t\t\t\t\t\t\t\t\t<p><strong>Escrit\u00f3rio de Propriedade Intelectual e Transfer\u00eancia de Tecnologia - EPITEC<\/strong><\/p>\n<p>Tel.: 3220-3263<br \/>\nE-mail: <a href=\"mailto:agipi@uepg.br\">agipi@uepg.br<\/a><\/p>\n\t\t\t\t\t\n\t\t\t\t\t\t\t\t\t<\/div>\n\t\t\t\t\t\t\t<\/div>\n\n\t\t\t\t\t<div\n\t\t\t\tclass=\"sow-features-feature sow-icon-container-position-top \"\n\t\t\t\tstyle=\"display: flex; flex-direction: column; float: left; width: 50%;\"\n\t\t\t>\n\n\t\t\t\t\t\t\t\t<div\n\t\t\t\t\tclass=\"sow-icon-container sow-container-rounded-square\"\n                    style=\"color: #dd0000; \"\n\t\t\t\t\ttitle=\"Incubadora de Projetos Tecnol\u00f3gicos \">\n\t\t\t\t\t<span class=\"sow-icon-fontawesome sow-fas\" data-sow-icon=\"&#xf328;\"\n\t\tstyle=\"font-size: 44px; color: #FFFFFF\" \n\t\taria-hidden=\"true\"><\/span>\t\t\t\t<\/div>\n\t\t\t\t\n\t\t\t\t<div class=\"textwidget\">\n\t\t\t\t\t\n\t\t\t\t\t\t\t\t\t\t\t<p><strong>Incubadora de Projetos Tecnol\u00f3gicos - INPROTEC<\/strong><\/p>\n<p>Tel.: (42)3220-3193<br \/>\nE-mail: <a href=\"mailto:inprotec@uepg.br\">inprotec@uepg.br<\/a><\/p>\n\t\t\t\t\t\n\t\t\t\t\t\t\t\t\t<\/div>\n\t\t\t\t\t\t\t<\/div>\n\n\t\t\t\t\t<div\n\t\t\t\tclass=\"sow-features-feature sow-icon-container-position-top sow-features-feature-last-row\"\n\t\t\t\tstyle=\"display: flex; flex-direction: column; float: left; width: 50%;\"\n\t\t\t>\n\n\t\t\t\t\t\t\t\t<div\n\t\t\t\t\tclass=\"sow-icon-container sow-container-rounded-square\"\n                    style=\"color: #dd0000; \"\n\t\t\t\t\ttitle=\"Endere\u00e7o\">\n\t\t\t\t\t<span class=\"sow-icon-fontawesome sow-fas\" data-sow-icon=\"&#xf015;\"\n\t\tstyle=\"font-size: 44px; color: #FFFFFF\" \n\t\taria-hidden=\"true\"><\/span>\t\t\t\t<\/div>\n\t\t\t\t\n\t\t\t\t<div class=\"textwidget\">\n\t\t\t\t\t\n\t\t\t\t\t\t\t\t\t\t\t<p><strong>Endere\u00e7o<\/strong><\/p>\n<p>Avenida General Carlos Cavalcanti, 4748, Ponta Grossa - PR, CEP: 84030-900.<\/p>\n<p>Campus de Uvaranas - HUB de Inova\u00e7\u00e3o.<\/p>\n<p>GPS: <span style=\"color: #0000ff\"><a style=\"color: #0000ff\" href=\"https:\/\/goo.gl\/maps\/mgoF8WD9ufsdRAGo6\" target=\"_blank\" rel=\"noopener\">25\u00b005'47.6\"S 50\u00b006'14.4\"W<\/a><\/span><\/p>\n\t\t\t\t\t\n\t\t\t\t\t\t\t\t\t<\/div>\n\t\t\t\t\t\t\t<\/div>\n\n\t\t\t\t\t<div\n\t\t\t\tclass=\"sow-features-feature sow-icon-container-position-top sow-features-feature-last-row\"\n\t\t\t\tstyle=\"display: flex; flex-direction: column; float: left; width: 50%;\"\n\t\t\t>\n\n\t\t\t\t\t\t\t\t\t<a\n\t\t\t\t\t\thref=\"https:\/\/www.instagram.com\/agipi.uepg\/\"\n\t\t\t\t\t\t\t\t\t\t\t>\n\t\t\t\t\t\t\t\t<div\n\t\t\t\t\tclass=\"sow-icon-container sow-container-rounded-square\"\n                    style=\"color: #ffffff; \"\n\t\t\t\t\ttitle=\"Instagram\">\n\t\t\t\t\t<div class=\"sow-icon-image\" style=\"background-image: url(https:\/\/www2.uepg.br\/agipi\/wp-content\/uploads\/sites\/17\/2023\/04\/instagram-150x150.png); font-size: 44px\"><\/div>\t\t\t\t<\/div>\n\t\t\t\t\t\t\t\t\t<\/a>\n\t\t\t\t\n\t\t\t\t<div class=\"textwidget\">\n\t\t\t\t\t\n\t\t\t\t\t\t\t\t\t\t\t<p><strong>Instagram<\/strong><\/p>\n\t\t\t\t\t\n\t\t\t\t\t\t\t\t\t<\/div>\n\t\t\t\t\t\t\t<\/div>\n\n\t\t\t\n<\/div>\n<\/div><\/div><\/div><\/div><\/div>","protected":false},"excerpt":{"rendered":"<p>Ag\u00eancia de Inova\u00e7\u00e3o e Propriedade Intelectual &#8211; AGIPI Tel.: (42) 3220-3440 E-mail: agipi@uepg.br Entre em contato com a gente no Whatsapp: Tel.: (42) 3220-3440 Escrit\u00f3rio de Propriedade Intelectual e Transfer\u00eancia de Tecnologia &#8211; EPITEC Tel.: 3220-3263 E-mail: agipi@uepg.br Incubadora de Projetos Tecnol\u00f3gicos &#8211; INPROTEC Tel.: (42)3220-3193 E-mail: inprotec@uepg.br Endere\u00e7o Avenida General Carlos Cavalcanti, 4748, Ponta&nbsp;&hellip;<\/p>\n","protected":false},"author":24,"featured_media":1804,"parent":0,"menu_order":0,"comment_status":"closed","ping_status":"closed","template":"","meta":[],"_links":{"self":[{"href":"https:\/\/www2.uepg.br\/agipi\/wp-json\/wp\/v2\/pages\/401"}],"collection":[{"href":"https:\/\/www2.uepg.br\/agipi\/wp-json\/wp\/v2\/pages"}],"about":[{"href":"https:\/\/www2.uepg.br\/agipi\/wp-json\/wp\/v2\/types\/page"}],"author":[{"embeddable":true,"href":"https:\/\/www2.uepg.br\/agipi\/wp-json\/wp\/v2\/users\/24"}],"replies":[{"embeddable":true,"href":"https:\/\/www2.uepg.br\/agipi\/wp-json\/wp\/v2\/comments?post=401"}],"version-history":[{"count":35,"href":"https:\/\/www2.uepg.br\/agipi\/wp-json\/wp\/v2\/pages\/401\/revisions"}],"predecessor-version":[{"id":5455,"href":"https:\/\/www2.uepg.br\/agipi\/wp-json\/wp\/v2\/pages\/401\/revisions\/5455"}],"wp:featuredmedia":[{"embeddable":true,"href":"https:\/\/www2.uepg.br\/agipi\/wp-json\/wp\/v2\/media\/1804"}],"wp:attachment":[{"href":"https:\/\/www2.uepg.br\/agipi\/wp-json\/wp\/v2\/media?parent=401"}],"curies":[{"name":"wp","href":"https:\/\/api.w.org\/{rel}","templated":true}]}}