{"id":5555,"date":"2025-09-26T08:06:19","date_gmt":"2025-09-26T11:06:19","guid":{"rendered":"https:\/\/www2.uepg.br\/agipi\/?page_id=5555"},"modified":"2025-10-03T15:50:14","modified_gmt":"2025-10-03T18:50:14","slug":"empresas-graduadas-2","status":"publish","type":"page","link":"https:\/\/www2.uepg.br\/agipi\/empresas-graduadas-2\/","title":{"rendered":"Empresas Graduadas"},"content":{"rendered":"<p><strong>Voc\u00ea conhece o processo de gradua\u00e7\u00e3o de uma <em>startup<\/em>?<\/strong><\/p>\n<p>A gradua\u00e7\u00e3o ocorre por meio da finaliza\u00e7\u00e3o do processo de incuba\u00e7\u00e3o, momento em que a incubadora considera a<em> startup<\/em> apta a buscar novas oportunidades de evolu\u00e7\u00e3o e amadurecimento.<\/p>\n<p style=\"text-align: center\"><strong>\u00a0 PyroCompany\u00a0<\/strong><\/p>\n<p><img loading=\"lazy\" class=\"wp-image-5585 aligncenter\" src=\"https:\/\/www2.uepg.br\/agipi\/wp-content\/uploads\/sites\/17\/2025\/09\/Primeira-startup-graduada.jpg\" alt=\"\" width=\"332\" height=\"115\" \/><\/p>\n<p><em>A primeira startup<\/em> graduada da Incubadora de Projetos Tecnol\u00f3gicos (Inprotec) foi a Pyrocompany, com objetivo de solucionar o problema dos res\u00edduos org\u00e2nicos por meio da engenharia de pir\u00f3lise. Essa tecnologia evita o descarte inadequado dos res\u00edduos org\u00e2nicos, possibilitando sua transforma\u00e7\u00e3o em bioprodutos \u2014 como o biog\u00e1s \u2014 e reutilizados por empresas dos setores agr\u00edcola e da ind\u00fastria qu\u00edmica.<\/p>\n<p style=\"text-align: center\"><strong>Robotbox<\/strong><\/p>\n<p><img loading=\"lazy\" class=\"wp-image-5644 aligncenter\" src=\"https:\/\/www2.uepg.br\/agipi\/wp-content\/uploads\/sites\/17\/2025\/10\/Foto-Daniela-Borcezi-1-1024x723.jpg\" alt=\"\" width=\"368\" height=\"303\" \/><\/p>\n<p><span style=\"font-weight: 400\">Na atual gest\u00e3o da Agipi, a Robotbox conquistou em 2025 o t\u00edtulo de gradua\u00e7\u00e3o pela Incubadora de Projetos Tecnol\u00f3gicos (Inprotec). A empresa adota uma abordagem inovadora de ensino por meio da rob\u00f3tica desplugada, baseada na produ\u00e7\u00e3o de materiais did\u00e1ticos voltados ao p\u00fablico infantil, com objetivo de promover o aprendizado de tecnologia sem a utiliza\u00e7\u00e3o de telas.\u00a0<\/span><\/p>\n<p>Not\u00edcia completa <a href=\"https:\/\/www2.uepg.br\/agipi\/robotbox-conquista-o-titulo-de-graduada-na-uepg\/\">aqui<\/a><\/p>\n","protected":false},"excerpt":{"rendered":"<p>Voc\u00ea conhece o processo de gradua\u00e7\u00e3o de uma startup? A gradua\u00e7\u00e3o ocorre por meio da finaliza\u00e7\u00e3o do processo de incuba\u00e7\u00e3o, momento em que a incubadora considera a startup apta a buscar novas oportunidades de evolu\u00e7\u00e3o e amadurecimento. \u00a0 PyroCompany\u00a0 A primeira startup graduada da Incubadora de Projetos Tecnol\u00f3gicos (Inprotec) foi a Pyrocompany, com objetivo de&nbsp;&hellip;<\/p>\n","protected":false},"author":609,"featured_media":0,"parent":0,"menu_order":0,"comment_status":"closed","ping_status":"closed","template":"","meta":[],"_links":{"self":[{"href":"https:\/\/www2.uepg.br\/agipi\/wp-json\/wp\/v2\/pages\/5555"}],"collection":[{"href":"https:\/\/www2.uepg.br\/agipi\/wp-json\/wp\/v2\/pages"}],"about":[{"href":"https:\/\/www2.uepg.br\/agipi\/wp-json\/wp\/v2\/types\/page"}],"author":[{"embeddable":true,"href":"https:\/\/www2.uepg.br\/agipi\/wp-json\/wp\/v2\/users\/609"}],"replies":[{"embeddable":true,"href":"https:\/\/www2.uepg.br\/agipi\/wp-json\/wp\/v2\/comments?post=5555"}],"version-history":[{"count":41,"href":"https:\/\/www2.uepg.br\/agipi\/wp-json\/wp\/v2\/pages\/5555\/revisions"}],"predecessor-version":[{"id":5657,"href":"https:\/\/www2.uepg.br\/agipi\/wp-json\/wp\/v2\/pages\/5555\/revisions\/5657"}],"wp:attachment":[{"href":"https:\/\/www2.uepg.br\/agipi\/wp-json\/wp\/v2\/media?parent=5555"}],"curies":[{"name":"wp","href":"https:\/\/api.w.org\/{rel}","templated":true}]}}