{"id":5561,"date":"2025-09-26T09:18:54","date_gmt":"2025-09-26T12:18:54","guid":{"rendered":"https:\/\/www2.uepg.br\/agipi\/?page_id=5561"},"modified":"2025-09-30T08:49:44","modified_gmt":"2025-09-30T11:49:44","slug":"parceria-estrategica","status":"publish","type":"page","link":"https:\/\/www2.uepg.br\/agipi\/parceria-estrategica\/","title":{"rendered":"Parceria Estrat\u00e9gica"},"content":{"rendered":"<p><img loading=\"lazy\" class=\" wp-image-5579 aligncenter\" src=\"https:\/\/www2.uepg.br\/agipi\/wp-content\/uploads\/sites\/17\/2025\/09\/expurgos-agipi.png\" alt=\"\" width=\"537\" height=\"154\" \/><\/p>\n<p>A Expurgos \u00e9 uma startup que desenvolve solu\u00e7\u00f5es inovadoras em processos e maquin\u00e1rios utilizados para o expurgo (elimina\u00e7\u00e3o de pragas) de gr\u00e3os estocados, de forma mais segura e eficiente.<\/p>\n<p>&nbsp;<\/p>\n<p><img loading=\"lazy\" class=\"wp-image-5566 aligncenter\" src=\"https:\/\/www2.uepg.br\/agipi\/wp-content\/uploads\/sites\/17\/2025\/09\/robotbox-logo-1024x205.png\" alt=\"\" width=\"370\" height=\"78\" \/><\/p>\n<p>A\u00a0<a href=\"https:\/\/www.robotbox.com.br\/\">RobotBox<\/a>\u00a0\u00e9 uma startup residente incubada no HUB de Inova\u00e7\u00e3o da AGIPI, na UEPG. Participou de v\u00e1rios programas de acelera\u00e7\u00e3o de startups, sendo premiada diversas vezes em competi\u00e7\u00f5es de rob\u00f3tica e eventos de empreendedorismo.<br \/>\nO objetivo da\u00a0<a href=\"https:\/\/www.robotbox.com.br\/\">RobotBox<\/a>\u00a0\u00e9 aproximar crian\u00e7as da tecnologia de forma interativa, tornando-as criadoras de tecnologia atrav\u00e9s de kits de rob\u00f3tica. Os kits de rob\u00f3tica da startup s\u00e3o vendidos para todo o Brasil, levando Educa\u00e7\u00e3o Tecnol\u00f3gica para diversas casas e salas de aula.<\/p>\n","protected":false},"excerpt":{"rendered":"<p>A Expurgos \u00e9 uma startup que desenvolve solu\u00e7\u00f5es inovadoras em processos e maquin\u00e1rios utilizados para o expurgo (elimina\u00e7\u00e3o de pragas) de gr\u00e3os estocados, de forma mais segura e eficiente. &nbsp; A\u00a0RobotBox\u00a0\u00e9 uma startup residente incubada no HUB de Inova\u00e7\u00e3o da AGIPI, na UEPG. Participou de v\u00e1rios programas de acelera\u00e7\u00e3o de startups, sendo premiada diversas vezes&nbsp;&hellip;<\/p>\n","protected":false},"author":767,"featured_media":0,"parent":0,"menu_order":0,"comment_status":"closed","ping_status":"closed","template":"","meta":[],"_links":{"self":[{"href":"https:\/\/www2.uepg.br\/agipi\/wp-json\/wp\/v2\/pages\/5561"}],"collection":[{"href":"https:\/\/www2.uepg.br\/agipi\/wp-json\/wp\/v2\/pages"}],"about":[{"href":"https:\/\/www2.uepg.br\/agipi\/wp-json\/wp\/v2\/types\/page"}],"author":[{"embeddable":true,"href":"https:\/\/www2.uepg.br\/agipi\/wp-json\/wp\/v2\/users\/767"}],"replies":[{"embeddable":true,"href":"https:\/\/www2.uepg.br\/agipi\/wp-json\/wp\/v2\/comments?post=5561"}],"version-history":[{"count":18,"href":"https:\/\/www2.uepg.br\/agipi\/wp-json\/wp\/v2\/pages\/5561\/revisions"}],"predecessor-version":[{"id":5615,"href":"https:\/\/www2.uepg.br\/agipi\/wp-json\/wp\/v2\/pages\/5561\/revisions\/5615"}],"wp:attachment":[{"href":"https:\/\/www2.uepg.br\/agipi\/wp-json\/wp\/v2\/media?parent=5561"}],"curies":[{"name":"wp","href":"https:\/\/api.w.org\/{rel}","templated":true}]}}