{"id":68,"date":"2019-04-30T10:47:59","date_gmt":"2019-04-30T13:47:59","guid":{"rendered":"http:\/\/www2.uepg.br\/agipi\/?page_id=68"},"modified":"2024-06-04T18:17:05","modified_gmt":"2024-06-04T21:17:05","slug":"legislacao","status":"publish","type":"page","link":"https:\/\/www2.uepg.br\/agipi\/legislacao\/","title":{"rendered":"Legisla\u00e7\u00e3o"},"content":{"rendered":"<ul>\n<li><a href=\"https:\/\/drive.google.com\/file\/d\/1mb-4SRFbmdX4-pJRFhII5YHFok7M5Gqs\/view?usp=share_link\" target=\"_blank\" rel=\"noopener\">Novo Marco Legal de Ci\u00eancia, Tecnologia e Inova\u00e7\u00e3o<\/a><\/li>\n<li><a href=\"https:\/\/sistemas.uepg.br\/producao\/reitoria\/documentos\/12392021-12-1325.pdf\" target=\"_blank\" rel=\"noopener\">Pol\u00edtica de Inova\u00e7\u00e3o da Universidade Estadual de Ponta Grossa<\/a><\/li>\n<li><a href=\"https:\/\/sistemas.uepg.br\/producao\/reitoria\/documentos\/1312011-07-2724.pdf\" target=\"_blank\" rel=\"noopener\">Regulamento da Ag\u00eancia de Inova\u00e7\u00e3o e Propriedade Intelectual da Universidade Estadual de Ponta Grossa, Resolu\u00e7\u00e3o Univ. 31 de 27 de julho de 2011<\/a><\/li>\n<li><a href=\"https:\/\/sistemas.uepg.br\/producao\/reitoria\/documentos\/13152013-06-1725.pdf\" target=\"_blank\" rel=\"noopener\">Resolu\u00e7\u00e3o CA n\u00ba 315 de 17 de junho de 2013. Aprova o Regulamento das atividades referentes \u00e0 Incuba\u00e7\u00e3o de Projetos Inovadores na modalidade residente e n\u00e3o residente na Universidade Estadual de Ponta Grossa<\/a><\/li>\n<li><a href=\"https:\/\/sistemas.uepg.br\/producao\/reitoria\/documentos\/1362008-12-1024.pdf\" target=\"_blank\" rel=\"noopener\">Resolu\u00e7\u00e3o UNIV n\u00ba 36 de 10 de dezembro de 2008. Aprova o novo Regulamento da participa\u00e7\u00e3o de docentes, servidores t\u00e9cnico-universit\u00e1rios e alunos nos resultados da explora\u00e7\u00e3o econ\u00f4mica, interc\u00e2mbio e transfer\u00eancia de tecnologia, dos direitos de propriedade intelectual da UEPG<\/a><\/li>\n<li><a href=\"https:\/\/sistemas.uepg.br\/producao\/reitoria\/documentos\/12522014-06-3025.pdf\" target=\"_blank\" rel=\"noopener\">Resolu\u00e7\u00e3o CA n\u00ba 252 de 30 de junho de 2014. Aprova o Regulamento das atividades de presta\u00e7\u00e3o de servi\u00e7os voltadas \u00e0 inova\u00e7\u00e3o e \u00e0 pesquisa cient\u00edfica e tecnol\u00f3gica no ambiente produtivo no \u00e2mbito da UEPG<\/a><\/li>\n<li><a href=\"https:\/\/sistemas.uepg.br\/producao\/reitoria\/documentos\/12412017-10-0925.pdf\" target=\"_blank\" rel=\"noopener\">Resolu\u00e7\u00e3o CA n\u00ba 241, de 09 de outubro de 2017. Aprova Regulamento das Atividades de Gest\u00e3o dos Dep\u00f3sitos de Pedido de Patente de Titularidade da Universidade Estadual de Ponta Grossa, com base na Opini\u00e3o Preliminar sobre a Patenteabilidade emitida pelo INPI<\/a><\/li>\n<li><a href=\"https:\/\/sistemas.uepg.br\/producao\/reitoria\/documentos\/1192018-04-1723.pdf\" target=\"_blank\" rel=\"noopener\">Resolu\u00e7\u00e3o CEPE 19 de 17 de abril de 2018 Novo Regulamento do procedimento para realiza\u00e7\u00e3o de Defesa Fechada dos Trabalhos de Conclus\u00e3o de Curso de P\u00f3s-Gradua\u00e7\u00e3o, da UEPG<\/a><\/li>\n<\/ul>\n","protected":false},"excerpt":{"rendered":"<p>Novo Marco Legal de Ci\u00eancia, Tecnologia e Inova\u00e7\u00e3o Pol\u00edtica de Inova\u00e7\u00e3o da Universidade Estadual de Ponta Grossa Regulamento da Ag\u00eancia de Inova\u00e7\u00e3o e Propriedade Intelectual da Universidade Estadual de Ponta Grossa, Resolu\u00e7\u00e3o Univ. 31 de 27 de julho de 2011 Resolu\u00e7\u00e3o CA n\u00ba 315 de 17 de junho de 2013. Aprova o Regulamento das atividades&nbsp;&hellip;<\/p>\n","protected":false},"author":24,"featured_media":2531,"parent":0,"menu_order":0,"comment_status":"closed","ping_status":"closed","template":"","meta":[],"_links":{"self":[{"href":"https:\/\/www2.uepg.br\/agipi\/wp-json\/wp\/v2\/pages\/68"}],"collection":[{"href":"https:\/\/www2.uepg.br\/agipi\/wp-json\/wp\/v2\/pages"}],"about":[{"href":"https:\/\/www2.uepg.br\/agipi\/wp-json\/wp\/v2\/types\/page"}],"author":[{"embeddable":true,"href":"https:\/\/www2.uepg.br\/agipi\/wp-json\/wp\/v2\/users\/24"}],"replies":[{"embeddable":true,"href":"https:\/\/www2.uepg.br\/agipi\/wp-json\/wp\/v2\/comments?post=68"}],"version-history":[{"count":10,"href":"https:\/\/www2.uepg.br\/agipi\/wp-json\/wp\/v2\/pages\/68\/revisions"}],"predecessor-version":[{"id":1514,"href":"https:\/\/www2.uepg.br\/agipi\/wp-json\/wp\/v2\/pages\/68\/revisions\/1514"}],"wp:featuredmedia":[{"embeddable":true,"href":"https:\/\/www2.uepg.br\/agipi\/wp-json\/wp\/v2\/media\/2531"}],"wp:attachment":[{"href":"https:\/\/www2.uepg.br\/agipi\/wp-json\/wp\/v2\/media?parent=68"}],"curies":[{"name":"wp","href":"https:\/\/api.w.org\/{rel}","templated":true}]}}