{"id":151,"date":"2020-02-04T21:17:26","date_gmt":"2020-02-05T00:17:26","guid":{"rendered":"http:\/\/www2.uepg.br\/testes\/?page_id=151"},"modified":"2021-07-15T12:12:47","modified_gmt":"2021-07-15T15:12:47","slug":"docentes","status":"publish","type":"page","link":"https:\/\/www2.uepg.br\/bacharelado-ciencias-biologicas\/docentes\/","title":{"rendered":"Docentes"},"content":{"rendered":"<table style=\"height: 5692px\" width=\"833\">\n<tbody>\n<tr>\n<td width=\"243\"><strong>Departamento de Biologia Geral<\/strong><\/td>\n<td width=\"208\"><strong><em>e-mail<\/em><\/strong><\/td>\n<td width=\"66\"><strong><em>Lattes<\/em><\/strong><\/td>\n<\/tr>\n<tr>\n<td width=\"243\">Aline Margraf Ferreira<\/td>\n<td width=\"208\"><a href=\"mailto:amargraf@uepg.br\">amargraf@uepg.br<\/a><\/td>\n<td width=\"66\"><strong>\u00a0<\/strong><\/td>\n<\/tr>\n<tr>\n<td width=\"243\">Carla Cristine Kanunfre<\/td>\n<td width=\"208\"><a href=\"mailto:cckanunfre@gmail.com\">cckanunfre@gmail.com<\/a><\/td>\n<td width=\"66\">&nbsp;<\/td>\n<\/tr>\n<tr>\n<td width=\"243\">Denilton Vidolin<\/td>\n<td width=\"208\"><a href=\"mailto:denissaurorex@gmail.com\">denissaurorex@gmail.com<\/a><\/td>\n<td width=\"66\">&nbsp;<\/td>\n<\/tr>\n<tr>\n<td width=\"243\">Dion\u00edzia Xavier Scomparin<\/td>\n<td width=\"208\"><a href=\"mailto:scomparindio@hotmail.com\">scomparindio@hotmail.com<\/a><\/td>\n<td width=\"66\">&nbsp;<\/td>\n<\/tr>\n<tr>\n<td width=\"243\">Ester de Moura Rios<\/td>\n<td width=\"208\"><a href=\"mailto:estermourarios@yahoo.com.br\">estermourarios@yahoo.com.br<\/a><\/td>\n<td width=\"66\">&nbsp;<\/td>\n<\/tr>\n<tr>\n<td width=\"243\">Fabiano Rodrigo da Maia<\/td>\n<td width=\"208\"><a href=\"mailto:fabiano.botanica@gmail.com\">fabiano.botanica@gmail.com<\/a><\/td>\n<td width=\"66\">&nbsp;<\/td>\n<\/tr>\n<tr>\n<td width=\"243\">Felipe de Lara Janz<\/td>\n<td width=\"208\"><a href=\"mailto:fjanz@uepg.br\">fjanz@uepg.br<\/a><\/td>\n<td width=\"66\">&nbsp;<\/td>\n<\/tr>\n<tr>\n<td width=\"243\">Giovani Marino F\u00e1vero<\/td>\n<td width=\"208\"><a href=\"mailto:gmfavero@yahoo.com.br\">gmfavero@yahoo.com.br<\/a><\/td>\n<td width=\"66\">&nbsp;<\/td>\n<\/tr>\n<tr>\n<td width=\"243\">Gustavo Henrique Zaia Alves<\/td>\n<td width=\"208\"><a href=\"mailto:alvesghz@yahoo.com.br\">alvesghz@yahoo.com.br<\/a><\/td>\n<td width=\"66\">&nbsp;<\/td>\n<\/tr>\n<tr>\n<td width=\"243\">Iriane Eger<\/td>\n<td width=\"208\"><a href=\"mailto:iriane@uepg.br\">iriane@uepg.br<\/a><\/td>\n<td width=\"66\">&nbsp;<\/td>\n<\/tr>\n<tr>\n<td width=\"243\">Ivana de Freitas Barbola<\/td>\n<td width=\"208\"><a href=\"mailto:ivana.bio@yahoo.com\">ivana.bio@yahoo.com<\/a><\/td>\n<td width=\"66\">&nbsp;<\/td>\n<\/tr>\n<tr>\n<td width=\"243\">Jos\u00e9 Fabiano Costa Justus<\/td>\n<td width=\"208\"><a href=\"mailto:jfcjustus@uepg.br\">jfcjustus@uepg.br<\/a><\/td>\n<td width=\"66\">&nbsp;<\/td>\n<\/tr>\n<tr>\n<td width=\"243\">Marta Regina Barroto do Carmo<\/td>\n<td width=\"208\"><a href=\"mailto:mrcarmo@uepg.br\">mrcarmo@uepg.br<\/a><\/td>\n<td width=\"66\">&nbsp;<\/td>\n<\/tr>\n<tr>\n<td width=\"243\">Melissa Koch Fernandes de Souza<\/td>\n<td width=\"208\"><a href=\"mailto:melissaknog@yahoo.com.br\">melissaknog@yahoo.com.br<\/a><\/td>\n<td width=\"66\">&nbsp;<\/td>\n<\/tr>\n<tr>\n<td width=\"243\">Ricardo Diniz Correia de Almeida<\/td>\n<td width=\"208\"><a href=\"mailto:rdcalmeida@yahoo.com.br\">rdcalmeida@yahoo.com.br<\/a><\/td>\n<td width=\"66\">&nbsp;<\/td>\n<\/tr>\n<tr>\n<td width=\"243\">Rosane Aparecida Ribeiro<\/td>\n<td width=\"208\"><a href=\"mailto:rosaneribeirobio@gmail.com\">rosaneribeirobio@gmail.com<\/a><\/td>\n<td width=\"66\">&nbsp;<\/td>\n<\/tr>\n<tr>\n<td width=\"243\">Ros\u00e2ngela Capuano Tardivo<\/td>\n<td width=\"208\"><a href=\"mailto:rc.tardivo@uol.com.br\">rc.tardivo@uol.com.br<\/a><\/td>\n<td width=\"66\">&nbsp;<\/td>\n<\/tr>\n<tr>\n<td width=\"243\">Rosimeire Nunes de Oliveira<\/td>\n<td width=\"208\"><a href=\"mailto:rosy_biologa@yahoo.com.br%20%20rnoliveira@uepg.br\">rosy_biologa@yahoo.com.br \u00a0rnoliveira@uepg.br<\/a><\/td>\n<td width=\"66\">&nbsp;<\/td>\n<\/tr>\n<tr>\n<td width=\"243\">Rosimeri de Oliveira Fragoso<\/td>\n<td width=\"208\"><a href=\"mailto:meri_ol@yahoo.com.br\">meri_ol@yahoo.com.br<\/a><\/td>\n<td width=\"66\">&nbsp;<\/td>\n<\/tr>\n<tr>\n<td width=\"243\">Susete Wambier Christo<\/td>\n<td width=\"208\"><a href=\"mailto:swchristo@hotmail.com\">swchristo@hotmail.com<\/a><\/td>\n<td width=\"66\">&nbsp;<\/td>\n<\/tr>\n<tr>\n<td width=\"243\">Vin\u00edcius Matheus Caldart<\/td>\n<td width=\"208\"><a href=\"mailto:vmcaldart@uepg.br\">vmcaldart@uepg.br<\/a><\/td>\n<td width=\"66\">&nbsp;<\/td>\n<\/tr>\n<tr>\n<td width=\"243\"><strong>Departamento de Biologia Estrutural, Molecular e Gen\u00e9tica<\/strong><\/p>\n<p><strong>\u00a0<\/strong><\/td>\n<td width=\"208\"><strong><em>e-mail<\/em><\/strong><\/td>\n<td width=\"66\"><strong><em>\u00a0<\/em><\/strong><\/td>\n<\/tr>\n<tr>\n<td width=\"243\">Cristina Lucia Sant&#8217;Ana Costa Ayub<\/td>\n<td width=\"208\"><a href=\"mailto:clscayub@uepg.br\">clscayub@uepg.br<\/a><\/td>\n<td width=\"66\">&nbsp;<\/td>\n<\/tr>\n<tr>\n<td width=\"243\">Gl\u00e1ucia Eloisa Munhoz de Lion Siervo<\/td>\n<td width=\"208\"><a href=\"mailto:gemlsiervo@gmail.com\">gemlsiervo@gmail.com<\/a><\/td>\n<td width=\"66\">&nbsp;<\/td>\n<\/tr>\n<tr>\n<td width=\"243\">Jesiane Stefania da Silva Batista<\/td>\n<td width=\"208\"><a href=\"mailto:Jesiane.batista@gmail.com\">Jesiane.batista@gmail.com<\/a><\/td>\n<td width=\"66\">&nbsp;<\/td>\n<\/tr>\n<tr>\n<td width=\"243\">Jos\u00e9 Rosa Gomes<\/td>\n<td width=\"208\"><a href=\"mailto:1967jrgomes@gmail.com\">1967jrgomes@gmail.com<\/a><\/td>\n<td width=\"66\">&nbsp;<\/td>\n<\/tr>\n<tr>\n<td width=\"243\">Katia Sabrina Paludo<\/td>\n<td width=\"208\"><a href=\"mailto:katiapaludo@gmail.com\">katiapaludo@gmail.com<\/a><\/td>\n<td width=\"66\">&nbsp;<\/td>\n<\/tr>\n<tr>\n<td width=\"243\">Mara Cristina de Almeida Matiello<\/td>\n<td width=\"208\"><a href=\"mailto:almeidamara@uol.com\">almeidamara@uol.com<\/a><\/td>\n<td width=\"66\">&nbsp;<\/td>\n<\/tr>\n<tr>\n<td width=\"243\">Marcelo Ricardo Vicari<\/td>\n<td width=\"208\"><a href=\"mailto:vicarimr@yahoo.com.br\">vicarimr@yahoo.com.br<\/a><\/td>\n<td width=\"66\">&nbsp;<\/td>\n<\/tr>\n<tr>\n<td width=\"243\">Marcos Pileggi<\/td>\n<td width=\"208\"><a href=\"mailto:mpileggi@uepg.br\/pileggimarcos@gmail.com\">mpileggi@uepg.br\/pileggimarcos@gmail.com<\/a><\/td>\n<td width=\"66\">&nbsp;<\/td>\n<\/tr>\n<tr>\n<td width=\"243\">Maria Albertina de Miranda Soares<\/td>\n<td width=\"208\"><a href=\"mailto:tina@uepg.br\">tina@uepg.br<\/a><\/td>\n<td width=\"66\">&nbsp;<\/td>\n<\/tr>\n<tr>\n<td width=\"243\">Mateus Henrique Santos<\/td>\n<td width=\"208\"><a href=\"mailto:marangonsantos@gmail.com\">marangonsantos@gmail.com<\/a><\/p>\n<p>&nbsp;<\/td>\n<td width=\"66\">&nbsp;<\/td>\n<\/tr>\n<tr>\n<td width=\"243\">Michele Dietrich Moura Costa<\/td>\n<td width=\"208\"><a href=\"mailto:mi_dietrich@hotmail.com.br\">mi_dietrich@hotmail.com.br<\/a><\/td>\n<td width=\"66\">&nbsp;<\/td>\n<\/tr>\n<tr>\n<td width=\"243\">Roberto Ferreira Artoni<\/td>\n<td width=\"208\"><a href=\"mailto:rfartoni@pq.cnpq.br\">rfartoni@pq.cnpq.br<\/a><\/td>\n<td width=\"66\">&nbsp;<\/td>\n<\/tr>\n<tr>\n<td width=\"243\">Sonia Alvim Veiga Pileggi<\/td>\n<td width=\"208\"><a href=\"mailto:sonia.pileggi@gmail.com\">sonia.pileggi@gmail.com<\/a><\/td>\n<td width=\"66\">&nbsp;<\/td>\n<\/tr>\n<tr>\n<td width=\"243\"><strong>Departamento de Geoci\u00eancias<\/strong><\/td>\n<td width=\"208\"><strong><em>e-mail<\/em><\/strong><\/td>\n<td width=\"66\"><strong><em>\u00a0<\/em><\/strong><\/td>\n<\/tr>\n<tr>\n<td width=\"243\">Camila Bittencourt Silva<\/td>\n<td width=\"208\"><a href=\"mailto:camibittencourt@yahoo.com.br\">camibittencourt@yahoo.com.br<\/a> \/ <a href=\"mailto:camilabs@uepg.br\">camilabs@uepg.br<\/a><\/td>\n<td width=\"66\">&nbsp;<\/td>\n<\/tr>\n<tr>\n<td width=\"243\">Elvio Pinto Bosetti<\/td>\n<td width=\"208\"><a href=\"mailto:elviobosetti@gmail.com\">elviobosetti@gmail.com<\/a><\/td>\n<td width=\"66\">&nbsp;<\/td>\n<\/tr>\n<tr>\n<td width=\"243\">Gilson Burigo Guimar\u00e3es<\/td>\n<td width=\"208\"><a href=\"mailto:gilsonburigo@gmail.com\">gilsonburigo@gmail.com<\/a><\/td>\n<td width=\"66\">&nbsp;<\/td>\n<\/tr>\n<tr>\n<td width=\"243\">Gilson Campos Ferreira da Cruz<\/td>\n<td width=\"208\"><a href=\"mailto:gilsoncruz@uepg.br\">gilsoncruz@uepg.br<\/a><\/td>\n<td width=\"66\">&nbsp;<\/td>\n<\/tr>\n<tr>\n<td width=\"243\">Pedro Crist<\/td>\n<td width=\"208\"><a href=\"mailto:cristpedro1@gmail.com\">cristpedro1@gmail.com<\/a><\/td>\n<td width=\"66\">&nbsp;<\/td>\n<\/tr>\n<tr>\n<td width=\"243\"><strong>Departamento de Qu\u00edmica<\/strong><\/td>\n<td width=\"208\"><strong><em>e-mail<\/em><\/strong><\/td>\n<td width=\"66\"><strong><em>\u00a0<\/em><\/strong><\/td>\n<\/tr>\n<tr>\n<td width=\"243\">Adriano Gon\u00e7alves Viana<\/td>\n<td width=\"208\"><a href=\"mailto:adrianogviana@gmail.com\">adrianogviana@gmail.com<\/a><\/td>\n<td width=\"66\">&nbsp;<\/td>\n<\/tr>\n<tr>\n<td width=\"243\">Douglas Henrique Fockink<\/td>\n<td width=\"208\"><a href=\"mailto:douglasfockink@gmail.com\">douglasfockink@gmail.com<\/a><\/td>\n<td width=\"66\">&nbsp;<\/td>\n<\/tr>\n<tr>\n<td width=\"243\">Christiane Trevisan Slivinski<\/td>\n<td width=\"208\"><a href=\"mailto:slivinski@uepg.br\">slivinski@uepg.br<\/a><\/td>\n<td width=\"66\">&nbsp;<\/td>\n<\/tr>\n<tr>\n<td width=\"243\"><strong>Departamento de An\u00e1lises Cl\u00ednicas e Toxicol\u00f3gicas<\/strong><\/p>\n<p><strong>\u00a0<\/strong><\/td>\n<td width=\"208\"><strong><em>e-mail<\/em><\/strong><\/td>\n<td width=\"66\"><strong><em>\u00a0<\/em><\/strong><\/td>\n<\/tr>\n<tr>\n<td width=\"243\">Bruno Ribeiro Cruz<\/td>\n<td width=\"208\"><a href=\"mailto:brcruz@uepg.br\">brcruz@uepg.br<\/a><\/td>\n<td width=\"66\">&nbsp;<\/td>\n<\/tr>\n<tr>\n<td width=\"243\">Cintia Regina Mezzomo Borges<\/td>\n<td width=\"208\"><a href=\"mailto:cintiaregina.mezzomo@gmail.com\">cintiaregina.mezzomo@gmail.com<\/a><\/td>\n<td width=\"66\">&nbsp;<\/td>\n<\/tr>\n<tr>\n<td width=\"243\">Vitor Pimentel<\/td>\n<td width=\"208\"><a href=\"mailto:vcpimentel@uepg.br\">vcpimentel@uepg.br<\/a><\/td>\n<td width=\"66\">&nbsp;<\/td>\n<\/tr>\n<tr>\n<td width=\"243\"><strong>Departamento de Administra\u00e7\u00e3o<\/strong><\/td>\n<td width=\"208\"><strong><em>e-mail<\/em><\/strong><\/td>\n<td width=\"66\"><strong><em>\u00a0<\/em><\/strong><\/td>\n<\/tr>\n<tr>\n<td width=\"243\">Joselton Jos\u00e9 de Almeida Rocha<\/td>\n<td width=\"208\"><a href=\"mailto:joseltonrocha@gmail.com\">joseltonrocha@gmail.com<\/a><\/td>\n<td width=\"66\">&nbsp;<\/td>\n<\/tr>\n<tr>\n<td width=\"243\">Eug\u00eanio Maur\u00edcio da Silva Neto<\/td>\n<td width=\"208\"><a href=\"mailto:silvaneto10@hotmail.com\">silvaneto10@hotmail.com<\/a><\/td>\n<td width=\"66\">&nbsp;<\/td>\n<\/tr>\n<tr>\n<td width=\"243\"><strong>Departamento de Enfermagem e Sa\u00fade P\u00fablica<\/strong><\/td>\n<td width=\"208\"><strong><em>e-mail<\/em><\/strong><\/td>\n<td width=\"66\"><strong><em>\u00a0<\/em><\/strong><\/td>\n<\/tr>\n<tr>\n<td width=\"243\">Camila Marinelli Martins<\/td>\n<td width=\"208\"><strong><a href=\"mailto:cami.marinelli@gmail.com\">cami.marinelli@gmail.com<\/a><\/strong><\/td>\n<td width=\"66\"><strong>\u00a0<\/strong><\/td>\n<\/tr>\n<tr>\n<td width=\"243\">Mariele Katherine Jungles<\/td>\n<td width=\"208\"><a href=\"mailto:mjungles@uepg.br\">mjungles@uepg.br<\/a><\/td>\n<td width=\"66\">&nbsp;<\/td>\n<\/tr>\n<tr>\n<td width=\"243\">P\u00e9ricles Martim Reche<\/td>\n<td width=\"208\"><a href=\"mailto:pmreche@uepg.br\">pmreche@uepg.br<\/a><\/td>\n<td width=\"66\">&nbsp;<\/td>\n<\/tr>\n<tr>\n<td width=\"243\"><strong>Departamento de Zootecnia<\/strong><\/td>\n<td width=\"208\"><strong><em>e-mail<\/em><\/strong><\/td>\n<td width=\"66\"><strong><em>\u00a0<\/em><\/strong><\/td>\n<\/tr>\n<tr>\n<td width=\"243\">Veronica Oliveira Vianna<\/td>\n<td width=\"208\"><a href=\"mailto:vovianna@uepg.br\">vovianna@uepg.br<\/a><\/td>\n<td width=\"66\">&nbsp;<\/td>\n<\/tr>\n<tr>\n<td width=\"243\">&nbsp;<\/td>\n<td width=\"208\">&nbsp;<\/td>\n<td width=\"66\">&nbsp;<\/td>\n<\/tr>\n<\/tbody>\n<\/table>\n","protected":false},"excerpt":{"rendered":"<p>Departamento de Biologia Geral e-mail Lattes Aline Margraf Ferreira amargraf@uepg.br \u00a0 Carla Cristine Kanunfre cckanunfre@gmail.com &nbsp; Denilton Vidolin denissaurorex@gmail.com &nbsp; Dion\u00edzia Xavier Scomparin scomparindio@hotmail.com &nbsp; Ester de Moura Rios estermourarios@yahoo.com.br &nbsp; Fabiano Rodrigo da Maia fabiano.botanica@gmail.com &nbsp; Felipe de Lara Janz fjanz@uepg.br &nbsp; Giovani Marino F\u00e1vero gmfavero@yahoo.com.br &nbsp; Gustavo Henrique Zaia Alves alvesghz@yahoo.com.br &nbsp; Iriane&nbsp;&hellip;<\/p>\n","protected":false},"author":24,"featured_media":0,"parent":0,"menu_order":0,"comment_status":"closed","ping_status":"closed","template":"","meta":[],"_links":{"self":[{"href":"https:\/\/www2.uepg.br\/bacharelado-ciencias-biologicas\/wp-json\/wp\/v2\/pages\/151"}],"collection":[{"href":"https:\/\/www2.uepg.br\/bacharelado-ciencias-biologicas\/wp-json\/wp\/v2\/pages"}],"about":[{"href":"https:\/\/www2.uepg.br\/bacharelado-ciencias-biologicas\/wp-json\/wp\/v2\/types\/page"}],"author":[{"embeddable":true,"href":"https:\/\/www2.uepg.br\/bacharelado-ciencias-biologicas\/wp-json\/wp\/v2\/users\/24"}],"replies":[{"embeddable":true,"href":"https:\/\/www2.uepg.br\/bacharelado-ciencias-biologicas\/wp-json\/wp\/v2\/comments?post=151"}],"version-history":[{"count":9,"href":"https:\/\/www2.uepg.br\/bacharelado-ciencias-biologicas\/wp-json\/wp\/v2\/pages\/151\/revisions"}],"predecessor-version":[{"id":534,"href":"https:\/\/www2.uepg.br\/bacharelado-ciencias-biologicas\/wp-json\/wp\/v2\/pages\/151\/revisions\/534"}],"wp:attachment":[{"href":"https:\/\/www2.uepg.br\/bacharelado-ciencias-biologicas\/wp-json\/wp\/v2\/media?parent=151"}],"curies":[{"name":"wp","href":"https:\/\/api.w.org\/{rel}","templated":true}]}}