{"id":278,"date":"2020-03-05T15:38:10","date_gmt":"2020-03-05T18:38:10","guid":{"rendered":"http:\/\/www2.uepg.br\/testes\/?page_id=278"},"modified":"2021-07-09T11:23:04","modified_gmt":"2021-07-09T14:23:04","slug":"estrutura","status":"publish","type":"page","link":"https:\/\/www2.uepg.br\/bacharelado-ciencias-biologicas\/estrutura\/","title":{"rendered":"Estrutura"},"content":{"rendered":"<p>A estrutura para o curso de <strong>Bacharelado em Ci\u00eancias Biol\u00f3gicas<\/strong> est\u00e1 localizada no <em>campus<\/em> de Uvaranas da Universidade Estadual de Ponta Grossa<\/p>\n<p>Contamos com toda uma estrutura de laborat\u00f3rios para aulas pr\u00e1ticas e pesquisa de todas as \u00e1reas b\u00e1sicas da Biologia (Biof\u00edsica\/Fisiologia, Bot\u00e2nica, Zoologia de Invertebrados, Zoologia de Vertebrados, Gen\u00e9tica, Anatomia, Geologia, Paleontologia, Qu\u00edmica, Bioqu\u00edmica, Biologia Celular, Biologia do Desenvolvimento, Imunologia, Histologia, Microbiologia, Parasitologia, Biodiversidade, Microbiologia Ambiental).<\/p>\n<p>Estes laborat\u00f3rios s\u00e3o equipados conforme suas necessidades espec\u00edficas de Lupas, Microsc\u00f3pios, Balan\u00e7as, Fluxo L\u00e2minar, Termociclador, estufas, micr\u00f3tomo, etc.<\/p>\n<p>O curso tamb\u00e9m conta com estrutura de laborat\u00f3rios que s\u00e3o equipados para o desenvolvimento de pesquisas, inclusive multidisciplinares, os quais possuem equipamentos de ponta e voltados para diferentes \u00e1reas das Ci\u00eancias Biol\u00f3gicas e correlatas.<\/p>\n<p>Tamb\u00e9m, faz-se necess\u00e1rio salientar que nas disciplinas, especialmente das \u00e1reas ambientais, s\u00e3o sempre previstas sa\u00eddas de campo e visitas t\u00e9cnicas, onde recebe apoio log\u00edstico da Universidade.<\/p>\n","protected":false},"excerpt":{"rendered":"<p>A estrutura para o curso de Bacharelado em Ci\u00eancias Biol\u00f3gicas est\u00e1 localizada no campus de Uvaranas da Universidade Estadual de Ponta Grossa Contamos com toda uma estrutura de laborat\u00f3rios para aulas pr\u00e1ticas e pesquisa de todas as \u00e1reas b\u00e1sicas da Biologia (Biof\u00edsica\/Fisiologia, Bot\u00e2nica, Zoologia de Invertebrados, Zoologia de Vertebrados, Gen\u00e9tica, Anatomia, Geologia, Paleontologia, Qu\u00edmica, Bioqu\u00edmica,&nbsp;&hellip;<\/p>\n","protected":false},"author":24,"featured_media":518,"parent":0,"menu_order":0,"comment_status":"closed","ping_status":"closed","template":"","meta":[],"_links":{"self":[{"href":"https:\/\/www2.uepg.br\/bacharelado-ciencias-biologicas\/wp-json\/wp\/v2\/pages\/278"}],"collection":[{"href":"https:\/\/www2.uepg.br\/bacharelado-ciencias-biologicas\/wp-json\/wp\/v2\/pages"}],"about":[{"href":"https:\/\/www2.uepg.br\/bacharelado-ciencias-biologicas\/wp-json\/wp\/v2\/types\/page"}],"author":[{"embeddable":true,"href":"https:\/\/www2.uepg.br\/bacharelado-ciencias-biologicas\/wp-json\/wp\/v2\/users\/24"}],"replies":[{"embeddable":true,"href":"https:\/\/www2.uepg.br\/bacharelado-ciencias-biologicas\/wp-json\/wp\/v2\/comments?post=278"}],"version-history":[{"count":3,"href":"https:\/\/www2.uepg.br\/bacharelado-ciencias-biologicas\/wp-json\/wp\/v2\/pages\/278\/revisions"}],"predecessor-version":[{"id":519,"href":"https:\/\/www2.uepg.br\/bacharelado-ciencias-biologicas\/wp-json\/wp\/v2\/pages\/278\/revisions\/519"}],"wp:featuredmedia":[{"embeddable":true,"href":"https:\/\/www2.uepg.br\/bacharelado-ciencias-biologicas\/wp-json\/wp\/v2\/media\/518"}],"wp:attachment":[{"href":"https:\/\/www2.uepg.br\/bacharelado-ciencias-biologicas\/wp-json\/wp\/v2\/media?parent=278"}],"curies":[{"name":"wp","href":"https:\/\/api.w.org\/{rel}","templated":true}]}}