{"id":287,"date":"2020-03-05T16:03:55","date_gmt":"2020-03-05T19:03:55","guid":{"rendered":"http:\/\/www2.uepg.br\/testes\/?page_id=287"},"modified":"2021-07-08T19:28:20","modified_gmt":"2021-07-08T22:28:20","slug":"grade-curricular","status":"publish","type":"page","link":"https:\/\/www2.uepg.br\/bacharelado-ciencias-biologicas\/grade-curricular\/","title":{"rendered":"Grade curricular"},"content":{"rendered":"<p>&nbsp;<\/p>\n<table style=\"height: 1853px\" width=\"591\">\n<tbody>\n<tr>\n<td width=\"59\"><strong>\u00a0<\/strong><\/td>\n<td width=\"356\"><strong>\u00a0Bacharelado em Ci\u00eancias Biol\u00f3gicas<\/strong><\/td>\n<td width=\"85\"><strong>\u00a0<\/strong><\/td>\n<\/tr>\n<tr>\n<td width=\"59\"><strong>\u00a0C\u00d3DIGO <\/strong><\/td>\n<td width=\"356\"><strong>DISCIPLINAS <\/strong><\/td>\n<td width=\"85\"><strong>C.H. total<\/strong><\/td>\n<\/tr>\n<tr>\n<td colspan=\"3\" width=\"501\"><strong>\u00a0\u00a0\u00a0\u00a0\u00a0\u00a0\u00a0\u00a0\u00a0\u00a0\u00a0\u00a0\u00a0\u00a0\u00a0\u00a0\u00a0\u00a0\u00a0\u00a0\u00a0\u00a0\u00a0\u00a0\u00a0\u00a0\u00a0\u00a0\u00a0\u00a0\u00a0\u00a0 <\/strong><strong>\u00a0\u00a01\u00aa S\u00c9RIE<\/strong><\/td>\n<\/tr>\n<tr>\n<td width=\"59\"><strong>303520<\/strong><\/td>\n<td width=\"356\">Anatomia Humana (*)<\/td>\n<td width=\"85\">51h<\/td>\n<\/tr>\n<tr>\n<td width=\"59\"><strong>308525<\/strong><\/td>\n<td width=\"356\">Biologia Celular (*)<\/td>\n<td width=\"85\">68h<\/td>\n<\/tr>\n<tr>\n<td width=\"59\"><strong>303522<\/strong><\/td>\n<td width=\"356\">Zoologia e Anatomia Comparada de Invertebrados I (*)<\/td>\n<td width=\"85\">102h<\/td>\n<\/tr>\n<tr>\n<td width=\"59\"><strong>103260<\/strong><\/td>\n<td width=\"356\">Qu\u00edmica Geral (*)<\/td>\n<td width=\"85\">68h<\/td>\n<\/tr>\n<tr>\n<td width=\"59\"><strong>303526<\/strong><\/td>\n<td width=\"356\">Morfoanatomia Vegetal (*)<\/td>\n<td width=\"85\">68h<\/td>\n<\/tr>\n<tr>\n<td width=\"59\"><strong>303539<\/strong><\/td>\n<td width=\"356\">\u00c9tica e Atua\u00e7\u00e3o Profissional (*)<\/td>\n<td width=\"85\">51h<\/td>\n<\/tr>\n<tr>\n<td width=\"59\"><strong>303529<\/strong><\/td>\n<td width=\"356\">Fisiologia Vegetal (**)<\/td>\n<td width=\"85\">51h<\/td>\n<\/tr>\n<tr>\n<td width=\"59\"><strong>303530<\/strong><\/td>\n<td width=\"356\">Biof\u00edsica (**)<\/td>\n<td width=\"85\">68h<\/td>\n<\/tr>\n<tr>\n<td width=\"59\"><strong>308526<\/strong><\/td>\n<td width=\"356\">Histologia Geral (**)<\/td>\n<td width=\"85\">68h<\/td>\n<\/tr>\n<tr>\n<td width=\"59\"><strong>303523<\/strong><\/td>\n<td width=\"356\">Zoologia e Anatomia Comparada de Invertebrados II (**)<\/td>\n<td width=\"85\">68h<\/td>\n<\/tr>\n<tr>\n<td width=\"59\"><strong>303540<\/strong><\/td>\n<td width=\"356\">M\u00e9todo Cient\u00edfico<\/td>\n<td width=\"85\">34h<\/td>\n<\/tr>\n<tr>\n<td width=\"59\"><strong>303533<\/strong><\/td>\n<td width=\"356\">Ecologia Geral (**)<\/td>\n<td width=\"85\">51h<\/td>\n<\/tr>\n<tr>\n<td width=\"59\"><strong>\u00a0<\/strong><\/td>\n<td width=\"356\"><strong>DISCIPLINAS DE DIVERSIFICA\u00c7\u00c3O<\/strong><\/td>\n<td width=\"85\">cumprir 51h<\/td>\n<\/tr>\n<tr>\n<td colspan=\"3\" width=\"501\"><\/td>\n<\/tr>\n<tr>\n<td colspan=\"3\" width=\"501\"><strong>\u00a0\u00a0\u00a0\u00a0\u00a0\u00a0\u00a0\u00a0\u00a0\u00a0\u00a0\u00a0\u00a0\u00a0\u00a0\u00a0\u00a0\u00a0\u00a0\u00a0\u00a0\u00a0\u00a0\u00a0\u00a0\u00a0\u00a0\u00a0\u00a0\u00a0\u00a0\u00a0 <\/strong><strong>\u00a0\u00a02\u00aa S\u00c9RIE<\/strong><\/td>\n<\/tr>\n<tr>\n<td width=\"59\"><strong>103261<\/strong><\/td>\n<td width=\"356\">Bioqu\u00edmica (*)<\/td>\n<td width=\"85\">102h<\/td>\n<\/tr>\n<tr>\n<td width=\"59\"><strong>308528<\/strong><\/td>\n<td width=\"356\">Gen\u00e9tica Mendeliana e Heran\u00e7a cromoss\u00f4mica (*)<\/td>\n<td width=\"85\">51h<\/td>\n<\/tr>\n<tr>\n<td width=\"59\"><strong>303524<\/strong><\/td>\n<td width=\"356\">Zoologia e Anatomia Comparada de Vertebrados I (*)<\/td>\n<td width=\"85\">68h<\/td>\n<\/tr>\n<tr>\n<td width=\"59\"><strong>303527<\/strong><\/td>\n<td width=\"356\">Bot\u00e2nica Criptog\u00e2mica (*)<\/td>\n<td width=\"85\">102h<\/td>\n<\/tr>\n<tr>\n<td width=\"59\"><strong>305045<\/strong><\/td>\n<td width=\"356\">Imunologia (*)<\/td>\n<td width=\"85\">51h<\/td>\n<\/tr>\n<tr>\n<td width=\"59\"><strong>303525<\/strong><\/td>\n<td width=\"356\">Zoologia e Anatomia Comparada de Vertebrados II (**)<\/td>\n<td width=\"85\">68h<\/td>\n<\/tr>\n<tr>\n<td width=\"59\"><strong>303528<\/strong><\/td>\n<td width=\"356\">Bot\u00e2nica Fanerog\u00e2mica (**)<\/td>\n<td width=\"85\">102h<\/td>\n<\/tr>\n<tr>\n<td width=\"59\"><strong>104600<\/strong><\/td>\n<td width=\"356\">Geologia (**)<\/td>\n<td width=\"85\">68h<\/td>\n<\/tr>\n<tr>\n<td width=\"59\"><strong>308529<\/strong><\/td>\n<td width=\"356\">Gen\u00e9tica P\u00f3s-Mendeliana e suas extens\u00f5es (**)<\/td>\n<td width=\"85\">51h<\/td>\n<\/tr>\n<tr>\n<td width=\"59\"><strong>303537<\/strong><\/td>\n<td width=\"356\">Bioestat\u00edstica I (**)<\/td>\n<td width=\"85\">51h<\/td>\n<\/tr>\n<tr>\n<td width=\"59\"><strong>\u00a0<\/strong><\/td>\n<td width=\"356\"><strong>DISCIPLINAS DE DIVERSIFICA\u00c7\u00c3O<\/strong><\/td>\n<td width=\"85\">cumprir 102h<\/td>\n<\/tr>\n<tr>\n<td width=\"59\"><strong>\u00a0<\/strong><\/td>\n<td width=\"356\"><strong>\u00a0<\/strong><\/td>\n<td width=\"85\"><\/td>\n<\/tr>\n<tr>\n<td colspan=\"3\" width=\"501\"><strong>\u00a0\u00a0\u00a0\u00a0\u00a0\u00a0\u00a0\u00a0\u00a0\u00a0\u00a0\u00a0\u00a0\u00a0\u00a0\u00a0\u00a0\u00a0\u00a0\u00a0\u00a0\u00a0\u00a0\u00a0\u00a0\u00a0\u00a0\u00a0\u00a0\u00a0\u00a0\u00a0 <\/strong><strong>\u00a0\u00a03\u00aa S\u00c9RIE<\/strong><\/td>\n<\/tr>\n<tr>\n<td width=\"59\"><strong>303534<\/strong><\/td>\n<td width=\"356\">Ecologia de Popula\u00e7\u00f5es (*)<\/td>\n<td width=\"85\">51h<\/td>\n<\/tr>\n<tr>\n<td width=\"59\"><strong>308530<\/strong><\/td>\n<td width=\"356\">Gen\u00e9tica Molecular (*)<\/td>\n<td width=\"85\">68h<\/td>\n<\/tr>\n<tr>\n<td width=\"59\"><strong>104601<\/strong><\/td>\n<td width=\"356\">Paleontologia (*)<\/td>\n<td width=\"85\">51h<\/td>\n<\/tr>\n<tr>\n<td width=\"59\"><strong>308533<\/strong><\/td>\n<td width=\"356\">Microbiologia (*)<\/td>\n<td width=\"85\">68h<\/td>\n<\/tr>\n<tr>\n<td width=\"59\"><strong>303538<\/strong><\/td>\n<td width=\"356\">Bioestat\u00edstica II (*)<\/td>\n<td width=\"85\">51h<\/td>\n<\/tr>\n<tr>\n<td width=\"59\"><strong>303531<\/strong><\/td>\n<td width=\"356\">Fisiologia Humana (*)<\/td>\n<td width=\"85\">68h<\/td>\n<\/tr>\n<tr>\n<td width=\"59\"><strong>303535<\/strong><\/td>\n<td width=\"356\">Ecologia de Comunidades (**)<\/td>\n<td width=\"85\">68h<\/td>\n<\/tr>\n<tr>\n<td width=\"59\"><strong>308527<\/strong><\/td>\n<td width=\"356\">Biologia do Desenvolvimento (**)<\/td>\n<td width=\"85\">51h<\/td>\n<\/tr>\n<tr>\n<td width=\"59\"><strong>303536<\/strong><\/td>\n<td width=\"356\">Parasitologia Humana (**)<\/td>\n<td width=\"85\">68h<\/td>\n<\/tr>\n<tr>\n<td width=\"59\"><strong>403576<\/strong><\/td>\n<td width=\"356\">GEST\u00c3O EMPREENDEDORA (**)<\/td>\n<td width=\"85\">68h<\/td>\n<\/tr>\n<tr>\n<td width=\"59\"><strong>303532<\/strong><\/td>\n<td width=\"356\">Fisiologia Animal Comparada (**)<\/td>\n<td width=\"85\">68h<\/td>\n<\/tr>\n<tr>\n<td width=\"59\"><strong>\u00a0<\/strong><\/td>\n<td width=\"356\"><strong>DISCIPLINAS DE DIVERSIFICA\u00c7\u00c3O<\/strong><\/td>\n<td width=\"85\">cumprir 170h<\/td>\n<\/tr>\n<tr>\n<td colspan=\"3\" width=\"501\"><strong>\u00a0\u00a0\u00a0\u00a0\u00a0\u00a0\u00a0\u00a0\u00a0\u00a0\u00a0\u00a0\u00a0\u00a0\u00a0\u00a0\u00a0\u00a0\u00a0\u00a0\u00a0\u00a0\u00a0\u00a0\u00a0\u00a0\u00a0\u00a0\u00a0\u00a0\u00a0\u00a0 <\/strong><strong>\u00a0\u00a04\u00aa S\u00c9RIE<\/strong><\/td>\n<\/tr>\n<tr>\n<td width=\"59\">303541<\/td>\n<td width=\"356\">Orienta\u00e7\u00e3o de Trabalho de Conclus\u00e3o de Curso I (*)<\/td>\n<td width=\"85\">17h<\/td>\n<\/tr>\n<tr>\n<td width=\"59\">303542<\/td>\n<td width=\"356\">Orienta\u00e7\u00e3o de Trabalho de Conclus\u00e3o de Curso II (**)<\/td>\n<td width=\"85\">17h<\/td>\n<\/tr>\n<tr>\n<td width=\"59\">303543<\/td>\n<td width=\"356\">\u00a0Est\u00e1gio (*)<\/td>\n<td width=\"85\">34h<\/td>\n<\/tr>\n<tr>\n<td width=\"59\"><strong>303544<\/strong><\/td>\n<td width=\"356\">Est\u00e1gio Supervisionado (**)<\/td>\n<td width=\"85\">360h<\/td>\n<\/tr>\n<tr>\n<td width=\"59\">308531<\/td>\n<td width=\"356\">\u00a0Evolu\u00e7\u00e3o Biol\u00f3gica (*)<\/td>\n<td width=\"85\">68h<\/td>\n<\/tr>\n<tr>\n<td width=\"59\"><strong>308532<\/strong><\/td>\n<td width=\"356\">Biogeografia Hist\u00f3rica (*)<\/td>\n<td width=\"85\">51h<\/td>\n<\/tr>\n<tr>\n<td width=\"59\"><strong>\u00a0<\/strong><\/td>\n<td width=\"356\"><strong>DISCIPLINAS DE DIVERSIFICA\u00c7\u00c3O<\/strong><\/td>\n<td width=\"85\">cumprir 187h<\/td>\n<\/tr>\n<tr>\n<td colspan=\"3\" width=\"501\"><strong>\u00a0<\/strong><\/td>\n<\/tr>\n<\/tbody>\n<\/table>\n<p><span style=\"font-family: arial;font-size: small\">* Disciplina semestral, oferecida no primeiro semestre.<br \/>\n** Disciplina semestral, oferecida no segundo semestre.<\/span><\/p>\n","protected":false},"excerpt":{"rendered":"<p>&nbsp; \u00a0 \u00a0Bacharelado em Ci\u00eancias Biol\u00f3gicas \u00a0 \u00a0C\u00d3DIGO DISCIPLINAS C.H. total \u00a0\u00a0\u00a0\u00a0\u00a0\u00a0\u00a0\u00a0\u00a0\u00a0\u00a0\u00a0\u00a0\u00a0\u00a0\u00a0\u00a0\u00a0\u00a0\u00a0\u00a0\u00a0\u00a0\u00a0\u00a0\u00a0\u00a0\u00a0\u00a0\u00a0\u00a0\u00a0 \u00a0\u00a01\u00aa S\u00c9RIE 303520 Anatomia Humana (*) 51h 308525 Biologia Celular (*) 68h 303522 Zoologia e Anatomia Comparada de Invertebrados I (*) 102h 103260 Qu\u00edmica Geral (*) 68h 303526 Morfoanatomia Vegetal (*) 68h 303539 \u00c9tica e Atua\u00e7\u00e3o Profissional (*) 51h 303529 Fisiologia Vegetal (**)&nbsp;&hellip;<\/p>\n","protected":false},"author":24,"featured_media":0,"parent":0,"menu_order":0,"comment_status":"closed","ping_status":"closed","template":"","meta":[],"_links":{"self":[{"href":"https:\/\/www2.uepg.br\/bacharelado-ciencias-biologicas\/wp-json\/wp\/v2\/pages\/287"}],"collection":[{"href":"https:\/\/www2.uepg.br\/bacharelado-ciencias-biologicas\/wp-json\/wp\/v2\/pages"}],"about":[{"href":"https:\/\/www2.uepg.br\/bacharelado-ciencias-biologicas\/wp-json\/wp\/v2\/types\/page"}],"author":[{"embeddable":true,"href":"https:\/\/www2.uepg.br\/bacharelado-ciencias-biologicas\/wp-json\/wp\/v2\/users\/24"}],"replies":[{"embeddable":true,"href":"https:\/\/www2.uepg.br\/bacharelado-ciencias-biologicas\/wp-json\/wp\/v2\/comments?post=287"}],"version-history":[{"count":4,"href":"https:\/\/www2.uepg.br\/bacharelado-ciencias-biologicas\/wp-json\/wp\/v2\/pages\/287\/revisions"}],"predecessor-version":[{"id":489,"href":"https:\/\/www2.uepg.br\/bacharelado-ciencias-biologicas\/wp-json\/wp\/v2\/pages\/287\/revisions\/489"}],"wp:attachment":[{"href":"https:\/\/www2.uepg.br\/bacharelado-ciencias-biologicas\/wp-json\/wp\/v2\/media?parent=287"}],"curies":[{"name":"wp","href":"https:\/\/api.w.org\/{rel}","templated":true}]}}