{"id":297,"date":"2020-03-05T16:21:16","date_gmt":"2020-03-05T19:21:16","guid":{"rendered":"http:\/\/www2.uepg.br\/testes\/?page_id=297"},"modified":"2021-07-09T10:23:41","modified_gmt":"2021-07-09T13:23:41","slug":"atividades-complementares","status":"publish","type":"page","link":"https:\/\/www2.uepg.br\/bacharelado-ciencias-biologicas\/atividades-complementares\/","title":{"rendered":"Atividades Complementares"},"content":{"rendered":"<p><b>O acad\u00eamico deve comprovar, mediante protocolo (na 4\u00aa s\u00e9rie)\u00a0 ao Colegiado de Curso de Bacharelado em Ci\u00eancias Biol\u00f3gicas, o m\u00ednimo de 200 horas de atividades complementares.<\/b><\/p>\n<p><strong>Regulamento para avalia\u00e7\u00e3o das Atividades Complementares<\/strong><\/p>\n<p>1. PESQUISA<br \/>\nParticipa\u00e7\u00e3o em Projetos de Pesquisa, Extens\u00e3o e Ensino, bolsista ou n\u00e3o, ligados \u00e0 \u00e1rea,<br \/>\naprovada pelos \u00f3rg\u00e3os superiores da UEPG: considerar at\u00e9 90 horas de atividades<br \/>\ncomplementares.<\/p>\n<p>2. EST\u00c1GIOS E MONITORIAS<br \/>\n2.a. Participa\u00e7\u00e3o em Est\u00e1gios, volunt\u00e1rios ou n\u00e3o ligados \u00e0s \u00e1reas Biol\u00f3gica ou<br \/>\nAdministrativa, extra curricular, em \u00f3rg\u00e3os e institui\u00e7\u00f5es p\u00fablicas ou privadas, inclusive na<br \/>\nUEPG: considerar at\u00e9 80 horas de atividades complementares<br \/>\n2.b. Participa\u00e7\u00e3o em Programas de monitorias de disciplinas: considerar 20% do total da<br \/>\ncarga hor\u00e1ria da disciplina<\/p>\n<p>3. CONGRESSOS, SIMP\u00d3SIOS, CICLOS DE PALESTRAS, CURSOS E OUTROS<br \/>\n3.a. Participa\u00e7\u00e3o como palestrante, conferencista ou equivalente em Congressos,<br \/>\nSimp\u00f3sios, Ciclos de Palestras, semin\u00e1rios, encontros, reuni\u00f5es, confer\u00eancias, ou similares<br \/>\nligados \u00e0 \u00e1rea: considerar o dobro da carga hor\u00e1ria declarada, caso n\u00e3o haja carga hor\u00e1ria<br \/>\ndeclarada, considerar 2 horas de atividades complementares para cada palestra.<br \/>\n3.b. Apresenta\u00e7\u00e3o de trabalhos em eventos v\u00e1rios, na forma oral ou em pain\u00e9is: considerar<br \/>\n10 horas de atividades complementares para cada participa\u00e7\u00e3o.<br \/>\n3.c. Promo\u00e7\u00e3o, coordena\u00e7\u00e3o ou organiza\u00e7\u00e3o de eventos como Ciclo de Palestras, semana<br \/>\nde estudos, jornadas, semin\u00e1rios, f\u00f3runs, simp\u00f3sio, encontros, feiras, reuni\u00f5es,<br \/>\nconfer\u00eancias ou similares ligados \u00e0 \u00e1rea, apresentando c\u00f3pia do projeto de execu\u00e7\u00e3o<br \/>\narquivado e devidamente reconhecido pelo Colegiado: considerar at\u00e9 16 horas de atividades<br \/>\ncomplementares para cada evento.<br \/>\n3.d. Participa\u00e7\u00e3o como assistente de coordena\u00e7\u00e3o, monitor ou assemelhado em<br \/>\nCongressos, simp\u00f3sios, ciclos de palestras, semin\u00e1rios, encontros, reuni\u00f5es, confer\u00eancias,<br \/>\ncursos e outras atividades extracurriculares, ligadas \u00e0 \u00e1rea: considerar at\u00e9 10 horas de<br \/>\natividades complementares por cada participa\u00e7\u00e3o.<br \/>\n3.e. Participa\u00e7\u00e3o como ouvinte em Mesas-redondas, em congressos, simp\u00f3sios, semanas,<br \/>\nsemin\u00e1rios, encontros, reuni\u00f5es e outros, ligados \u00e0 \u00e1rea. Com carga hor\u00e1ria declarada,<br \/>\nconsidera at\u00e9 8 horas de atividades complementares por evento.<br \/>\n3.f. Participar como cursista em minicursos, treinamentos, maratonas, workshops e outros,<br \/>\nligados \u00e0 \u00e1rea: considerar at\u00e9 16 horas de atividades complementares por evento.<\/p>\n<p>4. VIAGENS, SA\u00cdDAS E EXCURS\u00d5ES CIENT\u00cdFICAS OU SIMILARES<br \/>\nParticipa\u00e7\u00e3o em viagens, sa\u00eddas, e excurs\u00f5es cient\u00edficas, ligadas \u00e0 \u00e1rea, exceto as previstas<br \/>\nnas disciplinas no qual o cursista est\u00e1 matriculado: considerar at\u00e9 16 horas de atividades<br \/>\ncomplementares.<\/p>\n<p>5. REPRESENTA\u00c7\u00c3O DISCENTE<br \/>\n5.a. Representa\u00e7\u00e3o discente junto a Colegiados, Conselhos, Departamentos e Comiss\u00f5es<br \/>\nda UEPG: considerar, independente da carga hor\u00e1ria declarada, 20 horas de atividades<br \/>\ncomplementares para cada representa\u00e7\u00e3o por ano.<br \/>\n5.b. Participa\u00e7\u00e3o como membro do conselho diretivo do Centro Acad\u00eamico: considerar 8<br \/>\nhoras de atividades complementares por ano, sendo v\u00e1lida apenas uma participa\u00e7\u00e3o,<br \/>\nindependente do cargo.<br \/>\n5.c. Participa\u00e7\u00e3o como membro de ONG ou OSCIP com atividade relacionada \u00e1 \u00e1rea de<br \/>\nbiologia: considerar 5 horas de atividades complementares.<\/p>\n<p>6. MAT\u00c9RIAS E REPORTAGENS<br \/>\nElaborar (redigir) mat\u00e9ria ou reportagem ligada \u00e0 \u00e1rea, veiculada em \u00f3rg\u00e3os de divulga\u00e7\u00e3o<br \/>\nt\u00e9cnico-cient\u00edfico-cultural; considerar 10 horas de atividades complementares para cada<br \/>\nmat\u00e9ria.<\/p>\n<p>OBSERVA\u00c7\u00d5ES GERAIS<br \/>\nA) A partir desta data, todo promo\u00e7\u00e3o acad\u00eamica da UEPG, para ser v\u00e1lida como atividade<br \/>\ncomplementar, deve ter projeto de execu\u00e7\u00e3o aprovado pelo Colegiado competente. O<br \/>\ncontrole de presen\u00e7a e avalia\u00e7\u00e3o, fornecido pelo promotor, \u00e9 indispens\u00e1vel e deve<br \/>\nconstar no certificado.<br \/>\n<strong>Casos omissos dever\u00e3o ser analisados pelo Colegiado.<\/strong><\/p>\n","protected":false},"excerpt":{"rendered":"<p>O acad\u00eamico deve comprovar, mediante protocolo (na 4\u00aa s\u00e9rie)\u00a0 ao Colegiado de Curso de Bacharelado em Ci\u00eancias Biol\u00f3gicas, o m\u00ednimo de 200 horas de atividades complementares. Regulamento para avalia\u00e7\u00e3o das Atividades Complementares 1. PESQUISA Participa\u00e7\u00e3o em Projetos de Pesquisa, Extens\u00e3o e Ensino, bolsista ou n\u00e3o, ligados \u00e0 \u00e1rea, aprovada pelos \u00f3rg\u00e3os superiores da UEPG: considerar&nbsp;&hellip;<\/p>\n","protected":false},"author":24,"featured_media":465,"parent":0,"menu_order":0,"comment_status":"closed","ping_status":"closed","template":"","meta":[],"_links":{"self":[{"href":"https:\/\/www2.uepg.br\/bacharelado-ciencias-biologicas\/wp-json\/wp\/v2\/pages\/297"}],"collection":[{"href":"https:\/\/www2.uepg.br\/bacharelado-ciencias-biologicas\/wp-json\/wp\/v2\/pages"}],"about":[{"href":"https:\/\/www2.uepg.br\/bacharelado-ciencias-biologicas\/wp-json\/wp\/v2\/types\/page"}],"author":[{"embeddable":true,"href":"https:\/\/www2.uepg.br\/bacharelado-ciencias-biologicas\/wp-json\/wp\/v2\/users\/24"}],"replies":[{"embeddable":true,"href":"https:\/\/www2.uepg.br\/bacharelado-ciencias-biologicas\/wp-json\/wp\/v2\/comments?post=297"}],"version-history":[{"count":3,"href":"https:\/\/www2.uepg.br\/bacharelado-ciencias-biologicas\/wp-json\/wp\/v2\/pages\/297\/revisions"}],"predecessor-version":[{"id":497,"href":"https:\/\/www2.uepg.br\/bacharelado-ciencias-biologicas\/wp-json\/wp\/v2\/pages\/297\/revisions\/497"}],"wp:featuredmedia":[{"embeddable":true,"href":"https:\/\/www2.uepg.br\/bacharelado-ciencias-biologicas\/wp-json\/wp\/v2\/media\/465"}],"wp:attachment":[{"href":"https:\/\/www2.uepg.br\/bacharelado-ciencias-biologicas\/wp-json\/wp\/v2\/media?parent=297"}],"curies":[{"name":"wp","href":"https:\/\/api.w.org\/{rel}","templated":true}]}}