{"id":300,"date":"2020-03-05T16:25:39","date_gmt":"2020-03-05T19:25:39","guid":{"rendered":"http:\/\/www2.uepg.br\/testes\/?page_id=300"},"modified":"2021-07-09T11:11:00","modified_gmt":"2021-07-09T14:11:00","slug":"estagio","status":"publish","type":"page","link":"https:\/\/www2.uepg.br\/bacharelado-ciencias-biologicas\/estagio\/","title":{"rendered":"Est\u00e1gios"},"content":{"rendered":"<p>A modalidade de est\u00e1gios para o curso de <strong>Bacharelado em Ci\u00eancias Biol\u00f3gicas<\/strong> pode ser subdividida em dois formatos: Est\u00e1gio Curricular e Est\u00e1gio de atua\u00e7\u00e3o profissional.<\/p>\n<p>EST\u00c1GIO CURRICULAR<\/p>\n<p><strong>Atividade obrigat\u00f3ria<\/strong> realizada no 2\u00ba semestre da 4\u00aa s\u00e9rie e deve contabilizar 360 horas.<\/p>\n<p>O est\u00e1gio deve cumprir atividades profissional em Biologia ou \u00c1reas Correlatas em Empresas\/ Organiza\u00e7\u00f5es ou IES atrav\u00e9s de conv\u00eanios formalmente celebrados com a UEPG. Ao finalizar, o acad\u00eamico deve apresentar um relat\u00f3rio para uma banca de avalia\u00e7\u00e3o composta pelo professor coordenador dos est\u00e1gios, orientador ( da UEPG) e supervisor t\u00e9cnico. A UEPG tem muitos conv\u00eanios com diferentes empresas\/institui\u00e7\u00f5es no Brasil (<a href=\"https:\/\/sistemas.uepg.br\/estagio\/doc\/Manual_Estagio_Online.pdf\" target=\"_blank\" rel=\"noopener\">Instru\u00e7\u00f5es para o Est\u00e1gio ) <\/a>e, para celebrar a minuta de est\u00e1gio, basta o acordo entre as partes. O processo \u00e9 on-line e\u00a0 simples, mesmo para os novos conv\u00eanios. Para auxiliar os acad\u00eamicos em todos os processos e tr\u00e2mites, o curso conta com um professor Coordenador de Est\u00e1gio (com emiss\u00e3o de uma portaria)<\/p>\n<p><b>Coordenador<\/b><b> de <\/b><b>Est\u00e1gio<\/b><b>:<\/b><\/p>\n<ul>\n<li>Denilton Vidolin (DEBIO)<\/li>\n<\/ul>\n<p><a href=\"https:\/\/www2.uepg.br\/bacharelado-ciencias-biologicas\/regulamentos\/\">Regulamento de Est\u00e1gio Curricular do Curso de Bacharelado em Ci\u00eancias Biol\u00f3gicas<\/a><\/p>\n<p>&nbsp;<\/p>\n<p>EST\u00c1GIO DE ATUA\u00c7\u00c3O PROFISSIONAL<\/p>\n<p><strong>Atividade n\u00e3o obrigat\u00f3ria<\/strong> (renumerada ou volunt\u00e1ria) em empresas\/institutos\/ONGs conveniadas, Programas de Inicia\u00e7\u00e3o Cient\u00edfica <a href=\"https:\/\/sistemas.uepg.br\/producao\/pro-reitorias\/propesp\/pesquisa\/pibic\/\">PIBIC\/BIC\/PROVIC<\/a>, Projetos de Extens\u00e3o\u00a0<a href=\"https:\/\/www2.uepg.br\/proex\/bolsas\/\">PROEX\/PIBIS\/PIBEX<\/a> e outros que disponibilizam as vagas de est\u00e1gios durante o curso.<\/p>\n<p style=\"text-align: center\">\n","protected":false},"excerpt":{"rendered":"<p>A modalidade de est\u00e1gios para o curso de Bacharelado em Ci\u00eancias Biol\u00f3gicas pode ser subdividida em dois formatos: Est\u00e1gio Curricular e Est\u00e1gio de atua\u00e7\u00e3o profissional. EST\u00c1GIO CURRICULAR Atividade obrigat\u00f3ria realizada no 2\u00ba semestre da 4\u00aa s\u00e9rie e deve contabilizar 360 horas. O est\u00e1gio deve cumprir atividades profissional em Biologia ou \u00c1reas Correlatas em Empresas\/ Organiza\u00e7\u00f5es&nbsp;&hellip;<\/p>\n","protected":false},"author":24,"featured_media":465,"parent":0,"menu_order":0,"comment_status":"closed","ping_status":"closed","template":"","meta":[],"_links":{"self":[{"href":"https:\/\/www2.uepg.br\/bacharelado-ciencias-biologicas\/wp-json\/wp\/v2\/pages\/300"}],"collection":[{"href":"https:\/\/www2.uepg.br\/bacharelado-ciencias-biologicas\/wp-json\/wp\/v2\/pages"}],"about":[{"href":"https:\/\/www2.uepg.br\/bacharelado-ciencias-biologicas\/wp-json\/wp\/v2\/types\/page"}],"author":[{"embeddable":true,"href":"https:\/\/www2.uepg.br\/bacharelado-ciencias-biologicas\/wp-json\/wp\/v2\/users\/24"}],"replies":[{"embeddable":true,"href":"https:\/\/www2.uepg.br\/bacharelado-ciencias-biologicas\/wp-json\/wp\/v2\/comments?post=300"}],"version-history":[{"count":6,"href":"https:\/\/www2.uepg.br\/bacharelado-ciencias-biologicas\/wp-json\/wp\/v2\/pages\/300\/revisions"}],"predecessor-version":[{"id":511,"href":"https:\/\/www2.uepg.br\/bacharelado-ciencias-biologicas\/wp-json\/wp\/v2\/pages\/300\/revisions\/511"}],"wp:featuredmedia":[{"embeddable":true,"href":"https:\/\/www2.uepg.br\/bacharelado-ciencias-biologicas\/wp-json\/wp\/v2\/media\/465"}],"wp:attachment":[{"href":"https:\/\/www2.uepg.br\/bacharelado-ciencias-biologicas\/wp-json\/wp\/v2\/media?parent=300"}],"curies":[{"name":"wp","href":"https:\/\/api.w.org\/{rel}","templated":true}]}}