{"id":304,"date":"2021-07-08T08:17:29","date_gmt":"2021-07-08T11:17:29","guid":{"rendered":"http:\/\/www2.uepg.br\/testes\/?page_id=304"},"modified":"2021-07-09T10:22:02","modified_gmt":"2021-07-09T13:22:02","slug":"regulamentos","status":"publish","type":"page","link":"https:\/\/www2.uepg.br\/bacharelado-ciencias-biologicas\/regulamentos\/","title":{"rendered":"Regulamentos"},"content":{"rendered":"<p style=\"text-align: center\"><span style=\"color: #ff0000\"><a href=\"https:\/\/www2.uepg.br\/bacharelado-ciencias-biologicas\/regulamentos\/\" target=\"_blank\" rel=\"noopener\">PROJETO PEDAGOGICO DO CURSO DE BACHARELADO EM CI\u00caNCIAS BIOL\u00d3GICAS<\/a><\/span><\/p>\n<p><a href=\"https:\/\/www2.uepg.br\/bacharelado-ciencias-biologicas\/regulamentos\/\" target=\"_blank\" rel=\"noopener\">Regulamento do Trabalho de Conclus\u00e3o de Curso do Curso de Bacharelado em Ci\u00eancias Biol\u00f3gicas<\/a><\/p>\n<p><a href=\"https:\/\/www2.uepg.br\/bacharelado-ciencias-biologicas\/regulamentos\/\" target=\"_blank\" rel=\"noopener\">Regulamento de Est\u00e1gio Curricular do Curso de Bacharelado em Ci\u00eancias Biol\u00f3gicas<\/a><\/p>\n","protected":false},"excerpt":{"rendered":"<p>PROJETO PEDAGOGICO DO CURSO DE BACHARELADO EM CI\u00caNCIAS BIOL\u00d3GICAS Regulamento do Trabalho de Conclus\u00e3o de Curso do Curso de Bacharelado em Ci\u00eancias Biol\u00f3gicas Regulamento de Est\u00e1gio Curricular do Curso de Bacharelado em Ci\u00eancias Biol\u00f3gicas<\/p>\n","protected":false},"author":24,"featured_media":465,"parent":0,"menu_order":0,"comment_status":"closed","ping_status":"closed","template":"","meta":[],"_links":{"self":[{"href":"https:\/\/www2.uepg.br\/bacharelado-ciencias-biologicas\/wp-json\/wp\/v2\/pages\/304"}],"collection":[{"href":"https:\/\/www2.uepg.br\/bacharelado-ciencias-biologicas\/wp-json\/wp\/v2\/pages"}],"about":[{"href":"https:\/\/www2.uepg.br\/bacharelado-ciencias-biologicas\/wp-json\/wp\/v2\/types\/page"}],"author":[{"embeddable":true,"href":"https:\/\/www2.uepg.br\/bacharelado-ciencias-biologicas\/wp-json\/wp\/v2\/users\/24"}],"replies":[{"embeddable":true,"href":"https:\/\/www2.uepg.br\/bacharelado-ciencias-biologicas\/wp-json\/wp\/v2\/comments?post=304"}],"version-history":[{"count":3,"href":"https:\/\/www2.uepg.br\/bacharelado-ciencias-biologicas\/wp-json\/wp\/v2\/pages\/304\/revisions"}],"predecessor-version":[{"id":495,"href":"https:\/\/www2.uepg.br\/bacharelado-ciencias-biologicas\/wp-json\/wp\/v2\/pages\/304\/revisions\/495"}],"wp:featuredmedia":[{"embeddable":true,"href":"https:\/\/www2.uepg.br\/bacharelado-ciencias-biologicas\/wp-json\/wp\/v2\/media\/465"}],"wp:attachment":[{"href":"https:\/\/www2.uepg.br\/bacharelado-ciencias-biologicas\/wp-json\/wp\/v2\/media?parent=304"}],"curies":[{"name":"wp","href":"https:\/\/api.w.org\/{rel}","templated":true}]}}