{"id":353,"date":"2020-05-12T16:29:18","date_gmt":"2020-05-12T19:29:18","guid":{"rendered":"http:\/\/www2.uepg.br\/bacharelado-ciencias-biologicas\/?page_id=353"},"modified":"2021-07-09T10:29:49","modified_gmt":"2021-07-09T13:29:49","slug":"departamento","status":"publish","type":"page","link":"https:\/\/www2.uepg.br\/bacharelado-ciencias-biologicas\/departamento\/","title":{"rendered":"Departamentos"},"content":{"rendered":"<p align=\"center\"><strong><span style=\"font-size: small\">DEPARTAMENTO DE BIOLOGIA GERAL<\/span><\/strong><br \/>\nO hor\u00e1rio de atendimento: segunda \u00e0 sexta-feira, das 08:00 \u00e0s 11:00 e das 13:00 \u00e0s 17:00 horas<\/p>\n<p align=\"center\">Campus Uvaranas &#8211; Bloco M &#8211; Sala 95<br \/>\nAvenida General Carlos Cavalcanti, 4748 &#8211; Ponta Grossa &#8211; PR<br \/>\nFone: (42) 3220-3126<\/p>\n<p align=\"center\"><a class=\"rABsFf RffVmb AL18ce\" href=\"mailto:debiogeral_uepg@yahoo.com.br\" target=\"_blank\" rel=\"noopener\" data-tooltip-position=\"top\" data-tooltip=\"Do perfil do usu\u00e1rio do Google\">debiogeral_uepg@yahoo.com.br<\/a><br \/>\n<a href=\"mailto:debiogeral_uepg@yahoo.com.br%20\" target=\"_blank\" rel=\"noopener\">debio@uepg.br<br \/>\n<\/a><strong><span style=\"font-size: small\">DEPARTAMENTO DE BIOLOGIA ESTRUTURAL, MOLECULAR E GEN\u00c9TICA<\/span><\/strong><br \/>\nO hor\u00e1rio de atendimento: segunda \u00e0 sexta-feira, das 08:00 \u00e0s 11:00 e das 13:00 \u00e0s 17:00 horas<\/p>\n<p align=\"center\">Campus Uvaranas &#8211; Bloco M<br \/>\nAvenida General Carlos Cavalcanti, 4748 &#8211; Ponta Grossa &#8211; PR<br \/>\nFones: (42) 3220-3734<br \/>\n<a href=\"mailto:debiogem@uepg.br\" target=\"_blank\" rel=\"noopener\">debiogem@uepg.br<\/a><\/p>\n","protected":false},"excerpt":{"rendered":"<p>DEPARTAMENTO DE BIOLOGIA GERAL O hor\u00e1rio de atendimento: segunda \u00e0 sexta-feira, das 08:00 \u00e0s 11:00 e das 13:00 \u00e0s 17:00 horas Campus Uvaranas &#8211; Bloco M &#8211; Sala 95 Avenida General Carlos Cavalcanti, 4748 &#8211; Ponta Grossa &#8211; PR Fone: (42) 3220-3126 debiogeral_uepg@yahoo.com.br debio@uepg.br DEPARTAMENTO DE BIOLOGIA ESTRUTURAL, MOLECULAR E GEN\u00c9TICA O hor\u00e1rio de atendimento:&nbsp;&hellip;<\/p>\n","protected":false},"author":24,"featured_media":465,"parent":0,"menu_order":0,"comment_status":"closed","ping_status":"closed","template":"","meta":[],"_links":{"self":[{"href":"https:\/\/www2.uepg.br\/bacharelado-ciencias-biologicas\/wp-json\/wp\/v2\/pages\/353"}],"collection":[{"href":"https:\/\/www2.uepg.br\/bacharelado-ciencias-biologicas\/wp-json\/wp\/v2\/pages"}],"about":[{"href":"https:\/\/www2.uepg.br\/bacharelado-ciencias-biologicas\/wp-json\/wp\/v2\/types\/page"}],"author":[{"embeddable":true,"href":"https:\/\/www2.uepg.br\/bacharelado-ciencias-biologicas\/wp-json\/wp\/v2\/users\/24"}],"replies":[{"embeddable":true,"href":"https:\/\/www2.uepg.br\/bacharelado-ciencias-biologicas\/wp-json\/wp\/v2\/comments?post=353"}],"version-history":[{"count":7,"href":"https:\/\/www2.uepg.br\/bacharelado-ciencias-biologicas\/wp-json\/wp\/v2\/pages\/353\/revisions"}],"predecessor-version":[{"id":510,"href":"https:\/\/www2.uepg.br\/bacharelado-ciencias-biologicas\/wp-json\/wp\/v2\/pages\/353\/revisions\/510"}],"wp:featuredmedia":[{"embeddable":true,"href":"https:\/\/www2.uepg.br\/bacharelado-ciencias-biologicas\/wp-json\/wp\/v2\/media\/465"}],"wp:attachment":[{"href":"https:\/\/www2.uepg.br\/bacharelado-ciencias-biologicas\/wp-json\/wp\/v2\/media?parent=353"}],"curies":[{"name":"wp","href":"https:\/\/api.w.org\/{rel}","templated":true}]}}