{"id":500,"date":"2021-07-08T22:15:46","date_gmt":"2021-07-09T01:15:46","guid":{"rendered":"https:\/\/www2.uepg.br\/bacharelado-ciencias-biologicas\/?page_id=500"},"modified":"2021-07-09T10:25:11","modified_gmt":"2021-07-09T13:25:11","slug":"carga-horaria","status":"publish","type":"page","link":"https:\/\/www2.uepg.br\/bacharelado-ciencias-biologicas\/carga-horaria\/","title":{"rendered":"Carga Hor\u00e1ria"},"content":{"rendered":"<p><b>CARGA HOR\u00c1RIA:<\/b><\/p>\n<ul>\n<li>Forma\u00e7\u00e3o B\u00e1sica Geral &#8211; 2108 horas\/aula<\/li>\n<li>Forma\u00e7\u00e3o Espec\u00edfica Profissional &#8211; 221 horas\/aula<\/li>\n<li>Diversifica\u00e7\u00e3o e Aprofundamento &#8211; 510 horas\/aula<\/li>\n<li>Est\u00e1gio Curricular Supervisionado &#8211; 360 horas\/aula<\/li>\n<li>Atividades Complementares &#8211; 200 horas\/aula<\/li>\n<li><\/li>\n<li><b>CARGA HOR\u00c1RIA TOTAL DO CURSO: 3399 horas\/aula <\/b>(Tr\u00eas mil, trezentos e noventa e nove horas)<\/li>\n<li><b> DURA\u00c7\u00c3O: <\/b>M\u00ednima: 4 anos \/ M\u00e1xima: 6 anos<\/li>\n<\/ul>\n","protected":false},"excerpt":{"rendered":"<p>CARGA HOR\u00c1RIA: Forma\u00e7\u00e3o B\u00e1sica Geral &#8211; 2108 horas\/aula Forma\u00e7\u00e3o Espec\u00edfica Profissional &#8211; 221 horas\/aula Diversifica\u00e7\u00e3o e Aprofundamento &#8211; 510 horas\/aula Est\u00e1gio Curricular Supervisionado &#8211; 360 horas\/aula Atividades Complementares &#8211; 200 horas\/aula CARGA HOR\u00c1RIA TOTAL DO CURSO: 3399 horas\/aula (Tr\u00eas mil, trezentos e noventa e nove horas) DURA\u00c7\u00c3O: M\u00ednima: 4 anos \/ M\u00e1xima: 6 anos<\/p>\n","protected":false},"author":155,"featured_media":465,"parent":0,"menu_order":0,"comment_status":"closed","ping_status":"closed","template":"","meta":[],"_links":{"self":[{"href":"https:\/\/www2.uepg.br\/bacharelado-ciencias-biologicas\/wp-json\/wp\/v2\/pages\/500"}],"collection":[{"href":"https:\/\/www2.uepg.br\/bacharelado-ciencias-biologicas\/wp-json\/wp\/v2\/pages"}],"about":[{"href":"https:\/\/www2.uepg.br\/bacharelado-ciencias-biologicas\/wp-json\/wp\/v2\/types\/page"}],"author":[{"embeddable":true,"href":"https:\/\/www2.uepg.br\/bacharelado-ciencias-biologicas\/wp-json\/wp\/v2\/users\/155"}],"replies":[{"embeddable":true,"href":"https:\/\/www2.uepg.br\/bacharelado-ciencias-biologicas\/wp-json\/wp\/v2\/comments?post=500"}],"version-history":[{"count":3,"href":"https:\/\/www2.uepg.br\/bacharelado-ciencias-biologicas\/wp-json\/wp\/v2\/pages\/500\/revisions"}],"predecessor-version":[{"id":507,"href":"https:\/\/www2.uepg.br\/bacharelado-ciencias-biologicas\/wp-json\/wp\/v2\/pages\/500\/revisions\/507"}],"wp:featuredmedia":[{"embeddable":true,"href":"https:\/\/www2.uepg.br\/bacharelado-ciencias-biologicas\/wp-json\/wp\/v2\/media\/465"}],"wp:attachment":[{"href":"https:\/\/www2.uepg.br\/bacharelado-ciencias-biologicas\/wp-json\/wp\/v2\/media?parent=500"}],"curies":[{"name":"wp","href":"https:\/\/api.w.org\/{rel}","templated":true}]}}