{"id":147,"date":"2020-02-04T21:15:50","date_gmt":"2020-02-05T00:15:50","guid":{"rendered":"http:\/\/www2.uepg.br\/testes\/?page_id=147"},"modified":"2020-03-06T10:09:42","modified_gmt":"2020-03-06T13:09:42","slug":"historico","status":"publish","type":"page","link":"https:\/\/www2.uepg.br\/bacharelado-enfermagem\/historico\/","title":{"rendered":"Hist\u00f3rico"},"content":{"rendered":"<p style=\"text-align: center\"><span style=\"color: #ff0000\">(abaixo exemplo de hist\u00f3rico de um curso)<\/span><\/p>\n<p>A regi\u00e3o dos Campos Gerais, no estado do Paran\u00e1, foi pioneira no desenvolvimento e divulga\u00e7\u00e3o de diversas t\u00e9cnicas agropecu\u00e1rias, como o \u201cplantio direto na palha\u201d e a \u201cintegra\u00e7\u00e3o agricultura \u2013 pecu\u00e1ria\u201d. Conhecida pela de influ\u00eancia de grandes Cooperativas, abriga a maior e mais tecnificada bacia leiteira do Paran\u00e1, com a maior produ\u00e7\u00e3o e melhor produtividade de leite do Brasil, al\u00e9m da destacada produ\u00e7\u00e3o de aves e su\u00ednos. O Curso de Zootecnia foi criado pela Resolu\u00e7\u00e3o n\u00ba 270 de 02\/10\/2001 e reconhecido pelo decreto n\u00ba 170 de 13\/02\/2007 e se tornou uma realidade para uma regi\u00e3o que ansiava por um curso de Gradua\u00e7\u00e3o na \u00e1rea, por suas fortes liga\u00e7\u00f5es com a bovinocultura leiteira, suinocultura e avicultura de corte. O fato de a Universidade ser um elo de preponderante import\u00e2ncia na cadeia produtiva faz com que seus profissionais se empenhem sobremaneira em responder a altura aos avan\u00e7os t\u00e9cnicos exigidos pela comunidade.<\/p>\n<p>Em 2002, atrav\u00e9s de conv\u00eanio estabelecido entre a Secretaria de Estado da Educa\u00e7\u00e3o e a Universidade Estadual de Ponta Grossa, implantou-se no munic\u00edpio de Castro o curso Superior de Zootecnia visando atender a uma demanda reprimida da regi\u00e3o e aproveitar as potencialidades existentes no munic\u00edpio, em termos de estrutura f\u00edsica e recursos humanos, associando-os ao corpo docente e t\u00e9cnico da Universidade Estadual de Ponta Grossa.<\/p>\n<p>Desde o princ\u00edpio, o projeto pedag\u00f3gico do curso vem sofrendo constantes altera\u00e7\u00f5es, visando a melhora da qualifica\u00e7\u00e3o profissional e a adequa\u00e7\u00e3o \u00e0 realidade do Estado e do Pa\u00eds. Assim, em 2016 o curso foi transferido para o Campus de Uvaranas, em Ponta Grossa, passando a contar com estrutura j\u00e1 implantada e em funcionamento, para melhor qualidade de ensino, pesquisa e extens\u00e3o, quanto a laborat\u00f3rios, fazenda escola, bibliotecas e recursos humanos, al\u00e9m da maior intera\u00e7\u00e3o com os demais cursos da universidade. Associando essa estrutura \u00e0 qualifica\u00e7\u00e3o docente do Departamento de Zootecnia, o curso \u00e9 refer\u00eancia nacional e internacional na \u00e1rea de produ\u00e7\u00e3o animal, de modo a garantir uma forma\u00e7\u00e3o s\u00f3lida ao futuro profissional Zootecnista para atua\u00e7\u00e3o nos mais diversos campos que a profiss\u00e3o oferece.<\/p>\n<p>Atualmente, o curso Zootecnia \u00e9 oferecido em per\u00edodo integral, tendo a dura\u00e7\u00e3o de cinco anos, sendo que no segundo semestre, do \u00faltimo ano, o aluno dedica-se exclusivamente a est\u00e1gio obrigat\u00f3rio para forma\u00e7\u00e3o complementar.<\/p>\n","protected":false},"excerpt":{"rendered":"<p>(abaixo exemplo de hist\u00f3rico de um curso) A regi\u00e3o dos Campos Gerais, no estado do Paran\u00e1, foi pioneira no desenvolvimento e divulga\u00e7\u00e3o de diversas t\u00e9cnicas agropecu\u00e1rias, como o \u201cplantio direto na palha\u201d e a \u201cintegra\u00e7\u00e3o agricultura \u2013 pecu\u00e1ria\u201d. Conhecida pela de influ\u00eancia de grandes Cooperativas, abriga a maior e mais tecnificada bacia leiteira do Paran\u00e1,&nbsp;&hellip;<\/p>\n","protected":false},"author":24,"featured_media":0,"parent":0,"menu_order":0,"comment_status":"closed","ping_status":"closed","template":"","meta":[],"_links":{"self":[{"href":"https:\/\/www2.uepg.br\/bacharelado-enfermagem\/wp-json\/wp\/v2\/pages\/147"}],"collection":[{"href":"https:\/\/www2.uepg.br\/bacharelado-enfermagem\/wp-json\/wp\/v2\/pages"}],"about":[{"href":"https:\/\/www2.uepg.br\/bacharelado-enfermagem\/wp-json\/wp\/v2\/types\/page"}],"author":[{"embeddable":true,"href":"https:\/\/www2.uepg.br\/bacharelado-enfermagem\/wp-json\/wp\/v2\/users\/24"}],"replies":[{"embeddable":true,"href":"https:\/\/www2.uepg.br\/bacharelado-enfermagem\/wp-json\/wp\/v2\/comments?post=147"}],"version-history":[{"count":10,"href":"https:\/\/www2.uepg.br\/bacharelado-enfermagem\/wp-json\/wp\/v2\/pages\/147\/revisions"}],"predecessor-version":[{"id":332,"href":"https:\/\/www2.uepg.br\/bacharelado-enfermagem\/wp-json\/wp\/v2\/pages\/147\/revisions\/332"}],"wp:attachment":[{"href":"https:\/\/www2.uepg.br\/bacharelado-enfermagem\/wp-json\/wp\/v2\/media?parent=147"}],"curies":[{"name":"wp","href":"https:\/\/api.w.org\/{rel}","templated":true}]}}