{"id":151,"date":"2020-02-04T21:17:26","date_gmt":"2020-02-05T00:17:26","guid":{"rendered":"http:\/\/www2.uepg.br\/testes\/?page_id=151"},"modified":"2020-03-06T10:28:24","modified_gmt":"2020-03-06T13:28:24","slug":"docentes","status":"publish","type":"page","link":"https:\/\/www2.uepg.br\/bacharelado-enfermagem\/docentes\/","title":{"rendered":"Docentes"},"content":{"rendered":"<p style=\"text-align: left\"><span style=\"color: #ff0000\">(exemplo de listagem com dados importantes sobre os docentes)<\/span><\/p>\n<table class=\" aligncenter\" style=\"height: 126px\" width=\"307\">\n<tbody>\n<tr>\n<td><b>Docente<\/b><\/td>\n<td><b>E-mail<\/b><\/td>\n<td><b>Lattes<\/b><\/td>\n<\/tr>\n<tr>\n<td><span style=\"font-weight: 400\">Jo\u00e3o Maria<\/span><\/td>\n<td><span style=\"font-weight: 400\">joao@exemplo.com<\/span><\/td>\n<td><a href=\"http:\/\/lattes.cnpq.br\/\"><span style=\"font-weight: 400\">link<\/span><\/a><\/td>\n<\/tr>\n<tr>\n<td><span style=\"font-weight: 400\">Maria Jo\u00e3o<\/span><\/td>\n<td><span style=\"font-weight: 400\">maria@exemplo.com<\/span><\/td>\n<td><a href=\"http:\/\/lattes.cnpq.br\/\"><span style=\"font-weight: 400\">link<\/span><\/a><\/td>\n<\/tr>\n<tr>\n<td style=\"text-align: left\"><span style=\"font-weight: 400\">Carlos Jos\u00e9<\/span><\/td>\n<td style=\"text-align: left\"><span style=\"font-weight: 400\">carlos@exemplo.com<\/span><\/td>\n<td><a href=\"http:\/\/lattes.cnpq.br\/\"><span style=\"font-weight: 400\">link<\/span><\/a><\/td>\n<\/tr>\n<\/tbody>\n<\/table>\n","protected":false},"excerpt":{"rendered":"<p>(exemplo de listagem com dados importantes sobre os docentes) Docente E-mail Lattes Jo\u00e3o Maria joao@exemplo.com link Maria Jo\u00e3o maria@exemplo.com link Carlos Jos\u00e9 carlos@exemplo.com link<\/p>\n","protected":false},"author":24,"featured_media":0,"parent":0,"menu_order":0,"comment_status":"closed","ping_status":"closed","template":"","meta":[],"_links":{"self":[{"href":"https:\/\/www2.uepg.br\/bacharelado-enfermagem\/wp-json\/wp\/v2\/pages\/151"}],"collection":[{"href":"https:\/\/www2.uepg.br\/bacharelado-enfermagem\/wp-json\/wp\/v2\/pages"}],"about":[{"href":"https:\/\/www2.uepg.br\/bacharelado-enfermagem\/wp-json\/wp\/v2\/types\/page"}],"author":[{"embeddable":true,"href":"https:\/\/www2.uepg.br\/bacharelado-enfermagem\/wp-json\/wp\/v2\/users\/24"}],"replies":[{"embeddable":true,"href":"https:\/\/www2.uepg.br\/bacharelado-enfermagem\/wp-json\/wp\/v2\/comments?post=151"}],"version-history":[{"count":6,"href":"https:\/\/www2.uepg.br\/bacharelado-enfermagem\/wp-json\/wp\/v2\/pages\/151\/revisions"}],"predecessor-version":[{"id":336,"href":"https:\/\/www2.uepg.br\/bacharelado-enfermagem\/wp-json\/wp\/v2\/pages\/151\/revisions\/336"}],"wp:attachment":[{"href":"https:\/\/www2.uepg.br\/bacharelado-enfermagem\/wp-json\/wp\/v2\/media?parent=151"}],"curies":[{"name":"wp","href":"https:\/\/api.w.org\/{rel}","templated":true}]}}