{"id":159,"date":"2020-02-04T21:19:10","date_gmt":"2020-02-05T00:19:10","guid":{"rendered":"http:\/\/www2.uepg.br\/testes\/?page_id=159"},"modified":"2020-03-06T10:17:23","modified_gmt":"2020-03-06T13:17:23","slug":"extensao","status":"publish","type":"page","link":"https:\/\/www2.uepg.br\/bacharelado-enfermagem\/extensao\/","title":{"rendered":"Extens\u00e3o"},"content":{"rendered":"<p style=\"text-align: center\"><span style=\"color: #ff0000\">(Abaixo exemplo de p\u00e1gina de extens\u00e3o)<\/span><\/p>\n<p>&nbsp;<\/p>\n<p><em><strong>Programa de Avalia\u00e7\u00e3o Gen\u00e9tica de Bovinos Leiteiros do Estado do Paran\u00e1<\/strong><\/em><\/p>\n<p><a href=\"http:\/\/www2.uepg.br\/dezoo\/wp-content\/uploads\/sites\/46\/2019\/12\/sumario_tops.png\" data-slb-active=\"1\" data-slb-asset=\"351024104\" data-slb-internal=\"0\" data-slb-group=\"75\"><img loading=\"lazy\" class=\"alignright wp-image-166\" src=\"http:\/\/www2.uepg.br\/dezoo\/wp-content\/uploads\/sites\/46\/2019\/12\/sumario_tops.png\" alt=\"\" width=\"188\" height=\"264\" \/><\/a>A Associa\u00e7\u00e3o Paranaense de Criadores de Bovinos da Ra\u00e7a Holandesa, em parceria com a Universidade Estadual de Ponta Grossa, desenvolveu o programa Paranaense de avalia\u00e7\u00e3o gen\u00e9tica de vacas da ra\u00e7a Holandesa. O programa tem intuito de avaliar geneticamente as f\u00eameas produtoras de leite no estado do Paran\u00e1. Para tal, an\u00e1lises gen\u00e9ticas de mais de 150000 vacas s\u00e3o realizadas com base na metodologia dos modelos mistos, por meio de solu\u00e7\u00f5es BLUP, para as caracter\u00edsticas de produ\u00e7\u00e3o de leite (kg), produ\u00e7\u00e3o de gordura (kg), produ\u00e7\u00e3o de prote\u00edna (kg), pontua\u00e7\u00e3o final ajustados aos 305 dias de lacta\u00e7\u00e3o, compostos leiteiros, al\u00e9m de \u00edndice de sele\u00e7\u00e3o gen\u00e9tica. Avaliar a classifica\u00e7\u00e3o dos melhores animais para leite, gordura, prote\u00edna e pontua\u00e7\u00e3o final, permite que os criadores possam selecionar geneticamente os animais mais produtivos e com isso aumentar a lucratividade dos rebanhos. O principal intuito deste projeto \u00e9 disponibilizar os valores gen\u00e9ticos dos animais para criadores de todo estado, vinculados a associa\u00e7\u00e3o da ra\u00e7a Holandesa, acelerando o ganho gen\u00e9tico.<\/p>\n<p>&nbsp;<\/p>\n<p><em><strong>Implanta\u00e7\u00e3o de programas visando melhorias na produ\u00e7\u00e3o, qualidade e processamento do leite em propriedades familiares no munic\u00edpio de Reserva \u2013 PR.<\/strong><\/em><\/p>\n<p>Diante do potencial de produ\u00e7\u00e3o de leite na regi\u00e3o e da demanda de cooperativas e latic\u00ednios pelo aumento da produtividade e melhoria da qualidade do leite, o projeto tem por objetivo promover a transfer\u00eancia de tecnologias para produtores de leite familiares.\u00a0 Est\u00e1 vinculado ao Centro Mesorregional de Excel\u00eancia em Tecnologia do Leite (CMETL) tem como participantes professores do Departamento de Zootecnia e de Eng. De Alimentos e acad\u00eamicos do curso de Zootecnia. As institui\u00e7\u00f5es parceiras s\u00e3o o Instituto Agron\u00f4mico do Paran\u00e1 (IAPAR) e a EMATER. Entre as tecnologias desenvolvidas nas propriedades est\u00e3o o planejamento forrageiro, o manejo da pastagem, o balanceamento de dietas, o acompanhamento do desenvolvimento de bezerras e novilhas e pr\u00e1ticas de ordenha visando aumento da qualidade do leite, al\u00e9m de pr\u00e1ticas relacionadas ao processamento do leite na fabrica\u00e7\u00e3o de derivados. A transfer\u00eancia de tecnologias ocorre por meio do acompanhamento nos produtores e tamb\u00e9m de treinamentos e capacita\u00e7\u00e3o por meio de cursos e dias de campo.<\/p>\n<p>&nbsp;<\/p>\n<p><strong><em>Sistemas de produ\u00e7\u00e3o de su\u00ednos e o perfil do consumidor nos Campos Gerais<\/em><\/strong><\/p>\n<p><a href=\"http:\/\/www2.uepg.br\/dezoo\/wp-content\/uploads\/sites\/46\/2019\/12\/folder-scaled-e1575569593347.jpeg\" data-slb-active=\"1\" data-slb-asset=\"1752796754\" data-slb-internal=\"0\" data-slb-group=\"75\"><img loading=\"lazy\" class=\"alignright wp-image-167 \" src=\"http:\/\/www2.uepg.br\/dezoo\/wp-content\/uploads\/sites\/46\/2019\/12\/folder-scaled-e1575569593347-870x1024.jpeg\" alt=\"\" width=\"200\" height=\"235\" \/><\/a>A produ\u00e7\u00e3o de su\u00ednos nos Campos Gerais \u00e9 caracterizada pela diversidade no sistema produtivo. Existem sistemas altamente tecnificados com produ\u00e7\u00e3o verticalizada e de altos \u00edndices produtivos assim como produtores que criam o su\u00edno para subsist\u00eancia em pequenas propriedades. Da mesma forma, a quantidade de carne consumida na regi\u00e3o \u00e9 muito vari\u00e1vel e pode estar associada a quest\u00f5es ligadas ao sistema de produ\u00e7\u00e3o, coloniza\u00e7\u00e3o europeia, religi\u00e3o, condi\u00e7\u00f5es econ\u00f4micas, n\u00edvel de escolaridade e informa\u00e7\u00e3o dos consumidores. Este projeto visa integrar informa\u00e7\u00f5es dos sistemas de produ\u00e7\u00e3o de su\u00ednos e um perfil do consumidor de carne su\u00edna nos munic\u00edpios que formam a regi\u00e3o dos Campos Gerias.\u00a0 Em sintonia, um perfil do consumidor ser\u00e1 estabelecido atrav\u00e9s da aplica\u00e7\u00e3o de question\u00e1rio socioecon\u00f4mico e sobre carne su\u00edna a popula\u00e7\u00e3o. Atrav\u00e9s da m\u00eddia gr\u00e1fica e digital, o consumidor regional ser\u00e1 informado sobre mitos e verdades sobre a carne su\u00edna al\u00e9m dos sistemas de produ\u00e7\u00e3o existentes na regi\u00e3o dos Campos Gerais.<\/p>\n<p>&nbsp;<\/p>\n","protected":false},"excerpt":{"rendered":"<p>(Abaixo exemplo de p\u00e1gina de extens\u00e3o) &nbsp; Programa de Avalia\u00e7\u00e3o Gen\u00e9tica de Bovinos Leiteiros do Estado do Paran\u00e1 A Associa\u00e7\u00e3o Paranaense de Criadores de Bovinos da Ra\u00e7a Holandesa, em parceria com a Universidade Estadual de Ponta Grossa, desenvolveu o programa Paranaense de avalia\u00e7\u00e3o gen\u00e9tica de vacas da ra\u00e7a Holandesa. O programa tem intuito de avaliar&nbsp;&hellip;<\/p>\n","protected":false},"author":24,"featured_media":0,"parent":0,"menu_order":0,"comment_status":"closed","ping_status":"closed","template":"","meta":[],"_links":{"self":[{"href":"https:\/\/www2.uepg.br\/bacharelado-enfermagem\/wp-json\/wp\/v2\/pages\/159"}],"collection":[{"href":"https:\/\/www2.uepg.br\/bacharelado-enfermagem\/wp-json\/wp\/v2\/pages"}],"about":[{"href":"https:\/\/www2.uepg.br\/bacharelado-enfermagem\/wp-json\/wp\/v2\/types\/page"}],"author":[{"embeddable":true,"href":"https:\/\/www2.uepg.br\/bacharelado-enfermagem\/wp-json\/wp\/v2\/users\/24"}],"replies":[{"embeddable":true,"href":"https:\/\/www2.uepg.br\/bacharelado-enfermagem\/wp-json\/wp\/v2\/comments?post=159"}],"version-history":[{"count":2,"href":"https:\/\/www2.uepg.br\/bacharelado-enfermagem\/wp-json\/wp\/v2\/pages\/159\/revisions"}],"predecessor-version":[{"id":333,"href":"https:\/\/www2.uepg.br\/bacharelado-enfermagem\/wp-json\/wp\/v2\/pages\/159\/revisions\/333"}],"wp:attachment":[{"href":"https:\/\/www2.uepg.br\/bacharelado-enfermagem\/wp-json\/wp\/v2\/media?parent=159"}],"curies":[{"name":"wp","href":"https:\/\/api.w.org\/{rel}","templated":true}]}}