{"id":281,"date":"2020-03-05T15:39:15","date_gmt":"2020-03-05T18:39:15","guid":{"rendered":"http:\/\/www2.uepg.br\/testes\/?page_id=281"},"modified":"2020-05-12T16:20:10","modified_gmt":"2020-05-12T19:20:10","slug":"perfil-de-formacao","status":"publish","type":"page","link":"https:\/\/www2.uepg.br\/bacharelado-enfermagem\/perfil-de-formacao\/","title":{"rendered":"Perfil de Forma\u00e7\u00e3o"},"content":{"rendered":"<p>(descrever a profiss\u00e3o, perfil do formado e o mercado de trabalho)<\/p>\n","protected":false},"excerpt":{"rendered":"<p>(descrever a profiss\u00e3o, perfil do formado e o mercado de trabalho)<\/p>\n","protected":false},"author":24,"featured_media":0,"parent":0,"menu_order":0,"comment_status":"closed","ping_status":"closed","template":"","meta":[],"_links":{"self":[{"href":"https:\/\/www2.uepg.br\/bacharelado-enfermagem\/wp-json\/wp\/v2\/pages\/281"}],"collection":[{"href":"https:\/\/www2.uepg.br\/bacharelado-enfermagem\/wp-json\/wp\/v2\/pages"}],"about":[{"href":"https:\/\/www2.uepg.br\/bacharelado-enfermagem\/wp-json\/wp\/v2\/types\/page"}],"author":[{"embeddable":true,"href":"https:\/\/www2.uepg.br\/bacharelado-enfermagem\/wp-json\/wp\/v2\/users\/24"}],"replies":[{"embeddable":true,"href":"https:\/\/www2.uepg.br\/bacharelado-enfermagem\/wp-json\/wp\/v2\/comments?post=281"}],"version-history":[{"count":2,"href":"https:\/\/www2.uepg.br\/bacharelado-enfermagem\/wp-json\/wp\/v2\/pages\/281\/revisions"}],"predecessor-version":[{"id":349,"href":"https:\/\/www2.uepg.br\/bacharelado-enfermagem\/wp-json\/wp\/v2\/pages\/281\/revisions\/349"}],"wp:attachment":[{"href":"https:\/\/www2.uepg.br\/bacharelado-enfermagem\/wp-json\/wp\/v2\/media?parent=281"}],"curies":[{"name":"wp","href":"https:\/\/api.w.org\/{rel}","templated":true}]}}