{"id":290,"date":"2020-03-05T16:09:01","date_gmt":"2020-03-05T19:09:01","guid":{"rendered":"http:\/\/www2.uepg.br\/testes\/?page_id=290"},"modified":"2020-05-18T15:16:49","modified_gmt":"2020-05-18T18:16:49","slug":"planos-de-disciplinas","status":"publish","type":"page","link":"https:\/\/www2.uepg.br\/bacharelado-enfermagem\/planos-de-disciplinas\/","title":{"rendered":"Planos de Disciplinas"},"content":{"rendered":"<p>Nesta p\u00e1gina podem ser inseridos os pdfs relacionados a ementa e mais informa\u00e7\u00f5es necess\u00e1rias. Exemplo abaixo:<\/p>\n<p style=\"text-align: center;\"><a href=\"https:\/\/deinfo.uepg.br\/pag\/eme1_inf.php\">1\u00ba Ano<\/a><\/p>\n<p style=\"text-align: center;\"><a href=\"https:\/\/deinfo.uepg.br\/pag\/eme2_inf.php\">2\u00ba Ano<\/a><\/p>\n<p style=\"text-align: center;\"><a href=\"https:\/\/deinfo.uepg.br\/pag\/eme3_inf.php\">3\u00ba Ano<\/a><\/p>\n<p style=\"text-align: center;\"><a href=\"https:\/\/deinfo.uepg.br\/pag\/eme4_inf.php\">4\u00ba Ano<\/a><\/p>\n<p style=\"text-align: center;\"><a href=\"https:\/\/deinfo.uepg.br\/pag\/emeD_inf.php\">5\u00ba Ano*<\/a><\/p>\n<p style=\"text-align: center;\"><a href=\"https:\/\/deinfo.uepg.br\/pag\/eme5_inf.php\">5\u00ba Ano<\/a><\/p>\n<p style=\"text-align: center;\">*Disciplinas de diversifica\u00e7\u00e3o ou aprofundamento<\/p>\n","protected":false},"excerpt":{"rendered":"<p>Nesta p\u00e1gina podem ser inseridos os pdfs relacionados a ementa e mais informa\u00e7\u00f5es necess\u00e1rias. Exemplo abaixo: 1\u00ba Ano 2\u00ba Ano 3\u00ba Ano 4\u00ba Ano 5\u00ba Ano* 5\u00ba Ano *Disciplinas de diversifica\u00e7\u00e3o ou aprofundamento<\/p>\n","protected":false},"author":24,"featured_media":0,"parent":0,"menu_order":0,"comment_status":"closed","ping_status":"closed","template":"","meta":[],"_links":{"self":[{"href":"https:\/\/www2.uepg.br\/bacharelado-enfermagem\/wp-json\/wp\/v2\/pages\/290"}],"collection":[{"href":"https:\/\/www2.uepg.br\/bacharelado-enfermagem\/wp-json\/wp\/v2\/pages"}],"about":[{"href":"https:\/\/www2.uepg.br\/bacharelado-enfermagem\/wp-json\/wp\/v2\/types\/page"}],"author":[{"embeddable":true,"href":"https:\/\/www2.uepg.br\/bacharelado-enfermagem\/wp-json\/wp\/v2\/users\/24"}],"replies":[{"embeddable":true,"href":"https:\/\/www2.uepg.br\/bacharelado-enfermagem\/wp-json\/wp\/v2\/comments?post=290"}],"version-history":[{"count":6,"href":"https:\/\/www2.uepg.br\/bacharelado-enfermagem\/wp-json\/wp\/v2\/pages\/290\/revisions"}],"predecessor-version":[{"id":380,"href":"https:\/\/www2.uepg.br\/bacharelado-enfermagem\/wp-json\/wp\/v2\/pages\/290\/revisions\/380"}],"wp:attachment":[{"href":"https:\/\/www2.uepg.br\/bacharelado-enfermagem\/wp-json\/wp\/v2\/media?parent=290"}],"curies":[{"name":"wp","href":"https:\/\/api.w.org\/{rel}","templated":true}]}}