{"id":300,"date":"2020-03-05T16:25:39","date_gmt":"2020-03-05T19:25:39","guid":{"rendered":"http:\/\/www2.uepg.br\/testes\/?page_id=300"},"modified":"2020-03-05T16:25:39","modified_gmt":"2020-03-05T19:25:39","slug":"estagio","status":"publish","type":"page","link":"https:\/\/www2.uepg.br\/bacharelado-enfermagem\/estagio\/","title":{"rendered":"Est\u00e1gio"},"content":{"rendered":"<p style=\"text-align: center\"><span style=\"color: #ff0000\">Abaixo exemplo de informa\u00e7\u00f5es sobre est\u00e1gio<\/span><\/p>\n<p>&nbsp;<\/p>\n<h4 style=\"text-align: center\">ENGENHARIA DE SOFTWARE<\/h4>\n<p style=\"text-align: center\"><b><a href=\"https:\/\/deinfo.uepg.br\/pag\/estcur_inf.php\">Regras<\/a><\/b><br \/>\n<b>Coordenador:<\/b>\u00a0Ezequiel Gueiber<br \/>\n<b>E-mail:<\/b>\u00a0<a href=\"mailto:ezequiel@aguiasistemas.com.br\">ezequiel@aguiasistemas.com.br<\/a><br \/>\n<b>Supervisores:<\/b>\u00a0Marcelo Ferrasa e Ezequiel Gueiber<\/p>\n","protected":false},"excerpt":{"rendered":"<p>Abaixo exemplo de informa\u00e7\u00f5es sobre est\u00e1gio &nbsp; ENGENHARIA DE SOFTWARE Regras Coordenador:\u00a0Ezequiel Gueiber E-mail:\u00a0ezequiel@aguiasistemas.com.br Supervisores:\u00a0Marcelo Ferrasa e Ezequiel Gueiber<\/p>\n","protected":false},"author":24,"featured_media":0,"parent":0,"menu_order":0,"comment_status":"closed","ping_status":"closed","template":"","meta":[],"_links":{"self":[{"href":"https:\/\/www2.uepg.br\/bacharelado-enfermagem\/wp-json\/wp\/v2\/pages\/300"}],"collection":[{"href":"https:\/\/www2.uepg.br\/bacharelado-enfermagem\/wp-json\/wp\/v2\/pages"}],"about":[{"href":"https:\/\/www2.uepg.br\/bacharelado-enfermagem\/wp-json\/wp\/v2\/types\/page"}],"author":[{"embeddable":true,"href":"https:\/\/www2.uepg.br\/bacharelado-enfermagem\/wp-json\/wp\/v2\/users\/24"}],"replies":[{"embeddable":true,"href":"https:\/\/www2.uepg.br\/bacharelado-enfermagem\/wp-json\/wp\/v2\/comments?post=300"}],"version-history":[{"count":1,"href":"https:\/\/www2.uepg.br\/bacharelado-enfermagem\/wp-json\/wp\/v2\/pages\/300\/revisions"}],"predecessor-version":[{"id":301,"href":"https:\/\/www2.uepg.br\/bacharelado-enfermagem\/wp-json\/wp\/v2\/pages\/300\/revisions\/301"}],"wp:attachment":[{"href":"https:\/\/www2.uepg.br\/bacharelado-enfermagem\/wp-json\/wp\/v2\/media?parent=300"}],"curies":[{"name":"wp","href":"https:\/\/api.w.org\/{rel}","templated":true}]}}