{"id":147,"date":"2020-02-04T21:15:50","date_gmt":"2020-02-05T00:15:50","guid":{"rendered":"http:\/\/www2.uepg.br\/testes\/?page_id=147"},"modified":"2020-05-29T18:46:52","modified_gmt":"2020-05-29T21:46:52","slug":"historico","status":"publish","type":"page","link":"https:\/\/www2.uepg.br\/bacharelado-engenharia-civil\/historico\/","title":{"rendered":"Hist\u00f3rico"},"content":{"rendered":"<p>No in\u00edcio da d\u00e9cada de 1970, professores do Setor de Ci\u00eancias Exatas e Naturais da Universidade Estadual de Ponta Grossa (UEPG) perceberam a demanda local por Curso na \u00e1rea de Engenharia. Com o apoio da Administra\u00e7\u00e3o Superior da Universidade foi criado o Curso de Engenharia Civil da UEPG, regulamentado pela Resolu\u00e7\u00e3o N\u00ba 15 de 14 de dezembro de 1973, dentro do regime semestral de cr\u00e9ditos ent\u00e3o em vigor na Institui\u00e7\u00e3o.\u00a0O reconhecimento do Curso pelo Minist\u00e9rio da Educa\u00e7\u00e3o deu-se pelo Decreto n\u00ba 82.190 de 29 de agosto de 1978 \u2013 Di\u00e1rio Oficial da Uni\u00e3o de 30 de agosto de 1978, ap\u00f3s a formatura da primeira turma de Engenheiros Civis em 05 de agosto de 1978.<\/p>\n","protected":false},"excerpt":{"rendered":"<p>No in\u00edcio da d\u00e9cada de 1970, professores do Setor de Ci\u00eancias Exatas e Naturais da Universidade Estadual de Ponta Grossa (UEPG) perceberam a demanda local por Curso na \u00e1rea de Engenharia. Com o apoio da Administra\u00e7\u00e3o Superior da Universidade foi criado o Curso de Engenharia Civil da UEPG, regulamentado pela Resolu\u00e7\u00e3o N\u00ba 15 de 14&nbsp;&hellip;<\/p>\n","protected":false},"author":24,"featured_media":0,"parent":0,"menu_order":0,"comment_status":"closed","ping_status":"closed","template":"","meta":[],"_links":{"self":[{"href":"https:\/\/www2.uepg.br\/bacharelado-engenharia-civil\/wp-json\/wp\/v2\/pages\/147"}],"collection":[{"href":"https:\/\/www2.uepg.br\/bacharelado-engenharia-civil\/wp-json\/wp\/v2\/pages"}],"about":[{"href":"https:\/\/www2.uepg.br\/bacharelado-engenharia-civil\/wp-json\/wp\/v2\/types\/page"}],"author":[{"embeddable":true,"href":"https:\/\/www2.uepg.br\/bacharelado-engenharia-civil\/wp-json\/wp\/v2\/users\/24"}],"replies":[{"embeddable":true,"href":"https:\/\/www2.uepg.br\/bacharelado-engenharia-civil\/wp-json\/wp\/v2\/comments?post=147"}],"version-history":[{"count":12,"href":"https:\/\/www2.uepg.br\/bacharelado-engenharia-civil\/wp-json\/wp\/v2\/pages\/147\/revisions"}],"predecessor-version":[{"id":394,"href":"https:\/\/www2.uepg.br\/bacharelado-engenharia-civil\/wp-json\/wp\/v2\/pages\/147\/revisions\/394"}],"wp:attachment":[{"href":"https:\/\/www2.uepg.br\/bacharelado-engenharia-civil\/wp-json\/wp\/v2\/media?parent=147"}],"curies":[{"name":"wp","href":"https:\/\/api.w.org\/{rel}","templated":true}]}}