{"id":281,"date":"2020-03-05T15:39:15","date_gmt":"2020-03-05T18:39:15","guid":{"rendered":"http:\/\/www2.uepg.br\/testes\/?page_id=281"},"modified":"2020-11-16T16:52:46","modified_gmt":"2020-11-16T19:52:46","slug":"perfil-de-formacao","status":"publish","type":"page","link":"https:\/\/www2.uepg.br\/bacharelado-engenharia-civil\/perfil-de-formacao\/","title":{"rendered":"Perfil de Forma\u00e7\u00e3o"},"content":{"rendered":"<p>A Engenharia Civil tem intera\u00e7\u00f5es com todas as atividades humanas, sendo fun\u00e7\u00e3o do engenheiro o planejamento, projeto e execu\u00e7\u00e3o de obras de infraestrutura em todos os seguimentos. \u00c9 atribui\u00e7\u00e3o do profissional projetar, construir, analisar e enfrentar os problemas relacionados a edifica\u00e7\u00f5es, pontes, barragens, t\u00faneis, funda\u00e7\u00f5es, conten\u00e7\u00e3o e estabilidade de taludes, abastecimento de \u00e1gua, recursos h\u00eddricos, controle de cheias, aproveitamentos hidrel\u00e9tricos, irriga\u00e7\u00e3o e drenagem, tratamento de \u00e1gua e esgoto, disposi\u00e7\u00e3o de res\u00edduos s\u00f3lidos e controle da polui\u00e7\u00e3o h\u00eddrica, infraestrutura de transportes, portos, aeroportos, vias naveg\u00e1veis, estradas, planejamento e opera\u00e7\u00e3o de transportes.<\/p>\n<p>O engenheiro deve chefiar as equipes, controlar prazos, custos e o cumprimento das normas de seguran\u00e7a, de sa\u00fade e de meio ambiente. Tamb\u00e9m deve lidar com imprevistos, incentivar a equipe e manter a uni\u00e3o diante de situa\u00e7\u00f5es adversas. Engenheiros (as) devem conhecer materiais de constru\u00e7\u00e3o industrializados, materiais naturais e os materiais de reuso ou reciclados que podem ser utilizados nas obras. Devem prever as a\u00e7\u00f5es de cargas atuantes funcionais e ambientais, a fim de dimensionar as estruturas das diversas edifica\u00e7\u00f5es. Tamb\u00e9m deve garantir a seguran\u00e7a e confiabilidade da obra, exigindo que os materiais empregados e m\u00e9todos de execu\u00e7\u00e3o estejam de acordo com as normas, al\u00e9m de estar atento \u00e0s novas t\u00e9cnicas e tecnologias.<\/p>\n<p>O engenheiro civil \u00e9 um profissional que pode atuar no mercado de trabalho como liberal ou como empregado, em empresas, em ind\u00fastrias, privadas ou estatais, al\u00e9m de poderem atuar com\u00a0 consultorias e como docentes no Ensino Superior. Este profissional pode atuar em qualquer segmento que demande planejamento, projeto, constru\u00e7\u00e3o e manuten\u00e7\u00e3o de edifica\u00e7\u00f5es que comp\u00f5e as \u00e1reas urbana ou rural das cidades, ou seja, o desenvolvimento das cidades passa pelas m\u00e3os deste profissional.<\/p>\n","protected":false},"excerpt":{"rendered":"<p>A Engenharia Civil tem intera\u00e7\u00f5es com todas as atividades humanas, sendo fun\u00e7\u00e3o do engenheiro o planejamento, projeto e execu\u00e7\u00e3o de obras de infraestrutura em todos os seguimentos. \u00c9 atribui\u00e7\u00e3o do profissional projetar, construir, analisar e enfrentar os problemas relacionados a edifica\u00e7\u00f5es, pontes, barragens, t\u00faneis, funda\u00e7\u00f5es, conten\u00e7\u00e3o e estabilidade de taludes, abastecimento de \u00e1gua, recursos h\u00eddricos,&nbsp;&hellip;<\/p>\n","protected":false},"author":24,"featured_media":0,"parent":0,"menu_order":0,"comment_status":"closed","ping_status":"closed","template":"","meta":[],"_links":{"self":[{"href":"https:\/\/www2.uepg.br\/bacharelado-engenharia-civil\/wp-json\/wp\/v2\/pages\/281"}],"collection":[{"href":"https:\/\/www2.uepg.br\/bacharelado-engenharia-civil\/wp-json\/wp\/v2\/pages"}],"about":[{"href":"https:\/\/www2.uepg.br\/bacharelado-engenharia-civil\/wp-json\/wp\/v2\/types\/page"}],"author":[{"embeddable":true,"href":"https:\/\/www2.uepg.br\/bacharelado-engenharia-civil\/wp-json\/wp\/v2\/users\/24"}],"replies":[{"embeddable":true,"href":"https:\/\/www2.uepg.br\/bacharelado-engenharia-civil\/wp-json\/wp\/v2\/comments?post=281"}],"version-history":[{"count":4,"href":"https:\/\/www2.uepg.br\/bacharelado-engenharia-civil\/wp-json\/wp\/v2\/pages\/281\/revisions"}],"predecessor-version":[{"id":981,"href":"https:\/\/www2.uepg.br\/bacharelado-engenharia-civil\/wp-json\/wp\/v2\/pages\/281\/revisions\/981"}],"wp:attachment":[{"href":"https:\/\/www2.uepg.br\/bacharelado-engenharia-civil\/wp-json\/wp\/v2\/media?parent=281"}],"curies":[{"name":"wp","href":"https:\/\/api.w.org\/{rel}","templated":true}]}}