{"id":297,"date":"2020-03-05T16:21:16","date_gmt":"2020-03-05T19:21:16","guid":{"rendered":"http:\/\/www2.uepg.br\/testes\/?page_id=297"},"modified":"2026-03-11T11:49:00","modified_gmt":"2026-03-11T14:49:00","slug":"atividades-complementares","status":"publish","type":"page","link":"https:\/\/www2.uepg.br\/bacharelado-engenharia-civil\/atividades-complementares\/","title":{"rendered":"Atividades Complementares"},"content":{"rendered":"<h3>Atividades Complementares<\/h3>\n<p>Para obter a sua gradua\u00e7\u00e3o, o (a) acad\u00eamico (a) dever\u00e1 cumprir, no m\u00ednimo, 200 (duzentas) horas em atividades complementares voltadas \u00e0 sua forma\u00e7\u00e3o profissional, devidamente reconhecidas pelo Colegiado de Curso. Para obter a sua gradua\u00e7\u00e3o, o (a) acad\u00eamico (a) dever\u00e1 comprovar participa\u00e7\u00e3o obrigat\u00f3ria em atividades (presenciais ou a dist\u00e2ncia) com conte\u00fados que resguardem tamb\u00e9m dimens\u00e3o social da inclus\u00e3o de pessoas com defici\u00eancia, das rela\u00e7\u00f5es \u00e9tnico-raciais, dos afrodescendentes e da preven\u00e7\u00e3o ao uso de drogas, nos termos da Resolu\u00e7\u00e3o UNIV. n\u00ba 1\/2012. Os crit\u00e9rios para participa\u00e7\u00e3o nas atividades complementares est\u00e3o descritos a seguir.<\/p>\n<p>Atividades reconhecidas e cargas hor\u00e1rias consideradas:<\/p>\n<p>&nbsp;<\/p>\n<p style=\"text-align: left\"><strong>Atividades reconhecidas e cargas hor\u00e1rias consideradas pelo Colegiado do Curso de Engenharia Civil<\/strong><br \/>\n1) Est\u00e1gios Volunt\u00e1rios, somente na \u00e1rea de Engenharia Civil (<strong>m\u00e1x. 120 ha<\/strong>): a comprova\u00e7\u00e3o do est\u00e1gio ser\u00e1 feita pela apresenta\u00e7\u00e3o do Termo de Compromisso de Est\u00e1gio e do Termo de Rescis\u00e3o de Est\u00e1gio, emitidos pela Se\u00e7\u00e3o de Est\u00e1gio da Prograd.<\/p>\n<p style=\"text-align: left\">\u00a7 1\u00ba: Est\u00e1gios realizados na Empresa Junior Engenium dever\u00e3o ser comprovados mediante declara\u00e7\u00e3o, assinada por docente respons\u00e1vel t\u00e9cnico, onde constem o per\u00edodo do est\u00e1gio e a carga hor\u00e1ria realizada.<br \/>\n\u00a7 2\u00ba: Para cada hora de est\u00e1gio ser\u00e1 considerada 1 (uma) hora atividade (ha).<\/p>\n<p style=\"text-align: left\">2) Ciclos de Palestras, Cursos, Minicursos, Encontros na \u00e1rea de Engenharia Civil (<strong>m\u00e1x. 170 ha<\/strong>): ser\u00e1 considerado 100% da carga hor\u00e1ria. Comprova\u00e7\u00e3o: mediante Certificado emitido por \u00f3rg\u00e3o promotor.<\/p>\n<p style=\"text-align: left\">3) Ciclos de Palestras, Cursos, Minicursos, Disciplinas Eletivas em \u00e1reas afins (<strong>m\u00e1x. 30 ha<\/strong>): ser\u00e1 considerado 40% da carga hor\u00e1ria. Comprova\u00e7\u00e3o: mediante Certificado emitido por \u00f3rg\u00e3o promotor, ou Hist\u00f3rico Escolar emitido pela Prograd no caso de Disciplinas Eletivas.<\/p>\n<p style=\"text-align: left\">4) Cursos de Inform\u00e1tica, L\u00ednguas Estrangeiras, etc. (<strong>m\u00e1x. 40 ha<\/strong>): ser\u00e1 considerado 10% da carga hor\u00e1ria; no caso de softwares ligados \u00e0 Engenharia, ser\u00e1 considerado 50% de carga hor\u00e1ria. Comprova\u00e7\u00e3o: mediante Certificado emitido por \u00f3rg\u00e3o promotor.<\/p>\n<p style=\"text-align: left\">5) Disciplinas Optativas do Curso de Engenharia Civil da UEPG, ou cursadas em outra institui\u00e7\u00e3o dentro de programa de interc\u00e2mbio em Engenharia Civil, al\u00e9m das m\u00ednimas obrigat\u00f3rias (<strong>m\u00e1x. 100 ha<\/strong>): ser\u00e1 considerado 100% da carga hor\u00e1ria da disciplina. Comprova\u00e7\u00e3o: mediante apresenta\u00e7\u00e3o do Hist\u00f3rico Escolar emitido pela institui\u00e7\u00e3o de ensino.<\/p>\n<p style=\"text-align: left\">6) Visitas T\u00e9cnicas (<strong>m\u00e1x. 50 ha<\/strong>), excetuando-se aquelas realizadas como parte dos conte\u00fados program\u00e1ticos de disciplinas, e comprovadas mediante Certificado emitido por \u00f3rg\u00e3o promotor:<br \/>\n\u2022 ser\u00e3o consideradas 3 ha por visita dentro do per\u00edmetro urbano de Ponta Grossa;<br \/>\n\u2022 ser\u00e3o consideradas 6 ha por visita fora do per\u00edmetro urbano de Ponta Grossa.<\/p>\n<p style=\"text-align: left\">7) Apresenta\u00e7\u00e3o de trabalhos em Congressos, Semin\u00e1rios, Simp\u00f3sios, somente na \u00e1rea de Engenharia (<strong>m\u00e1x. 80 ha<\/strong>): 10 ha por apresenta\u00e7\u00e3o. Comprova\u00e7\u00e3o: mediante Certificado emitido por \u00f3rg\u00e3o promotor.<\/p>\n<p style=\"text-align: left\">8) Programas de Inicia\u00e7\u00e3o Cient\u00edfica (<strong>m\u00e1x. 80 ha<\/strong>): ser\u00e1 considerado 100% da carga hor\u00e1ria. Comprova\u00e7\u00e3o: mediante Certificado emitido pela Propesp.<\/p>\n<p style=\"text-align: left\">9) Monitorias (<strong>m\u00e1x. 50 ha<\/strong>): ser\u00e1 considerado 50% da carga hor\u00e1ria da disciplina. Comprova\u00e7\u00e3o: mediante Certificado emitido pela Prograd.<\/p>\n<p style=\"text-align: left\">10) Participa\u00e7\u00e3o em Projetos de Ensino, Pesquisa e Extens\u00e3o de car\u00e1ter cient\u00edfico, pol\u00edtico, cultural ou comunit\u00e1rio, excetuando-se atividades referentes \u00e0 curriculariza\u00e7\u00e3o da extens\u00e3o (<strong>m\u00e1x. 30 ha<\/strong>): ser\u00e1 considerado 100% da carga hor\u00e1ria. Comprova\u00e7\u00e3o: mediante Certificado emitido por \u00f3rg\u00e3o promotor.<\/p>\n<p style=\"text-align: left\">11) Participa\u00e7\u00e3o em atividades c\u00edvico-sociais, culturais e esportivas (<strong>m\u00e1x. 30 ha<\/strong>): ser\u00e1 considerado 100% da carga hor\u00e1ria. Comprova\u00e7\u00e3o: mediante Certificado emitido por \u00f3rg\u00e3o promotor.<\/p>\n<p style=\"text-align: left\">12) Participa\u00e7\u00e3o e representa\u00e7\u00e3o (<strong>m\u00e1x. 50 ha<\/strong>), comprovadas mediante Certificados emitidos por \u00f3rg\u00e3o promotor:<br \/>\n\u2022 representa\u00e7\u00e3o no Conselho Universit\u00e1rio: 1 ha por reuni\u00e3o (m\u00e1x. 20 ha);<br \/>\n\u2022 representa\u00e7\u00e3o no Departamento: 1 ha por reuni\u00e3o (m\u00e1x. 20 ha);<br \/>\n\u2022 representa\u00e7\u00e3o no Colegiado:1 ha por reuni\u00e3o (m\u00e1x. 20 ha);<br \/>\n\u2022 participa\u00e7\u00e3o em comiss\u00f5es: 1 ha por reuni\u00e3o (m\u00e1x. 10 ha);<br \/>\n\u2022 membro do Crea-Jr: titular, 30 ha; adjunto, 10 ha;<br \/>\n\u2022 membros do Centro Acad\u00eamico: 30 ha.<\/p>\n<p style=\"text-align: left\">\u00a7 \u00fanico: Far\u00e3o jus a Certificado de participa\u00e7\u00e3o no Centro Acad\u00eamico, emitido pela Coordena\u00e7\u00e3o do Curso de Engenharia Civil, membros da gest\u00e3o que promover durante seu mandato no m\u00ednimo tr\u00eas eventos de car\u00e1ter t\u00e9cnico-cient\u00edfico em parceria com o Colegiado do Curso de Engenharia Civil, mediante lista fornecida pela presid\u00eancia.<\/p>\n<p style=\"text-align: left\">13) Participa\u00e7\u00e3o obrigat\u00f3ria em atividades (Semin\u00e1rios, Palestras e outras) promovidas ou aprovadas pelo Colegiado de Engenharia Civil, versando sobre os temas \u201cA Educa\u00e7\u00e3o das rela\u00e7\u00f5es \u00c9tnico-Raciais, Ensino de Hist\u00f3ria e Cultura Afro-Brasileira e Africana, Preven\u00e7\u00e3o e Combate ao Uso Indevido de Drogas, e Direitos Humanos\u201d (<strong>m\u00edn. 8 ha; m\u00e1x. 50 ha<\/strong>): 100% da carga hor\u00e1ria. Comprova\u00e7\u00e3o: mediante Certificado emitido por \u00f3rg\u00e3o promotor.<\/p>\n<p style=\"text-align: right\">Atualizada em 2021.<\/p>\n<p>&nbsp;<\/p>\n<dl>\n<dt><strong><u>Importante:<\/u><\/strong><\/dt>\n<dt>O acad\u00eamico dever\u00e1 enviar processo com as atividades complementares quando estiver cursando a <strong>5\u00aa s\u00e9rie<\/strong>.<\/dt>\n<dt>O encaminhamento ao Colegiado de Curso dever\u00e1 ser feito via <strong>Kairos<\/strong>, com envio de c\u00f3pias dos certificados, at\u00e9 o final de setembro.<\/dt>\n<dt><a href=\"http:\/\/www2.uepg.br\/bacharelado-engenharia-civil\/wp-content\/uploads\/sites\/111\/2020\/06\/Tutorial-protocolo-de-atividades-complementares.pdf\" target=\"_blank\" rel=\"noopener noreferrer\">Tutorial\u00a0 1<\/a> e <a href=\"http:\/\/www2.uepg.br\/bacharelado-engenharia-civil\/wp-content\/uploads\/sites\/111\/2020\/06\/Tutorial-2-protocolo-de-atividades-complementares.pdf\" target=\"_blank\" rel=\"noopener noreferrer\">Tutorial 2<\/a> para envio das Atividades Complementares ao Colegiado do Curso.<\/dt>\n<\/dl>\n","protected":false},"excerpt":{"rendered":"<p>Atividades Complementares Para obter a sua gradua\u00e7\u00e3o, o (a) acad\u00eamico (a) dever\u00e1 cumprir, no m\u00ednimo, 200 (duzentas) horas em atividades complementares voltadas \u00e0 sua forma\u00e7\u00e3o profissional, devidamente reconhecidas pelo Colegiado de Curso. Para obter a sua gradua\u00e7\u00e3o, o (a) acad\u00eamico (a) dever\u00e1 comprovar participa\u00e7\u00e3o obrigat\u00f3ria em atividades (presenciais ou a dist\u00e2ncia) com conte\u00fados que resguardem&nbsp;&hellip;<\/p>\n","protected":false},"author":24,"featured_media":0,"parent":0,"menu_order":0,"comment_status":"closed","ping_status":"closed","template":"","meta":[],"_links":{"self":[{"href":"https:\/\/www2.uepg.br\/bacharelado-engenharia-civil\/wp-json\/wp\/v2\/pages\/297"}],"collection":[{"href":"https:\/\/www2.uepg.br\/bacharelado-engenharia-civil\/wp-json\/wp\/v2\/pages"}],"about":[{"href":"https:\/\/www2.uepg.br\/bacharelado-engenharia-civil\/wp-json\/wp\/v2\/types\/page"}],"author":[{"embeddable":true,"href":"https:\/\/www2.uepg.br\/bacharelado-engenharia-civil\/wp-json\/wp\/v2\/users\/24"}],"replies":[{"embeddable":true,"href":"https:\/\/www2.uepg.br\/bacharelado-engenharia-civil\/wp-json\/wp\/v2\/comments?post=297"}],"version-history":[{"count":18,"href":"https:\/\/www2.uepg.br\/bacharelado-engenharia-civil\/wp-json\/wp\/v2\/pages\/297\/revisions"}],"predecessor-version":[{"id":1279,"href":"https:\/\/www2.uepg.br\/bacharelado-engenharia-civil\/wp-json\/wp\/v2\/pages\/297\/revisions\/1279"}],"wp:attachment":[{"href":"https:\/\/www2.uepg.br\/bacharelado-engenharia-civil\/wp-json\/wp\/v2\/media?parent=297"}],"curies":[{"name":"wp","href":"https:\/\/api.w.org\/{rel}","templated":true}]}}