{"id":300,"date":"2020-03-05T16:25:39","date_gmt":"2020-03-05T19:25:39","guid":{"rendered":"http:\/\/www2.uepg.br\/testes\/?page_id=300"},"modified":"2025-07-29T15:28:42","modified_gmt":"2025-07-29T18:28:42","slug":"estagio","status":"publish","type":"page","link":"https:\/\/www2.uepg.br\/bacharelado-engenharia-civil\/estagio\/","title":{"rendered":"Est\u00e1gio"},"content":{"rendered":"<h4 style=\"text-align: center\">EST\u00c1GIO &#8211; ENGENHARIA CIVIL &#8211; UEPG<\/h4>\n<p>O Est\u00e1gio Curricular compreende os est\u00e1gios obrigat\u00f3rio e n\u00e3o obrigat\u00f3rio.<\/p>\n<ul>\n<li>Entende-se por <strong>est\u00e1gio obrigat\u00f3rio<\/strong> aquele desenvolvido mediante matr\u00edcula na<strong> Disciplina Est\u00e1gio Supervisionado<\/strong>, ofertada para a 5a s\u00e9rie, no segundo semestre, do Curso.<\/li>\n<li>Entende-se por <strong>est\u00e1gio n\u00e3o obrigat\u00f3rio<\/strong> aquele desenvolvido por iniciativa do pr\u00f3prio acad\u00eamico (a), visando o enriquecimento de sua forma\u00e7\u00e3o. Pode ser realizado a qualquer momento, durante o Curso. O est\u00e1gio n\u00e3o obrigat\u00f3rio n\u00e3o substitui o est\u00e1gio obrigat\u00f3rio.<\/li>\n<\/ul>\n<p>Os est\u00e1gios obrigat\u00f3rio e n\u00e3o obrigat\u00f3rio podem ser remunerados pela unidade concedente, sem preju\u00edzo de sua finalidade acad\u00eamica.<br \/>\nO preenchimento da documenta\u00e7\u00e3o \u00e9 feito pelo<strong> sistema online de est\u00e1gios, acessado pelo portal.uepg.br<\/strong>. Alunos acessam pelo acad\u00eamico On-line-Gradua\u00e7\u00e3o (Kairos); Professores pelo Professor On-line (Kairos) e Empresas pelo Est\u00e1gios Est\u00e1gios-Conv\u00eanios. Veja como fazer: <a href=\"http:\/\/www2.uepg.br\/bacharelado-engenharia-civil\/wp-content\/uploads\/sites\/111\/2020\/06\/Manual_Estagio_Online.pdf\" target=\"_blank\" rel=\"noopener noreferrer\">Tutorial para conv\u00eanio e termo de compromisso<\/a>.<\/p>\n<p>\u2022 link:\u00a0<a href=\"https:\/\/legislacao.apps.uepg.br\/documentosPublico\/1322024-09-0323.pdf\">REGULAMENTO DE EST\u00c1GIO CURRICULAR DO CURSO DE ENGENHARIA CIVIL DA UEPG<\/a><br \/>\n\u2022 link:<a href=\"https:\/\/www2.uepg.br\/prograd\/estagio\/\" target=\"_blank\" rel=\"noopener\">Prograd-Est\u00e1gios (PROGRAD-SE)<\/a><\/p>\n<p style=\"text-align: center\">\n<b>Coordenadora de Est\u00e1gio:<\/b> Profa. Dra. Bianca\u00a0Penteado de Almeida\u00a0Tonus<br \/>\n<b>E-mail:<\/b> bpatonus@uepg.br<\/p>\n<p style=\"text-align: center\">\n<p>&nbsp;<\/p>\n<p>Atualizado em 29\/07\/2025<\/p>\n","protected":false},"excerpt":{"rendered":"<p>EST\u00c1GIO &#8211; ENGENHARIA CIVIL &#8211; UEPG O Est\u00e1gio Curricular compreende os est\u00e1gios obrigat\u00f3rio e n\u00e3o obrigat\u00f3rio. Entende-se por est\u00e1gio obrigat\u00f3rio aquele desenvolvido mediante matr\u00edcula na Disciplina Est\u00e1gio Supervisionado, ofertada para a 5a s\u00e9rie, no segundo semestre, do Curso. Entende-se por est\u00e1gio n\u00e3o obrigat\u00f3rio aquele desenvolvido por iniciativa do pr\u00f3prio acad\u00eamico (a), visando o enriquecimento de&nbsp;&hellip;<\/p>\n","protected":false},"author":24,"featured_media":0,"parent":0,"menu_order":0,"comment_status":"closed","ping_status":"closed","template":"","meta":[],"_links":{"self":[{"href":"https:\/\/www2.uepg.br\/bacharelado-engenharia-civil\/wp-json\/wp\/v2\/pages\/300"}],"collection":[{"href":"https:\/\/www2.uepg.br\/bacharelado-engenharia-civil\/wp-json\/wp\/v2\/pages"}],"about":[{"href":"https:\/\/www2.uepg.br\/bacharelado-engenharia-civil\/wp-json\/wp\/v2\/types\/page"}],"author":[{"embeddable":true,"href":"https:\/\/www2.uepg.br\/bacharelado-engenharia-civil\/wp-json\/wp\/v2\/users\/24"}],"replies":[{"embeddable":true,"href":"https:\/\/www2.uepg.br\/bacharelado-engenharia-civil\/wp-json\/wp\/v2\/comments?post=300"}],"version-history":[{"count":43,"href":"https:\/\/www2.uepg.br\/bacharelado-engenharia-civil\/wp-json\/wp\/v2\/pages\/300\/revisions"}],"predecessor-version":[{"id":1269,"href":"https:\/\/www2.uepg.br\/bacharelado-engenharia-civil\/wp-json\/wp\/v2\/pages\/300\/revisions\/1269"}],"wp:attachment":[{"href":"https:\/\/www2.uepg.br\/bacharelado-engenharia-civil\/wp-json\/wp\/v2\/media?parent=300"}],"curies":[{"name":"wp","href":"https:\/\/api.w.org\/{rel}","templated":true}]}}