{"id":304,"date":"2020-03-06T08:17:29","date_gmt":"2020-03-06T11:17:29","guid":{"rendered":"http:\/\/www2.uepg.br\/testes\/?page_id=304"},"modified":"2025-10-01T15:20:20","modified_gmt":"2025-10-01T18:20:20","slug":"regulamentos","status":"publish","type":"page","link":"https:\/\/www2.uepg.br\/bacharelado-engenharia-civil\/regulamentos\/","title":{"rendered":"Regulamentos e Documentos"},"content":{"rendered":"<h3><a href=\"http:\/\/www2.uepg.br\/bacharelado-engenharia-civil\/wp-content\/uploads\/sites\/111\/2021\/03\/Cartilha-Protocolo.pdf\" target=\"_blank\" rel=\"noopener\"><img loading=\"lazy\" class=\" wp-image-1038 alignleft\" src=\"http:\/\/www2.uepg.br\/bacharelado-engenharia-civil\/wp-content\/uploads\/sites\/111\/2021\/06\/Campus-uepg--300x133.jpg\" alt=\"\" width=\"386\" height=\"171\" srcset=\"https:\/\/www2.uepg.br\/bacharelado-engenharia-civil\/wp-content\/uploads\/sites\/111\/2021\/06\/Campus-uepg--300x133.jpg 300w, https:\/\/www2.uepg.br\/bacharelado-engenharia-civil\/wp-content\/uploads\/sites\/111\/2021\/06\/Campus-uepg-.jpg 641w\" sizes=\"(max-width: 386px) 100vw, 386px\" \/><\/a><\/h3>\n<p>&nbsp;<\/p>\n<p>&nbsp;<\/p>\n<p>&nbsp;<\/p>\n<p>&nbsp;<\/p>\n<h3><\/h3>\n<h3><\/h3>\n<h3><strong>Resolu\u00e7\u00f5es importantes<\/strong><\/h3>\n<p><strong>Projeto Pedag\u00f3gico do Curso de Engenharia Civil &#8211; Curr\u00edculo 9\u00a0 &#8211; <em><a href=\"http:\/\/www2.uepg.br\/bacharelado-engenharia-civil\/wp-content\/uploads\/sites\/111\/2023\/03\/PCC-Enge_Civil-curriculo-9.pdf\">link<\/a><\/em><\/strong><\/p>\n<p><strong>Projeto Pedag\u00f3gico do Curso de Engenharia Civil \u2013 Curr\u00edculo 8 &#8211; <a href=\"https:\/\/sistemas.uepg.br\/producao\/reitoria\/documentos\/1382016-12-1323.pdf\" target=\"_blank\" rel=\"noopener\"><em>link<\/em><\/a><\/strong><\/p>\n<p>Resolu\u00e7\u00e3o CEPE n\u00ba 38, de 13 de dezembro de 2016<\/p>\n<p><strong>Regulamento das Atividades Complementares do Curso de Engenharia Civil &#8211; <a href=\"https:\/\/www2.uepg.br\/bacharelado-engenharia-civil\/atividades-complementares\/\" target=\"_blank\" rel=\"noopener\"><em>link<\/em><\/a><\/strong><\/p>\n<p>Resolu\u00e7\u00e3o CEPE n\u00ba 13, de 28 de junho de 2016<\/p>\n<p><strong>Regulamento de Est\u00e1gio Curricular do Curso de Engenharia Civil &#8211; <a href=\"https:\/\/legislacao.apps.uepg.br\/documentosPublico\/1322024-09-0323.pdf\" target=\"_blank\" rel=\"noopener\"><em>link<\/em><\/a><\/strong><\/p>\n<p>Resolu\u00e7\u00e3o CEPE n\u00ba 32, de 03 de setembro de 2024<\/p>\n<p><strong>Regulamento do Trabalho de Conclus\u00e3o de Curso do Curso de Engenharia Civil &#8211; <a href=\"https:\/\/sistemas.uepg.br\/producao\/reitoria\/documentos\/1632018-11-2023.pdf\" target=\"_blank\" rel=\"noopener\"><em>link<\/em><\/a><\/strong><\/p>\n<p>Resolu\u00e7\u00e3o CEPE n\u00ba 63, de 20 de novembro de 2018<\/p>\n<p>&nbsp;<\/p>\n<div dir=\"auto\">\n<h3><strong>Links \u00fateis<\/strong><\/h3>\n<p><strong>Folder do Curso de Engenharia Civil &#8211; curr\u00edculo 9<\/strong>, elaborado pelo <em>Prof. Dr. Sergio\u00a0Luiz\u00a0Schulz<\/em> \u00a0&#8211;\u00a0 <strong><em><a href=\"http:\/\/www2.uepg.br\/bacharelado-engenharia-civil\/wp-content\/uploads\/sites\/111\/2023\/05\/folderECimpressao1.pdf\" target=\"_blank\" rel=\"noopener\">link<\/a><\/em><\/strong><\/p>\n<p><strong>Folder do Curso de Engenharia Civil &#8211; curr\u00edculo 8<\/strong>, elaborado pelo <em>Prof. Dr. Sergio\u00a0Luiz\u00a0Schulz<\/em> \u00a0&#8211;\u00a0 <strong><em><a href=\"http:\/\/www2.uepg.br\/bacharelado-engenharia-civil\/wp-content\/uploads\/sites\/111\/2021\/06\/folderEC2021.pdf\" target=\"_blank\" rel=\"noopener\">link<\/a><\/em><\/strong><\/p>\n<\/div>\n<p><strong>Lista de Disciplinas do Curso de Engenharia Civil \u2013 Curr\u00edculo 8 &#8211; <em><a href=\"http:\/\/www2.uepg.br\/prograd\/wp-content\/uploads\/sites\/19\/2021\/05\/Matriz-Curricular_Curr_08_Atualizada_05_Maio_2021.pdf\" target=\"_blank\" rel=\"noopener\">link<\/a><\/em><\/strong><\/p>\n<div dir=\"auto\">\n<p><strong>Quadro D<\/strong><strong>ocente do Departamento de Engenharia Civil \u2013 DENGE &#8211;<em><a href=\"http:\/\/pitangui.uepg.br\/departamentos\/denge\/professores.php\" target=\"_blank\" rel=\"noopener\">link<\/a><\/em><\/strong><\/p>\n<p><strong>Biblioteca Central \u2013 Cat\u00e1logo <em>Online<\/em> Pergamum &#8211;\u00a0<a href=\"https:\/\/sistemas.uepg.br\/pergamum\/biblioteca\/index.php\" target=\"_blank\" rel=\"noopener\"><em>link<\/em><\/a><\/strong><\/p>\n<p><strong>Mapa virtual do Campus de Uvaranas da UEPG &#8211; <a href=\"https:\/\/fui.uepg.br\/uvaranas\" target=\"_blank\" rel=\"noopener\"><em>link<\/em><\/a><\/strong><\/p>\n<p><strong>Protocolo SEI<\/strong> &#8211;\u00a0<a href=\"https:\/\/sisei.apps.uepg.br\/protocolo-digital\" target=\"_blank\" rel=\"noopener\"><strong><em>link<\/em><\/strong><\/a><\/p>\n<p><strong>Prae \u2013 Pr\u00f3-Reitoria de Assuntos Estudantis &#8211; <a href=\"https:\/\/www2.uepg.br\/prae\/\" target=\"_blank\" rel=\"noopener\"><em>link<\/em><\/a><\/strong><\/p>\n<p><strong>Proex \u2013 Pr\u00f3-Reitoria de Extens\u00e3o e Assuntos Culturais &#8211; <a href=\"http:\/\/www.uepg.br\/proex\/\" target=\"_blank\" rel=\"noopener\"><em>link<\/em><\/a><\/strong><\/p>\n<p><strong>Prograd \u2013 Pr\u00f3-Reitoria de Gradua\u00e7\u00e3o &#8211; <a href=\"https:\/\/prograd.sites.uepg.br\/\" target=\"_blank\" rel=\"noopener\"><em>link<\/em><\/a><\/strong><\/p>\n<p><strong>Propesp \u2013 Pr\u00f3-reitoria de Pesquisa e P\u00f3s-Gradua\u00e7\u00e3o &#8211; <a href=\"http:\/\/sites.uepg.br\/propesp\/\" target=\"_blank\" rel=\"noopener\">link<\/a><\/strong><\/p>\n<p><strong>ERI \u2013 Escrit\u00f3rio de Rela\u00e7\u00f5es Internacionais &#8211; <a href=\"http:\/\/www3.uepg.br\/eri\/\" target=\"_blank\" rel=\"noopener\"><em>link<\/em><\/a><\/strong><\/p>\n<p><strong>Guia do Estudante 2020<\/strong> &#8211;<strong><em><a href=\"https:\/\/www2.uepg.br\/\/prae\/wp-content\/uploads\/sites\/18\/2020\/02\/Guia-do-Estudante-2020__.pdf\" target=\"_blank\" rel=\"noopener\">link<\/a><\/em><\/strong><\/p>\n<p><strong>Guia do Estudante 2021<\/strong> &#8211; <strong><a href=\"https:\/\/www2.uepg.br\/prae\/wp-content\/uploads\/sites\/18\/2021\/06\/Manual-do-Estudante-2021-1.pdf\" target=\"_blank\" rel=\"noopener\"><em>link<\/em><\/a><\/strong><\/p>\n<p>&nbsp;<\/p>\n<\/div>\n<h3><strong>E-mail das Turmas \u2013 2023<\/strong><\/h3>\n<p>1\u00aa S\u00e9rie:\u00a0<a href=\"unidosdacivil2327@gmail.com\" target=\"_blank\" rel=\"noopener\">unidosdacivil2327@gmail.com<\/a><\/p>\n<div dir=\"auto\">\n<p>2\u00aa S\u00e9rie: <a href=\"mailto:civilizados2022@gmail.com\" target=\"_blank\" rel=\"noopener\">civilizados2022@gmail.com<\/a><\/p>\n<p>3\u00aa S\u00e9rie: <a href=\"mailto:civiluepg2021@gmail.com\" target=\"_blank\" rel=\"noopener\">civiluepg2021@gmail.com<\/a><\/p>\n<p>4\u00aa S\u00e9rie: <a href=\"mailto:civiluepg20e25@gmail.com\">civiluepg20e25@gmail.com<\/a><\/p>\n<p>5\u00aa S\u00e9rie: <a href=\"mailto:civiluepg1923@gmail.com\" target=\"_blank\" rel=\"noopener\">civiluepg1923@gmail.com<\/a><\/p>\n<p>formandos de 2022: <a href=\"mailto:civiluepg22@gmail.com\" target=\"_blank\" rel=\"noopener\">civiluepg22@gmail.com<\/a><\/p>\n<p>formandos de 2021: <a href=\"mailto:engcivil.uepg2017@gmail.com\" target=\"_blank\" rel=\"noopener\">engcivil.uepg2017@gmail.com<\/a><\/p>\n<\/div>\n<p>&nbsp;<\/p>\n<h3 style=\"text-align: left\">Google Classroom<\/h3>\n<p style=\"text-align: center\"><img loading=\"lazy\" class=\" wp-image-1048 alignleft\" src=\"http:\/\/www2.uepg.br\/bacharelado-engenharia-civil\/wp-content\/uploads\/sites\/111\/2021\/06\/classroom-300x147.jpg\" alt=\"\" width=\"114\" height=\"56\" srcset=\"https:\/\/www2.uepg.br\/bacharelado-engenharia-civil\/wp-content\/uploads\/sites\/111\/2021\/06\/classroom-300x147.jpg 300w, https:\/\/www2.uepg.br\/bacharelado-engenharia-civil\/wp-content\/uploads\/sites\/111\/2021\/06\/classroom-1024x500.jpg 1024w, https:\/\/www2.uepg.br\/bacharelado-engenharia-civil\/wp-content\/uploads\/sites\/111\/2021\/06\/classroom-768x375.jpg 768w, https:\/\/www2.uepg.br\/bacharelado-engenharia-civil\/wp-content\/uploads\/sites\/111\/2021\/06\/classroom.jpg 1201w\" sizes=\"(max-width: 114px) 100vw, 114px\" \/><\/p>\n<p><strong>Para Professores &#8211; Como utilizar o Classroom &#8211; <a href=\"https:\/\/ead.uepg.br\/site\/ensinoremoto\" target=\"_blank\" rel=\"noopener\"><em>link<\/em><\/a><\/strong><\/p>\n<div class=\"kvgmc6g5 cxmmr5t8 oygrvhab hcukyx3x c1et5uql ii04i59q\">\n<p><strong>Para Estudantes<\/strong> &#8211; O curso de licenciatura em Qu\u00edmica da UEPG disponibilizou um v\u00eddeo para ensinar os estudantes a utilizar estas ferramentas.<em> <a href=\"https:\/\/www2.uepg.br\/pet-quimica\/gravacao-do-minicurso-pet-como-utilizar-as-plataformas-google-classroom-e-google-meet\/#page-content\" target=\"_blank\" rel=\"noopener noreferrer\">link<\/a><\/em><\/p>\n<\/div>\n<div dir=\"auto\"><\/div>\n<div dir=\"auto\">\n<p>&nbsp;<\/p>\n<\/div>\n<p>&nbsp;<\/p>\n<p style=\"text-align: right\">Atualizado em 26\/04\/2023<\/p>\n<p style=\"text-align: right\">Profa. Dra. Lilian Tais de Gouveia<\/p>\n<p style=\"text-align: right\">Coordenadora do Curso de Engenharia Civil<\/p>\n","protected":false},"excerpt":{"rendered":"<p>&nbsp; &nbsp; &nbsp; &nbsp; Resolu\u00e7\u00f5es importantes Projeto Pedag\u00f3gico do Curso de Engenharia Civil &#8211; Curr\u00edculo 9\u00a0 &#8211; link Projeto Pedag\u00f3gico do Curso de Engenharia Civil \u2013 Curr\u00edculo 8 &#8211; link Resolu\u00e7\u00e3o CEPE n\u00ba 38, de 13 de dezembro de 2016 Regulamento das Atividades Complementares do Curso de Engenharia Civil &#8211; link Resolu\u00e7\u00e3o CEPE n\u00ba 13,&nbsp;&hellip;<\/p>\n","protected":false},"author":24,"featured_media":0,"parent":0,"menu_order":0,"comment_status":"closed","ping_status":"closed","template":"","meta":[],"_links":{"self":[{"href":"https:\/\/www2.uepg.br\/bacharelado-engenharia-civil\/wp-json\/wp\/v2\/pages\/304"}],"collection":[{"href":"https:\/\/www2.uepg.br\/bacharelado-engenharia-civil\/wp-json\/wp\/v2\/pages"}],"about":[{"href":"https:\/\/www2.uepg.br\/bacharelado-engenharia-civil\/wp-json\/wp\/v2\/types\/page"}],"author":[{"embeddable":true,"href":"https:\/\/www2.uepg.br\/bacharelado-engenharia-civil\/wp-json\/wp\/v2\/users\/24"}],"replies":[{"embeddable":true,"href":"https:\/\/www2.uepg.br\/bacharelado-engenharia-civil\/wp-json\/wp\/v2\/comments?post=304"}],"version-history":[{"count":87,"href":"https:\/\/www2.uepg.br\/bacharelado-engenharia-civil\/wp-json\/wp\/v2\/pages\/304\/revisions"}],"predecessor-version":[{"id":1275,"href":"https:\/\/www2.uepg.br\/bacharelado-engenharia-civil\/wp-json\/wp\/v2\/pages\/304\/revisions\/1275"}],"wp:attachment":[{"href":"https:\/\/www2.uepg.br\/bacharelado-engenharia-civil\/wp-json\/wp\/v2\/media?parent=304"}],"curies":[{"name":"wp","href":"https:\/\/api.w.org\/{rel}","templated":true}]}}