{"id":351,"date":"2020-05-12T16:28:26","date_gmt":"2020-05-12T19:28:26","guid":{"rendered":"http:\/\/www2.uepg.br\/bacharelado-engenharia-civil\/?page_id=351"},"modified":"2024-08-12T13:28:45","modified_gmt":"2024-08-12T16:28:45","slug":"colegiado","status":"publish","type":"page","link":"https:\/\/www2.uepg.br\/bacharelado-engenharia-civil\/colegiado\/","title":{"rendered":"Colegiado"},"content":{"rendered":"<p>O Colegiado exerce a coordena\u00e7\u00e3o did\u00e1tico-pedag\u00f3gica do Curso.<\/p>\n<p><strong>O Colegiado do Curso de Engenharia Civil \u00e9 constitu\u00eddo por:<\/strong><\/p>\n<ul>\n<li>Coordenador do Curso<\/li>\n<li>Vice-Coordenador do Curso<\/li>\n<li>Representantes docentes<\/li>\n<li>Coordenador de est\u00e1gio<\/li>\n<li>Coordenador do trabalho de conclus\u00e3o de curso<\/li>\n<li>Coordenador de extens\u00e3o<\/li>\n<li>Representante discente<\/li>\n<li>Representante da comunidade profissional, sem v\u00ednculo com a Universidade<\/li>\n<\/ul>\n<p>&nbsp;<\/p>\n<p><strong>As atribui\u00e7\u00f5es do Colegiado do Curso s\u00e3o:<\/strong><\/p>\n<ol>\n<li>Propor ao Conselho de Ensino, Pesquisa e Extens\u00e3o a organiza\u00e7\u00e3o ou reorganiza\u00e7\u00e3o do curr\u00edculo do curso respectivo;<\/li>\n<li>Oferecer ao Conselho de Ensino, Pesquisa e Extens\u00e3o subs\u00eddios: \u00a0a) para a avalia\u00e7\u00e3o do ensino e promo\u00e7\u00e3o de alunos; b) sobre a forma de ingresso de candidatos ao curso; c) para a organiza\u00e7\u00e3o do Calend\u00e1rio Escolar;<\/li>\n<li>Avaliar a execu\u00e7\u00e3o did\u00e1tico-pedag\u00f3gica do curso e sugerir medidas que considerar necess\u00e1rias ao Departamento, ao Colegiado Setorial e ao Conselho de Ensino, Pesquisa e Extens\u00e3o;<\/li>\n<li>Emitir parecer sobre quest\u00f5es did\u00e1ticas e relativas \u00e0 frequ\u00eancia, transfer\u00eancia, adapta\u00e7\u00f5es de alunos, avalia\u00e7\u00f5es, exames e trabalhos escolares;<\/li>\n<li>Estabelecer normas para os est\u00e1gios curriculares e para os Trabalhos de Conclus\u00e3o de Curso \u2013 TCC;<\/li>\n<li>Avaliar periodicamente os programas das disciplinas e deliberar sobre as modifica\u00e7\u00f5es propostas pelos professores;<\/li>\n<li>Requisitar aos departamentos a oferta de disciplinas, explicitando as vagas necess\u00e1rias e os hor\u00e1rios convenientes;<\/li>\n<li>Solicitar ao(s) Departamento(s) a indica\u00e7\u00e3o de professores, de acordo com o perfil proposto no projeto pedag\u00f3gico;<\/li>\n<li>Recusar, mediante an\u00e1lise fundamentada, a indica\u00e7\u00e3o de professores feita pelos Departamentos;<\/li>\n<li>Solicitar aos Departamentos a substitui\u00e7\u00e3o de professores que n\u00e3o estejam atendendo \u00e0s necessidades do curso, mediante an\u00e1lise fundamentada;<\/li>\n<li>Estabelecer o calend\u00e1rio das suas reuni\u00f5es ordin\u00e1rias;<\/li>\n<li>Analisar os pedidos de justificativas das faltas, \u00e0s reuni\u00f5es do Colegiado, feitos pelos seus membros;<\/li>\n<li>Responsabilizar-se pelo cumprimento integral do projeto pedag\u00f3gico do curso;<\/li>\n<li>Analisar qualquer retifica\u00e7\u00e3o de nota ou frequ\u00eancia de acad\u00eamico, ocorrida extemporaneamente.<\/li>\n<\/ol>\n<p>&nbsp;<\/p>\n<p><strong>Membros do Colegiado do Curso de Engenharia Civil<\/strong><\/p>\n<p>&#8211; Coordenadora do Curso:\u00a0 Prof. Dra. Patr\u00edcia Kr\u00fcger<\/p>\n<p>&#8211; Vice-Coordenador do Curso: Prof. Dr. L\u00facio Marcos de Geus<\/p>\n<p>&#8211; Representantes docentes:<\/p>\n<ul>\n<li>Prof. Dr. Giuliano Gadioli La Guardia<\/li>\n<li>Prof. Dr. Aloisi Somer<\/li>\n<li>Profa. Dra. Andrea Tedesco<\/li>\n<\/ul>\n<p>&#8211; Coordenadora de est\u00e1gio: Profa. Me. Bianca Penteado de Almeida Tonus<\/p>\n<p>&#8211; Coordenadora de trabalho de conclus\u00e3o de curso: Profa. Dra. Maria Magdalena Ribas Doll<\/p>\n<p>-Coordenador de extens\u00e3o: Prof. Dr. Guilherme Araujo Vuitik<\/p>\n<p>&#8211; Representante discente:<\/p>\n<p>&#8211; Representante da comunidade profissional, sem v\u00ednculo com a Universidade:<\/p>\n<p>&nbsp;<\/p>\n<p><strong>Contatos:<\/strong><\/p>\n<p>Coordenadora do Curso de Engenharia Civil &#8211; UEPG &#8211; Profa. Dra. Patricia Kruger<\/p>\n<ul>\n<li>Fone: (42) 3220 3075 (UEPG)<\/li>\n<li>e-mail: pkruger@uepg.br<\/li>\n<li>e-mail: colengc@uepg.br<\/li>\n<\/ul>\n<p>Atualizado em 12\/08\/2024<\/p>\n","protected":false},"excerpt":{"rendered":"<p>O Colegiado exerce a coordena\u00e7\u00e3o did\u00e1tico-pedag\u00f3gica do Curso. O Colegiado do Curso de Engenharia Civil \u00e9 constitu\u00eddo por: Coordenador do Curso Vice-Coordenador do Curso Representantes docentes Coordenador de est\u00e1gio Coordenador do trabalho de conclus\u00e3o de curso Coordenador de extens\u00e3o Representante discente Representante da comunidade profissional, sem v\u00ednculo com a Universidade &nbsp; As atribui\u00e7\u00f5es do Colegiado&nbsp;&hellip;<\/p>\n","protected":false},"author":24,"featured_media":0,"parent":0,"menu_order":0,"comment_status":"closed","ping_status":"closed","template":"","meta":[],"_links":{"self":[{"href":"https:\/\/www2.uepg.br\/bacharelado-engenharia-civil\/wp-json\/wp\/v2\/pages\/351"}],"collection":[{"href":"https:\/\/www2.uepg.br\/bacharelado-engenharia-civil\/wp-json\/wp\/v2\/pages"}],"about":[{"href":"https:\/\/www2.uepg.br\/bacharelado-engenharia-civil\/wp-json\/wp\/v2\/types\/page"}],"author":[{"embeddable":true,"href":"https:\/\/www2.uepg.br\/bacharelado-engenharia-civil\/wp-json\/wp\/v2\/users\/24"}],"replies":[{"embeddable":true,"href":"https:\/\/www2.uepg.br\/bacharelado-engenharia-civil\/wp-json\/wp\/v2\/comments?post=351"}],"version-history":[{"count":16,"href":"https:\/\/www2.uepg.br\/bacharelado-engenharia-civil\/wp-json\/wp\/v2\/pages\/351\/revisions"}],"predecessor-version":[{"id":1262,"href":"https:\/\/www2.uepg.br\/bacharelado-engenharia-civil\/wp-json\/wp\/v2\/pages\/351\/revisions\/1262"}],"wp:attachment":[{"href":"https:\/\/www2.uepg.br\/bacharelado-engenharia-civil\/wp-json\/wp\/v2\/media?parent=351"}],"curies":[{"name":"wp","href":"https:\/\/api.w.org\/{rel}","templated":true}]}}