{"id":147,"date":"2020-02-04T21:15:50","date_gmt":"2020-02-05T00:15:50","guid":{"rendered":"http:\/\/www2.uepg.br\/testes\/?page_id=147"},"modified":"2020-06-19T14:04:24","modified_gmt":"2020-06-19T17:04:24","slug":"historico","status":"publish","type":"page","link":"https:\/\/www2.uepg.br\/bacharelado-engenharia-computacao\/historico\/","title":{"rendered":"Hist\u00f3rico"},"content":{"rendered":"<p>Criado em 2001, forma profissionais capacitados a atuarem em \u00e1reas tecnol\u00f3gicas que exigem o conhecimento combinado da Engenharia El\u00e9trica e da Computa\u00e7\u00e3o, tais como: comunica\u00e7\u00e3o de dados e redes de computadores, automa\u00e7\u00e3o industrial e controle de processo, automa\u00e7\u00e3o comercial, circuitos e sistemas integrados e microeletr\u00f4nica, microprocessadores e suas aplica\u00e7\u00f5es, processamento de sinais digitais (imagens e voz), sistemas eletr\u00f4nicos e softwares embarcados aplicados as \u00e1reas agr\u00edcola, automotiva, m\u00e9dica e telefonia celular.<\/p>\n<p>Atualmente, o curso Engenharia de Computa\u00e7\u00e3o \u00e9 oferecido em per\u00edodo integral, tendo a dura\u00e7\u00e3o de cinco anos.<\/p>\n","protected":false},"excerpt":{"rendered":"<p>Criado em 2001, forma profissionais capacitados a atuarem em \u00e1reas tecnol\u00f3gicas que exigem o conhecimento combinado da Engenharia El\u00e9trica e da Computa\u00e7\u00e3o, tais como: comunica\u00e7\u00e3o de dados e redes de computadores, automa\u00e7\u00e3o industrial e controle de processo, automa\u00e7\u00e3o comercial, circuitos e sistemas integrados e microeletr\u00f4nica, microprocessadores e suas aplica\u00e7\u00f5es, processamento de sinais digitais (imagens e&nbsp;&hellip;<\/p>\n","protected":false},"author":24,"featured_media":0,"parent":0,"menu_order":0,"comment_status":"closed","ping_status":"closed","template":"","meta":[],"_links":{"self":[{"href":"https:\/\/www2.uepg.br\/bacharelado-engenharia-computacao\/wp-json\/wp\/v2\/pages\/147"}],"collection":[{"href":"https:\/\/www2.uepg.br\/bacharelado-engenharia-computacao\/wp-json\/wp\/v2\/pages"}],"about":[{"href":"https:\/\/www2.uepg.br\/bacharelado-engenharia-computacao\/wp-json\/wp\/v2\/types\/page"}],"author":[{"embeddable":true,"href":"https:\/\/www2.uepg.br\/bacharelado-engenharia-computacao\/wp-json\/wp\/v2\/users\/24"}],"replies":[{"embeddable":true,"href":"https:\/\/www2.uepg.br\/bacharelado-engenharia-computacao\/wp-json\/wp\/v2\/comments?post=147"}],"version-history":[{"count":12,"href":"https:\/\/www2.uepg.br\/bacharelado-engenharia-computacao\/wp-json\/wp\/v2\/pages\/147\/revisions"}],"predecessor-version":[{"id":394,"href":"https:\/\/www2.uepg.br\/bacharelado-engenharia-computacao\/wp-json\/wp\/v2\/pages\/147\/revisions\/394"}],"wp:attachment":[{"href":"https:\/\/www2.uepg.br\/bacharelado-engenharia-computacao\/wp-json\/wp\/v2\/media?parent=147"}],"curies":[{"name":"wp","href":"https:\/\/api.w.org\/{rel}","templated":true}]}}