{"id":297,"date":"2020-03-05T16:21:16","date_gmt":"2020-03-05T19:21:16","guid":{"rendered":"http:\/\/www2.uepg.br\/testes\/?page_id=297"},"modified":"2024-12-17T10:03:11","modified_gmt":"2024-12-17T13:03:11","slug":"atividades-complementares","status":"publish","type":"page","link":"https:\/\/www2.uepg.br\/bacharelado-engenharia-computacao\/atividades-complementares\/","title":{"rendered":"Atividades Complementares"},"content":{"rendered":"<h2 style=\"text-align: center\"><strong>Curr\u00edculo 3<\/strong><\/h2>\n<p>\u00c9 necess\u00e1rio o cumprimento m\u00ednimo de 200 horas complementares para os acad\u00eamicos do curr\u00edculo 3 respeitando os limites estipulados pela tabela abaixo, presente tamb\u00e9m no PPC do curso.<\/p>\n<p><strong>Pesquisa e Extens\u00e3o<\/strong><\/p>\n<table border=\"1\" cellspacing=\"0\" cellpadding=\"5\">\n<thead>\n<tr>\n<th>Descri\u00e7\u00e3o das Atividades<\/th>\n<th>Carga Hor\u00e1ria da Atividade Desenvolvida<\/th>\n<th>Limite M\u00e1ximo para Aproveitamento<\/th>\n<th>Horas Atividades Complementares<\/th>\n<\/tr>\n<\/thead>\n<tbody>\n<tr>\n<td>Participa\u00e7\u00e3o em Programas de Inicia\u00e7\u00e3o Cient\u00edfica (PIBIC, PROVIC, BIC, PIBITI)<\/td>\n<td>Considerando 100% da carga hor\u00e1ria<\/td>\n<td>M\u00e1ximo 80 horas<\/td>\n<td><\/td>\n<\/tr>\n<tr>\n<td>Participa\u00e7\u00e3o em Projetos de Pesquisa cadastrados na PROPESP<\/td>\n<td>Considerando 100% da carga hor\u00e1ria<\/td>\n<td>M\u00e1ximo 80 horas<\/td>\n<td><\/td>\n<\/tr>\n<tr>\n<td>Participa\u00e7\u00e3o em Projetos de Extens\u00e3o cadastrados na PROEX<\/td>\n<td>Considerando 100% da carga hor\u00e1ria<\/td>\n<td><\/td>\n<td><\/td>\n<\/tr>\n<tr>\n<td>Publica\u00e7\u00e3o de artigos t\u00e9cnicos e\/ou cient\u00edficos<\/td>\n<td>20 horas por artigo<\/td>\n<td>M\u00e1ximo 80 horas<\/td>\n<td>At\u00e9 5 artigos<\/td>\n<\/tr>\n<tr>\n<td>Publica\u00e7\u00e3o de resumos e resumos expandidos<\/td>\n<td>10 horas por resumo<\/td>\n<td>M\u00e1ximo 40 horas<\/td>\n<td>At\u00e9 4 resumos<\/td>\n<\/tr>\n<tr>\n<td>Apresenta\u00e7\u00e3o de trabalhos em eventos de pesquisa ou extens\u00e3o<\/td>\n<td>10 horas por trabalho<\/td>\n<td>M\u00e1ximo 40 horas<\/td>\n<td>At\u00e9 4 apresenta\u00e7\u00f5es<\/td>\n<\/tr>\n<tr>\n<td>Participa\u00e7\u00e3o ou organiza\u00e7\u00e3o de eventos na \u00e1rea de Engenharia de Computa\u00e7\u00e3o<\/td>\n<td>100% da carga hor\u00e1ria<\/td>\n<td>M\u00e1ximo 80 horas<\/td>\n<td><\/td>\n<\/tr>\n<tr>\n<td>Participa\u00e7\u00e3o em eventos em outras \u00e1reas<\/td>\n<td>50% da carga hor\u00e1ria<\/td>\n<td>M\u00e1ximo 50 horas<\/td>\n<td><\/td>\n<\/tr>\n<tr>\n<td>Atividades de representa\u00e7\u00e3o discente na institui\u00e7\u00e3o e no CREA<\/td>\n<td><\/td>\n<td>M\u00e1ximo 50 horas<\/td>\n<td><\/td>\n<\/tr>\n<tr>\n<td>Doa\u00e7\u00e3o de Sangue e Medula<\/td>\n<td>10 horas por doa\u00e7\u00e3o<\/td>\n<td>M\u00e1ximo 30 horas<\/td>\n<td>At\u00e9 3 doa\u00e7\u00f5es<\/td>\n<\/tr>\n<\/tbody>\n<\/table>\n<p>&nbsp;<\/p>\n<p><strong>Ensino<\/strong><\/p>\n<table border=\"1\" cellspacing=\"0\" cellpadding=\"5\">\n<thead>\n<tr>\n<th>Descri\u00e7\u00e3o das Atividades<\/th>\n<th>Carga Hor\u00e1ria da Atividade Desenvolvida<\/th>\n<th>Limite M\u00e1ximo para Aproveitamento<\/th>\n<th>Horas Atividades Complementares<\/th>\n<\/tr>\n<\/thead>\n<tbody>\n<tr>\n<td>Participa\u00e7\u00e3o em projetos de Ensino<\/td>\n<td>100% da carga hor\u00e1ria<\/td>\n<td>M\u00e1ximo de 80 horas<\/td>\n<td><\/td>\n<\/tr>\n<tr>\n<td>Participa\u00e7\u00e3o em programa de educa\u00e7\u00e3o tutorial (PET)<\/td>\n<td>100% da carga hor\u00e1ria<\/td>\n<td>M\u00e1ximo de 80 horas<\/td>\n<td><\/td>\n<\/tr>\n<tr>\n<td>Est\u00e1gios n\u00e3o obrigat\u00f3rios na \u00e1rea de Engenharia de Computa\u00e7\u00e3o com empresas que t\u00eam conv\u00eanio com a UEPG<\/td>\n<td>50% da carga hor\u00e1ria<\/td>\n<td>M\u00e1ximo 100 horas<\/td>\n<td><\/td>\n<\/tr>\n<tr>\n<td>Disciplinas de diversifica\u00e7\u00e3o ou aprofundamento excedentes \u00e0s obrigat\u00f3rias do curr\u00edculo<\/td>\n<td>50% da carga hor\u00e1ria da disciplina<\/td>\n<td>M\u00e1ximo 50 horas<\/td>\n<td><\/td>\n<\/tr>\n<tr>\n<td>Visitas t\u00e9cnicas acompanhadas por professores<\/td>\n<td>5 horas por visita<\/td>\n<td>10 visitas, m\u00e1ximo de 50 horas<\/td>\n<td><\/td>\n<\/tr>\n<tr>\n<td>Disciplinas e\/ou atividades desenvolvidas no Programa de Mobilidade Acad\u00eamica Nacional e Internacional excedentes das com equival\u00eancia<\/td>\n<td>50% da carga hor\u00e1ria da disciplina\/atividade<\/td>\n<td>M\u00e1ximo 50 horas<\/td>\n<td><\/td>\n<\/tr>\n<tr>\n<td>Participa\u00e7\u00e3o obrigat\u00f3ria em atividades (presenciais ou a dist\u00e2ncia) com conte\u00fados que resguardem dimens\u00e3o social da inclus\u00e3o de pessoas com defici\u00eancia, das rela\u00e7\u00f5es \u00e9tnico-raciais, dos afrodescendentes e da preven\u00e7\u00e3o ao uso de drogas<\/td>\n<td>Considerando 100% da carga hor\u00e1ria<\/td>\n<td>M\u00e1ximo 50 horas<\/td>\n<td><\/td>\n<\/tr>\n<tr>\n<td>Cursos na \u00e1rea de Computa\u00e7\u00e3o relacionados com os n\u00facleos tem\u00e1ticos<\/td>\n<td>100% da carga hor\u00e1ria<\/td>\n<td>M\u00e1ximo de 80 horas<\/td>\n<td><\/td>\n<\/tr>\n<tr>\n<td>Cursos de L\u00ednguas estrangeiras e demais Cursos<\/td>\n<td>50% da carga hor\u00e1ria<\/td>\n<td>M\u00e1ximo 50 horas<\/td>\n<td><\/td>\n<\/tr>\n<tr>\n<td>Atividades de Monitoria em disciplinas e\/ou laborat\u00f3rios<\/td>\n<td>100% da carga hor\u00e1ria da disciplina<\/td>\n<td><\/td>\n<td><\/td>\n<\/tr>\n<tr>\n<td>Participa\u00e7\u00e3o em competi\u00e7\u00f5es de maratona de programa\u00e7\u00e3o, rob\u00f4s e similares<\/td>\n<td>10 horas por competi\u00e7\u00e3o<\/td>\n<td>M\u00e1ximo 60 horas<\/td>\n<td>At\u00e9 5 competi\u00e7\u00f5es<\/td>\n<\/tr>\n<tr>\n<td>Participa\u00e7\u00e3o em atividades de treinamento para competi\u00e7\u00f5es de maratona de programa\u00e7\u00e3o, rob\u00f4s e similares<\/td>\n<td>100% da carga hor\u00e1ria<\/td>\n<td>M\u00e1ximo de 80 horas<\/td>\n<td><\/td>\n<\/tr>\n<tr>\n<td>Sufici\u00eancia em n\u00edvel intermedi\u00e1rio em L\u00edngua Inglesa pela UEPG, TOEFL, IELTS e CPE<\/td>\n<td>20 horas por certificado<\/td>\n<td>M\u00e1ximo de 40 horas<\/td>\n<td><\/td>\n<\/tr>\n<\/tbody>\n<\/table>\n<hr \/>\n<h2 style=\"text-align: center\"><strong>Curr\u00edculo 4<\/strong><\/h2>\n<p><strong>Pesquisa e Extens\u00e3o<\/strong><\/p>\n<table border=\"1\" cellspacing=\"0\" cellpadding=\"5\">\n<thead>\n<tr>\n<th>Descri\u00e7\u00e3o das Atividades<\/th>\n<th>Carga Hor\u00e1ria da Atividade Desenvolvida<\/th>\n<th>Limite M\u00e1ximo para Aproveitamento<\/th>\n<th>Horas Atividades Complementares<\/th>\n<\/tr>\n<\/thead>\n<tbody>\n<tr>\n<td>Participa\u00e7\u00e3o em Programas de Inicia\u00e7\u00e3o Cient\u00edfica (PIBIC, PROVIC, BIC, PIBITI)<\/td>\n<td>Considerando 100% da carga hor\u00e1ria<\/td>\n<td>M\u00e1ximo 80 horas<\/td>\n<td><\/td>\n<\/tr>\n<tr>\n<td>Participa\u00e7\u00e3o em Projetos de Pesquisa cadastrados na PROPESP<\/td>\n<td>Considerando 100% da carga hor\u00e1ria<\/td>\n<td>M\u00e1ximo 80 horas<\/td>\n<td><\/td>\n<\/tr>\n<tr>\n<td>Participa\u00e7\u00e3o em Projetos de Extens\u00e3o cadastrados na PROEX<\/td>\n<td>Considerando 100% da carga hor\u00e1ria<\/td>\n<td>M\u00e1ximo 80 horas<\/td>\n<td><\/td>\n<\/tr>\n<tr>\n<td>Publica\u00e7\u00e3o de artigos t\u00e9cnicos e\/ou cient\u00edficos<\/td>\n<td>20 horas por artigo<\/td>\n<td>M\u00e1ximo 100 horas<\/td>\n<td>At\u00e9 5 artigos<\/td>\n<\/tr>\n<tr>\n<td>Publica\u00e7\u00e3o de resumos e resumos expandidos<\/td>\n<td>10 horas por resumo<\/td>\n<td>M\u00e1ximo 40 horas<\/td>\n<td>At\u00e9 4 resumos<\/td>\n<\/tr>\n<tr>\n<td>Apresenta\u00e7\u00e3o de trabalhos em eventos de pesquisa ou extens\u00e3o<\/td>\n<td>10 horas por trabalho<\/td>\n<td>M\u00e1ximo 40 horas<\/td>\n<td>At\u00e9 4 apresenta\u00e7\u00f5es<\/td>\n<\/tr>\n<tr>\n<td>Participa\u00e7\u00e3o ou organiza\u00e7\u00e3o de Eventos na \u00e1rea de Engenharia de Computa\u00e7\u00e3o<\/td>\n<td>100% da carga hor\u00e1ria<\/td>\n<td>M\u00e1ximo 80 horas<\/td>\n<td><\/td>\n<\/tr>\n<tr>\n<td>Participa\u00e7\u00e3o em Eventos em outras \u00e1reas<\/td>\n<td>50% da carga hor\u00e1ria<\/td>\n<td>M\u00e1ximo 50 horas<\/td>\n<td><\/td>\n<\/tr>\n<tr>\n<td>Atividades de representa\u00e7\u00e3o discente na institui\u00e7\u00e3o e no CREA<\/td>\n<td><\/td>\n<td>M\u00e1ximo 50 horas<\/td>\n<td><\/td>\n<\/tr>\n<tr>\n<td>Doa\u00e7\u00e3o de Sangue e Medula<\/td>\n<td>10 horas por doa\u00e7\u00e3o<\/td>\n<td>M\u00e1ximo de 30 horas<\/td>\n<td>At\u00e9 3 doa\u00e7\u00f5es<\/td>\n<\/tr>\n<\/tbody>\n<\/table>\n<p>&nbsp;<\/p>\n<p><strong>Ensino<\/strong><\/p>\n<table border=\"1\" cellspacing=\"0\" cellpadding=\"5\">\n<thead>\n<tr>\n<th>Descri\u00e7\u00e3o das Atividades<\/th>\n<th>Carga Hor\u00e1ria da Atividade Desenvolvida<\/th>\n<th>Limite M\u00e1ximo para Aproveitamento<\/th>\n<th>Horas Atividades Complementares<\/th>\n<\/tr>\n<\/thead>\n<tbody>\n<tr>\n<td>Participa\u00e7\u00e3o em projetos de Ensino<\/td>\n<td>100% da carga hor\u00e1ria<\/td>\n<td>M\u00e1ximo de 80 horas<\/td>\n<td><\/td>\n<\/tr>\n<tr>\n<td>Participa\u00e7\u00e3o em programa de educa\u00e7\u00e3o tutorial (PET)<\/td>\n<td>100% da carga hor\u00e1ria<\/td>\n<td>M\u00e1ximo de 80 horas<\/td>\n<td><\/td>\n<\/tr>\n<tr>\n<td>Est\u00e1gios n\u00e3o obrigat\u00f3rios na \u00e1rea de Engenharia de Computa\u00e7\u00e3o com empresas que t\u00eam conv\u00eanio com a UEPG<\/td>\n<td>50% da carga hor\u00e1ria<\/td>\n<td>M\u00e1ximo 100 horas<\/td>\n<td><\/td>\n<\/tr>\n<tr>\n<td>Disciplinas de diversifica\u00e7\u00e3o ou aprofundamento excedentes \u00e0s obrigat\u00f3rias do curr\u00edculo<\/td>\n<td>50% da carga hor\u00e1ria da disciplina<\/td>\n<td>M\u00e1ximo 50 horas<\/td>\n<td><\/td>\n<\/tr>\n<tr>\n<td>Visitas t\u00e9cnicas acompanhadas por professores<\/td>\n<td>5 horas por visita<\/td>\n<td>10 visitas, m\u00e1ximo de 50 horas<\/td>\n<td><\/td>\n<\/tr>\n<tr>\n<td>Disciplinas e\/ou atividades desenvolvidas no Programa de Mobilidade Acad\u00eamica Nacional e Internacional excedentes das com equival\u00eancia<\/td>\n<td>50% da carga hor\u00e1ria da disciplina\/atividade<\/td>\n<td>M\u00e1ximo 50 horas<\/td>\n<td><\/td>\n<\/tr>\n<tr>\n<td>Participa\u00e7\u00e3o obrigat\u00f3ria em atividades (presenciais ou a dist\u00e2ncia) com conte\u00fado que resguardem dimens\u00e3o social da inclus\u00e3o de pessoas com defici\u00eancia, das rela\u00e7\u00f5es \u00e9tnico-raciais, dos afrodescendentes e da preven\u00e7\u00e3o ao uso de drogas<\/td>\n<td>Considerando 100% da carga hor\u00e1ria<\/td>\n<td>M\u00e1ximo 50 horas<\/td>\n<td><\/td>\n<\/tr>\n<tr>\n<td>Cursos na \u00e1rea de Computa\u00e7\u00e3o relacionados com os n\u00facleos tem\u00e1ticos<\/td>\n<td>100% da carga hor\u00e1ria<\/td>\n<td>M\u00e1ximo de 80 horas<\/td>\n<td><\/td>\n<\/tr>\n<tr>\n<td>Cursos de L\u00ednguas estrangeiras e demais Cursos<\/td>\n<td>50% da carga hor\u00e1ria<\/td>\n<td>M\u00e1ximo 50 horas<\/td>\n<td><\/td>\n<\/tr>\n<tr>\n<td>Atividades de Monitoria em disciplinas e\/ou laborat\u00f3rios<\/td>\n<td>100% da carga hor\u00e1ria da disciplina<\/td>\n<td><\/td>\n<td><\/td>\n<\/tr>\n<tr>\n<td>Participa\u00e7\u00e3o em competi\u00e7\u00f5es de maratona de programa\u00e7\u00e3o, rob\u00f4s e similares<\/td>\n<td>10 horas por competi\u00e7\u00e3o<\/td>\n<td>M\u00e1ximo 60 horas<\/td>\n<td>At\u00e9 5 competi\u00e7\u00f5es<\/td>\n<\/tr>\n<tr>\n<td>Participa\u00e7\u00e3o em atividades de treinamento para competi\u00e7\u00f5es de maratona de programa\u00e7\u00e3o, rob\u00f4s e similares<\/td>\n<td>100% da carga hor\u00e1ria<\/td>\n<td>M\u00e1ximo de 80 horas<\/td>\n<td><\/td>\n<\/tr>\n<tr>\n<td>Sufici\u00eancia em n\u00edvel intermedi\u00e1rio em L\u00edngua Inglesa pela UEPG, TOEFL, IELTS e CPE<\/td>\n<td>20 horas para cada certificado<\/td>\n<td>M\u00e1ximo de 40 horas<\/td>\n<td><\/td>\n<\/tr>\n<\/tbody>\n<\/table>\n<p>&nbsp;<\/p>\n","protected":false},"excerpt":{"rendered":"<p>Curr\u00edculo 3 \u00c9 necess\u00e1rio o cumprimento m\u00ednimo de 200 horas complementares para os acad\u00eamicos do curr\u00edculo 3 respeitando os limites estipulados pela tabela abaixo, presente tamb\u00e9m no PPC do curso. Pesquisa e Extens\u00e3o Descri\u00e7\u00e3o das Atividades Carga Hor\u00e1ria da Atividade Desenvolvida Limite M\u00e1ximo para Aproveitamento Horas Atividades Complementares Participa\u00e7\u00e3o em Programas de Inicia\u00e7\u00e3o Cient\u00edfica (PIBIC,&nbsp;&hellip;<\/p>\n","protected":false},"author":24,"featured_media":0,"parent":0,"menu_order":0,"comment_status":"closed","ping_status":"closed","template":"","meta":[],"_links":{"self":[{"href":"https:\/\/www2.uepg.br\/bacharelado-engenharia-computacao\/wp-json\/wp\/v2\/pages\/297"}],"collection":[{"href":"https:\/\/www2.uepg.br\/bacharelado-engenharia-computacao\/wp-json\/wp\/v2\/pages"}],"about":[{"href":"https:\/\/www2.uepg.br\/bacharelado-engenharia-computacao\/wp-json\/wp\/v2\/types\/page"}],"author":[{"embeddable":true,"href":"https:\/\/www2.uepg.br\/bacharelado-engenharia-computacao\/wp-json\/wp\/v2\/users\/24"}],"replies":[{"embeddable":true,"href":"https:\/\/www2.uepg.br\/bacharelado-engenharia-computacao\/wp-json\/wp\/v2\/comments?post=297"}],"version-history":[{"count":14,"href":"https:\/\/www2.uepg.br\/bacharelado-engenharia-computacao\/wp-json\/wp\/v2\/pages\/297\/revisions"}],"predecessor-version":[{"id":523,"href":"https:\/\/www2.uepg.br\/bacharelado-engenharia-computacao\/wp-json\/wp\/v2\/pages\/297\/revisions\/523"}],"wp:attachment":[{"href":"https:\/\/www2.uepg.br\/bacharelado-engenharia-computacao\/wp-json\/wp\/v2\/media?parent=297"}],"curies":[{"name":"wp","href":"https:\/\/api.w.org\/{rel}","templated":true}]}}