{"id":300,"date":"2020-03-05T16:25:39","date_gmt":"2020-03-05T19:25:39","guid":{"rendered":"http:\/\/www2.uepg.br\/testes\/?page_id=300"},"modified":"2024-12-17T11:20:06","modified_gmt":"2024-12-17T14:20:06","slug":"estagio","status":"publish","type":"page","link":"https:\/\/www2.uepg.br\/bacharelado-engenharia-computacao\/estagio\/","title":{"rendered":"Est\u00e1gio"},"content":{"rendered":"<h2 style=\"text-align: center\"><strong>Est\u00e1gio<\/strong><\/h2>\n<p style=\"text-align: center\"><a href=\"https:\/\/www2.uepg.br\/prograd\/estagio\/regulamentos-de-cursos-presenciais\/\">R<\/a><a href=\"https:\/\/www2.uepg.br\/prograd\/estagio\/regulamentos-de-cursos-presenciais\/\">egras<\/a><a href=\"https:\/\/www2.uepg.br\/prograd\/estagio\/regulamentos-de-cursos-presenciais\/\"> gerais UEPG<\/a><\/p>\n<p style=\"text-align: center\"><a href=\"http:\/\/www2.uepg.br\/bacharelado-engenharia-computacao\/wp-content\/uploads\/sites\/96\/2024\/12\/regulamento_estagio_ec.pdf\">Regra de est\u00e1gio de Engenharia de Computa\u00e7\u00e3o<\/a> (curriculo 3)<\/p>\n<p style=\"text-align: center\"><a href=\"http:\/\/www2.uepg.br\/bacharelado-engenharia-computacao\/wp-content\/uploads\/sites\/96\/2024\/12\/regulamento_estagio_ec_4.pdf\">Regra de est\u00e1gio de Engenharia de Computa\u00e7\u00e3o<\/a> (curriculo 4)<\/p>\n<p style=\"text-align: center\"><b>Coordenador:<\/b> Prof. Dr. Luciano Jos\u00e9 Senger<br \/>\n<strong>Vice-coordenadora:<\/strong> Profa. Dra. Rosane Falate<br \/>\n<b>E-mail:<\/b>\u00a0ljsenger@uepg.br<\/p>\n","protected":false},"excerpt":{"rendered":"<p>Est\u00e1gio Regras gerais UEPG Regra de est\u00e1gio de Engenharia de Computa\u00e7\u00e3o (curriculo 3) Regra de est\u00e1gio de Engenharia de Computa\u00e7\u00e3o (curriculo 4) Coordenador: Prof. Dr. Luciano Jos\u00e9 Senger Vice-coordenadora: Profa. Dra. Rosane Falate E-mail:\u00a0ljsenger@uepg.br<\/p>\n","protected":false},"author":24,"featured_media":0,"parent":0,"menu_order":0,"comment_status":"closed","ping_status":"closed","template":"","meta":[],"_links":{"self":[{"href":"https:\/\/www2.uepg.br\/bacharelado-engenharia-computacao\/wp-json\/wp\/v2\/pages\/300"}],"collection":[{"href":"https:\/\/www2.uepg.br\/bacharelado-engenharia-computacao\/wp-json\/wp\/v2\/pages"}],"about":[{"href":"https:\/\/www2.uepg.br\/bacharelado-engenharia-computacao\/wp-json\/wp\/v2\/types\/page"}],"author":[{"embeddable":true,"href":"https:\/\/www2.uepg.br\/bacharelado-engenharia-computacao\/wp-json\/wp\/v2\/users\/24"}],"replies":[{"embeddable":true,"href":"https:\/\/www2.uepg.br\/bacharelado-engenharia-computacao\/wp-json\/wp\/v2\/comments?post=300"}],"version-history":[{"count":7,"href":"https:\/\/www2.uepg.br\/bacharelado-engenharia-computacao\/wp-json\/wp\/v2\/pages\/300\/revisions"}],"predecessor-version":[{"id":548,"href":"https:\/\/www2.uepg.br\/bacharelado-engenharia-computacao\/wp-json\/wp\/v2\/pages\/300\/revisions\/548"}],"wp:attachment":[{"href":"https:\/\/www2.uepg.br\/bacharelado-engenharia-computacao\/wp-json\/wp\/v2\/media?parent=300"}],"curies":[{"name":"wp","href":"https:\/\/api.w.org\/{rel}","templated":true}]}}