{"id":304,"date":"2020-03-06T08:17:29","date_gmt":"2020-03-06T11:17:29","guid":{"rendered":"http:\/\/www2.uepg.br\/testes\/?page_id=304"},"modified":"2024-12-17T11:17:38","modified_gmt":"2024-12-17T14:17:38","slug":"regulamentos","status":"publish","type":"page","link":"https:\/\/www2.uepg.br\/bacharelado-engenharia-computacao\/regulamentos\/","title":{"rendered":"Regulamentos"},"content":{"rendered":"<p><a href=\"https:\/\/www2.uepg.br\/prograd\/normativas\/\">Regulamentos &#8211; PROGRAD<\/a><\/p>\n<p>&#8211; Regimento Geral da UEPG;<br \/>\n&#8211; Sistema Eletr\u00f4nico de Informa\u00e7\u00f5es;<br \/>\n&#8211; Abono de faltas de acad\u00eamicos;<br \/>\n&#8211; Acesso aos Instrumentos de Avalia\u00e7\u00e3o;<br \/>\n&#8211; Aproveitamento de estudos e adapta\u00e7\u00e3o curricular de regime e transferidos;<br \/>\n&#8211; Ascens\u00e3o de s\u00e9rie;<br \/>\n&#8211; Cola\u00e7\u00e3o de grau;<br \/>\n&#8211; Controle de presen\u00e7a de ingressantes ap\u00f3s o in\u00edcio do ano letivo;<br \/>\n&#8211; Cumprimento de atividades essenciais\/complementares para alunos adaptados e transferidos;<br \/>\n&#8211; Disciplina de meio ano letivo;<br \/>\n&#8211; Disciplina eletiva;<br \/>\n&#8211; Est\u00e1gio Curricular;<br \/>\n&#8211; Estudos complementares (disciplinas isoladas);<\/p>\n<p><a href=\"https:\/\/transparencia.apps.uepg.br\/legislacao\">Consulta \u00e0 legisla\u00e7\u00e3o geral UEPG<\/a><\/p>\n","protected":false},"excerpt":{"rendered":"<p>Regulamentos &#8211; PROGRAD &#8211; Regimento Geral da UEPG; &#8211; Sistema Eletr\u00f4nico de Informa\u00e7\u00f5es; &#8211; Abono de faltas de acad\u00eamicos; &#8211; Acesso aos Instrumentos de Avalia\u00e7\u00e3o; &#8211; Aproveitamento de estudos e adapta\u00e7\u00e3o curricular de regime e transferidos; &#8211; Ascens\u00e3o de s\u00e9rie; &#8211; Cola\u00e7\u00e3o de grau; &#8211; Controle de presen\u00e7a de ingressantes ap\u00f3s o in\u00edcio do ano&nbsp;&hellip;<\/p>\n","protected":false},"author":24,"featured_media":0,"parent":0,"menu_order":0,"comment_status":"closed","ping_status":"closed","template":"","meta":[],"_links":{"self":[{"href":"https:\/\/www2.uepg.br\/bacharelado-engenharia-computacao\/wp-json\/wp\/v2\/pages\/304"}],"collection":[{"href":"https:\/\/www2.uepg.br\/bacharelado-engenharia-computacao\/wp-json\/wp\/v2\/pages"}],"about":[{"href":"https:\/\/www2.uepg.br\/bacharelado-engenharia-computacao\/wp-json\/wp\/v2\/types\/page"}],"author":[{"embeddable":true,"href":"https:\/\/www2.uepg.br\/bacharelado-engenharia-computacao\/wp-json\/wp\/v2\/users\/24"}],"replies":[{"embeddable":true,"href":"https:\/\/www2.uepg.br\/bacharelado-engenharia-computacao\/wp-json\/wp\/v2\/comments?post=304"}],"version-history":[{"count":5,"href":"https:\/\/www2.uepg.br\/bacharelado-engenharia-computacao\/wp-json\/wp\/v2\/pages\/304\/revisions"}],"predecessor-version":[{"id":546,"href":"https:\/\/www2.uepg.br\/bacharelado-engenharia-computacao\/wp-json\/wp\/v2\/pages\/304\/revisions\/546"}],"wp:attachment":[{"href":"https:\/\/www2.uepg.br\/bacharelado-engenharia-computacao\/wp-json\/wp\/v2\/media?parent=304"}],"curies":[{"name":"wp","href":"https:\/\/api.w.org\/{rel}","templated":true}]}}