{"id":351,"date":"2020-05-12T16:28:26","date_gmt":"2020-05-12T19:28:26","guid":{"rendered":"http:\/\/www2.uepg.br\/bacharelado-engenharia-computacao\/?page_id=351"},"modified":"2024-12-17T10:14:03","modified_gmt":"2024-12-17T13:14:03","slug":"colegiado","status":"publish","type":"page","link":"https:\/\/www2.uepg.br\/bacharelado-engenharia-computacao\/colegiado\/","title":{"rendered":"Colegiado"},"content":{"rendered":"<p>Coordenador de Curso: Prof. Dr. Jonathan de Matos<br \/>\ne-mail: colecomp@uepg.br<br \/>\nTelefone: (42) 3220-3729<\/p>\n<p>Vice-coordenador de Curso: Prof. Dr. M\u00e1rcio Augusto Souza<\/p>\n<p>Coordenador de Trabalhos de Conclus\u00e3o de Curso: Prof. Dr. Marcelo Ferrasa<br \/>\ne-mail: tcc.ec@deinfo.uepg.br<\/p>\n<p>Coordenador de Est\u00e1gios Curriculares: Prof. Dr. Luciano Jos\u00e9 Senger<br \/>\ne-mail: estagio.ec@deinfo.uepg.br<\/p>\n<p>Membros do Colegiado:<br \/>\nProfa. Dra. Leila Maria Vriesmann<br \/>\nProf. Dr. Jaime Cohen<br \/>\nProf. Dr. Adriano Ferrasa<\/p>\n","protected":false},"excerpt":{"rendered":"<p>Coordenador de Curso: Prof. Dr. Jonathan de Matos e-mail: colecomp@uepg.br Telefone: (42) 3220-3729 Vice-coordenador de Curso: Prof. Dr. M\u00e1rcio Augusto Souza Coordenador de Trabalhos de Conclus\u00e3o de Curso: Prof. Dr. Marcelo Ferrasa e-mail: tcc.ec@deinfo.uepg.br Coordenador de Est\u00e1gios Curriculares: Prof. Dr. Luciano Jos\u00e9 Senger e-mail: estagio.ec@deinfo.uepg.br Membros do Colegiado: Profa. Dra. Leila Maria Vriesmann Prof. Dr.&nbsp;&hellip;<\/p>\n","protected":false},"author":24,"featured_media":0,"parent":0,"menu_order":0,"comment_status":"closed","ping_status":"closed","template":"","meta":[],"_links":{"self":[{"href":"https:\/\/www2.uepg.br\/bacharelado-engenharia-computacao\/wp-json\/wp\/v2\/pages\/351"}],"collection":[{"href":"https:\/\/www2.uepg.br\/bacharelado-engenharia-computacao\/wp-json\/wp\/v2\/pages"}],"about":[{"href":"https:\/\/www2.uepg.br\/bacharelado-engenharia-computacao\/wp-json\/wp\/v2\/types\/page"}],"author":[{"embeddable":true,"href":"https:\/\/www2.uepg.br\/bacharelado-engenharia-computacao\/wp-json\/wp\/v2\/users\/24"}],"replies":[{"embeddable":true,"href":"https:\/\/www2.uepg.br\/bacharelado-engenharia-computacao\/wp-json\/wp\/v2\/comments?post=351"}],"version-history":[{"count":6,"href":"https:\/\/www2.uepg.br\/bacharelado-engenharia-computacao\/wp-json\/wp\/v2\/pages\/351\/revisions"}],"predecessor-version":[{"id":525,"href":"https:\/\/www2.uepg.br\/bacharelado-engenharia-computacao\/wp-json\/wp\/v2\/pages\/351\/revisions\/525"}],"wp:attachment":[{"href":"https:\/\/www2.uepg.br\/bacharelado-engenharia-computacao\/wp-json\/wp\/v2\/media?parent=351"}],"curies":[{"name":"wp","href":"https:\/\/api.w.org\/{rel}","templated":true}]}}