{"id":501,"date":"2024-12-17T09:15:05","date_gmt":"2024-12-17T12:15:05","guid":{"rendered":"https:\/\/www2.uepg.br\/bacharelado-engenharia-computacao\/?page_id=501"},"modified":"2024-12-17T09:15:23","modified_gmt":"2024-12-17T12:15:23","slug":"projetos-pedagogicos","status":"publish","type":"page","link":"https:\/\/www2.uepg.br\/bacharelado-engenharia-computacao\/projetos-pedagogicos\/","title":{"rendered":"Projetos pedag\u00f3gicos"},"content":{"rendered":"<p>Link oficial da PROGRAD:<\/p>\n<p><a href=\"https:\/\/www2.uepg.br\/prograd\/projetos-pedagogicos-em-vigencia\/\">Projetos pedag\u00f3gicos correntes<\/a><\/p>\n<p>&nbsp;<\/p>\n<p>Links diretos para as resolu\u00e7\u00f5es:<\/p>\n<p><a href=\"https:\/\/legislacao.apps.uepg.br\/documentosPublico\/1502015-11-2423.pdf\">Curr\u00edculo 3<\/a><\/p>\n<p><a href=\"https:\/\/legislacao.apps.uepg.br\/documentosPublico\/122023-02-0723.pdf\">Curr\u00edculo 4<\/a><\/p>\n","protected":false},"excerpt":{"rendered":"<p>Link oficial da PROGRAD: Projetos pedag\u00f3gicos correntes &nbsp; Links diretos para as resolu\u00e7\u00f5es: Curr\u00edculo 3 Curr\u00edculo 4<\/p>\n","protected":false},"author":772,"featured_media":0,"parent":0,"menu_order":0,"comment_status":"closed","ping_status":"closed","template":"","meta":[],"_links":{"self":[{"href":"https:\/\/www2.uepg.br\/bacharelado-engenharia-computacao\/wp-json\/wp\/v2\/pages\/501"}],"collection":[{"href":"https:\/\/www2.uepg.br\/bacharelado-engenharia-computacao\/wp-json\/wp\/v2\/pages"}],"about":[{"href":"https:\/\/www2.uepg.br\/bacharelado-engenharia-computacao\/wp-json\/wp\/v2\/types\/page"}],"author":[{"embeddable":true,"href":"https:\/\/www2.uepg.br\/bacharelado-engenharia-computacao\/wp-json\/wp\/v2\/users\/772"}],"replies":[{"embeddable":true,"href":"https:\/\/www2.uepg.br\/bacharelado-engenharia-computacao\/wp-json\/wp\/v2\/comments?post=501"}],"version-history":[{"count":1,"href":"https:\/\/www2.uepg.br\/bacharelado-engenharia-computacao\/wp-json\/wp\/v2\/pages\/501\/revisions"}],"predecessor-version":[{"id":502,"href":"https:\/\/www2.uepg.br\/bacharelado-engenharia-computacao\/wp-json\/wp\/v2\/pages\/501\/revisions\/502"}],"wp:attachment":[{"href":"https:\/\/www2.uepg.br\/bacharelado-engenharia-computacao\/wp-json\/wp\/v2\/media?parent=501"}],"curies":[{"name":"wp","href":"https:\/\/api.w.org\/{rel}","templated":true}]}}