{"id":307,"date":"2020-03-06T08:21:39","date_gmt":"2020-03-06T11:21:39","guid":{"rendered":"http:\/\/www2.uepg.br\/testes\/?page_id=307"},"modified":"2023-08-25T09:19:40","modified_gmt":"2023-08-25T12:19:40","slug":"acoes-e-atividades","status":"publish","type":"page","link":"https:\/\/www2.uepg.br\/bacharelado-fisica\/acoes-e-atividades\/","title":{"rendered":"A\u00e7\u00f5es e Atividades"},"content":{"rendered":"<div id=\"pl-307\"  class=\"panel-layout\" ><div id=\"pg-307-0\"  class=\"panel-grid panel-no-style\" ><div id=\"pgc-307-0-0\"  class=\"panel-grid-cell\" ><div id=\"panel-307-0-0-0\" class=\"so-panel widget widget_sow-accordion panel-first-child panel-last-child\" data-index=\"0\" ><div\n\t\t\t\n\t\t\tclass=\"so-widget-sow-accordion so-widget-sow-accordion-default-cb315fb9f873-307\"\n\t\t\t\n\t\t><div>\n\t<div class=\"sow-accordion\">\n\t\t\t<div class=\"sow-accordion-panel\"\n\t\t\t data-anchor=\"pesquisa\">\n\t\t\t\t<div class=\"sow-accordion-panel-header-container\" role=\"heading\" aria-level=\"2\">\n\t\t\t\t\t<div class=\"sow-accordion-panel-header\" tabindex=\"0\" role=\"button\" id=\"accordion-label-pesquisa\" aria-controls=\"accordion-content-pesquisa\" aria-expanded=\"false\">\n\t\t\t\t\t\t<div class=\"sow-accordion-title sow-accordion-title-icon-left\">\n\t\t\t\t\t\t\t\t\t\t\t\t\t\tPesquisa\t\t\t\t\t\t\t\t\t\t\t\t\t<\/div>\n\t\t\t\t\t\t<div class=\"sow-accordion-open-close-button\">\n\t\t\t\t\t\t\t<div class=\"sow-accordion-open-button\">\n\t\t\t\t\t\t\t\t<span class=\"sow-icon-ionicons\" data-sow-icon=\"&#xf218;\"\n\t\t \n\t\taria-hidden=\"true\"><\/span>\t\t\t\t\t\t\t<\/div>\n\t\t\t\t\t\t\t<div class=\"sow-accordion-close-button\">\n\t\t\t\t\t\t\t\t<span class=\"sow-icon-ionicons\" data-sow-icon=\"&#xf209;\"\n\t\t \n\t\taria-hidden=\"true\"><\/span>\t\t\t\t\t\t\t<\/div>\n\t\t\t\t\t\t<\/div>\n\t\t\t\t\t<\/div>\n\t\t\t\t<\/div>\n\n\t\t\t<div\n\t\t\t\tclass=\"sow-accordion-panel-content\"\n\t\t\t\trole=\"region\"\n\t\t\t\taria-labelledby=\"accordion-label-pesquisa\"\n\t\t\t\tid=\"accordion-content-pesquisa\"\n\t\t\t\tstyle=\"display: none;\"\t\t\t>\n\t\t\t\t<div class=\"sow-accordion-panel-border\" tabindex=\"0\">\n\t\t\t\t\t<p>informar sobre os projetos de pesquisa e assuntos correlatos.<\/p>\n\t\t\t\t<\/div>\n\t\t\t<\/div>\n\t\t<\/div>\n\t\t\t<div class=\"sow-accordion-panel\"\n\t\t\t data-anchor=\"produ%c3%a7%c3%b5es\">\n\t\t\t\t<div class=\"sow-accordion-panel-header-container\" role=\"heading\" aria-level=\"2\">\n\t\t\t\t\t<div class=\"sow-accordion-panel-header\" tabindex=\"0\" role=\"button\" id=\"accordion-label-produ%c3%a7%c3%b5es\" aria-controls=\"accordion-content-produ%c3%a7%c3%b5es\" aria-expanded=\"false\">\n\t\t\t\t\t\t<div class=\"sow-accordion-title sow-accordion-title-icon-left\">\n\t\t\t\t\t\t\t\t\t\t\t\t\t\tProdu\u00e7\u00f5es\t\t\t\t\t\t\t\t\t\t\t\t\t<\/div>\n\t\t\t\t\t\t<div class=\"sow-accordion-open-close-button\">\n\t\t\t\t\t\t\t<div class=\"sow-accordion-open-button\">\n\t\t\t\t\t\t\t\t<span class=\"sow-icon-ionicons\" data-sow-icon=\"&#xf218;\"\n\t\t \n\t\taria-hidden=\"true\"><\/span>\t\t\t\t\t\t\t<\/div>\n\t\t\t\t\t\t\t<div class=\"sow-accordion-close-button\">\n\t\t\t\t\t\t\t\t<span class=\"sow-icon-ionicons\" data-sow-icon=\"&#xf209;\"\n\t\t \n\t\taria-hidden=\"true\"><\/span>\t\t\t\t\t\t\t<\/div>\n\t\t\t\t\t\t<\/div>\n\t\t\t\t\t<\/div>\n\t\t\t\t<\/div>\n\n\t\t\t<div\n\t\t\t\tclass=\"sow-accordion-panel-content\"\n\t\t\t\trole=\"region\"\n\t\t\t\taria-labelledby=\"accordion-label-produ%c3%a7%c3%b5es\"\n\t\t\t\tid=\"accordion-content-produ%c3%a7%c3%b5es\"\n\t\t\t\tstyle=\"display: none;\"\t\t\t>\n\t\t\t\t<div class=\"sow-accordion-panel-border\" tabindex=\"0\">\n\t\t\t\t\t<p style=\"text-align: left\"><span style=\"color: #ff0000\">(link para as produ\u00e7\u00f5es de TCC, artigos, relat\u00f3rios de est\u00e1gios, etc)<\/span><\/p>\n\t\t\t\t<\/div>\n\t\t\t<\/div>\n\t\t<\/div>\n\t\t\t<div class=\"sow-accordion-panel\"\n\t\t\t data-anchor=\"xxiii-semana-da-f%c3%adsica\">\n\t\t\t\t<div class=\"sow-accordion-panel-header-container\" role=\"heading\" aria-level=\"2\">\n\t\t\t\t\t<div class=\"sow-accordion-panel-header\" tabindex=\"0\" role=\"button\" id=\"accordion-label-xxiii-semana-da-f%c3%adsica\" aria-controls=\"accordion-content-xxiii-semana-da-f%c3%adsica\" aria-expanded=\"false\">\n\t\t\t\t\t\t<div class=\"sow-accordion-title sow-accordion-title-icon-left\">\n\t\t\t\t\t\t\t\t\t\t\t\t\t\tXXIII Semana da F\u00edsica\t\t\t\t\t\t\t\t\t\t\t\t\t<\/div>\n\t\t\t\t\t\t<div class=\"sow-accordion-open-close-button\">\n\t\t\t\t\t\t\t<div class=\"sow-accordion-open-button\">\n\t\t\t\t\t\t\t\t<span class=\"sow-icon-ionicons\" data-sow-icon=\"&#xf218;\"\n\t\t \n\t\taria-hidden=\"true\"><\/span>\t\t\t\t\t\t\t<\/div>\n\t\t\t\t\t\t\t<div class=\"sow-accordion-close-button\">\n\t\t\t\t\t\t\t\t<span class=\"sow-icon-ionicons\" data-sow-icon=\"&#xf209;\"\n\t\t \n\t\taria-hidden=\"true\"><\/span>\t\t\t\t\t\t\t<\/div>\n\t\t\t\t\t\t<\/div>\n\t\t\t\t\t<\/div>\n\t\t\t\t<\/div>\n\n\t\t\t<div\n\t\t\t\tclass=\"sow-accordion-panel-content\"\n\t\t\t\trole=\"region\"\n\t\t\t\taria-labelledby=\"accordion-label-xxiii-semana-da-f%c3%adsica\"\n\t\t\t\tid=\"accordion-content-xxiii-semana-da-f%c3%adsica\"\n\t\t\t\tstyle=\"display: none;\"\t\t\t>\n\t\t\t\t<div class=\"sow-accordion-panel-border\" tabindex=\"0\">\n\t\t\t\t\t<p>XXIII Semana da F\u00edsica<\/p>\n<p>&nbsp;<\/p>\n<p><a href=\"https:\/\/drive.google.com\/file\/d\/1MB3sGCJbClHtW1R0hCVXcrteJrDt06bM\/view?usp=sharing\">Veja Mais<\/a><\/p>\n\t\t\t\t<\/div>\n\t\t\t<\/div>\n\t\t<\/div>\n\t\t\t<div class=\"sow-accordion-panel\"\n\t\t\t data-anchor=\"projetos\">\n\t\t\t\t<div class=\"sow-accordion-panel-header-container\" role=\"heading\" aria-level=\"2\">\n\t\t\t\t\t<div class=\"sow-accordion-panel-header\" tabindex=\"0\" role=\"button\" id=\"accordion-label-projetos\" aria-controls=\"accordion-content-projetos\" aria-expanded=\"false\">\n\t\t\t\t\t\t<div class=\"sow-accordion-title sow-accordion-title-icon-left\">\n\t\t\t\t\t\t\t\t\t\t\t\t\t\tProjetos\t\t\t\t\t\t\t\t\t\t\t\t\t<\/div>\n\t\t\t\t\t\t<div class=\"sow-accordion-open-close-button\">\n\t\t\t\t\t\t\t<div class=\"sow-accordion-open-button\">\n\t\t\t\t\t\t\t\t<span class=\"sow-icon-ionicons\" data-sow-icon=\"&#xf218;\"\n\t\t \n\t\taria-hidden=\"true\"><\/span>\t\t\t\t\t\t\t<\/div>\n\t\t\t\t\t\t\t<div class=\"sow-accordion-close-button\">\n\t\t\t\t\t\t\t\t<span class=\"sow-icon-ionicons\" data-sow-icon=\"&#xf209;\"\n\t\t \n\t\taria-hidden=\"true\"><\/span>\t\t\t\t\t\t\t<\/div>\n\t\t\t\t\t\t<\/div>\n\t\t\t\t\t<\/div>\n\t\t\t\t<\/div>\n\n\t\t\t<div\n\t\t\t\tclass=\"sow-accordion-panel-content\"\n\t\t\t\trole=\"region\"\n\t\t\t\taria-labelledby=\"accordion-label-projetos\"\n\t\t\t\tid=\"accordion-content-projetos\"\n\t\t\t\tstyle=\"display: none;\"\t\t\t>\n\t\t\t\t<div class=\"sow-accordion-panel-border\" tabindex=\"0\">\n\t\t\t\t\t<p>Descreva os projetos relacionados ao curso.<\/p>\n\t\t\t\t<\/div>\n\t\t\t<\/div>\n\t\t<\/div>\n\t\t\t<div class=\"sow-accordion-panel\"\n\t\t\t data-anchor=\"publica%c3%a7%c3%b5es-na-%c3%a1rea\">\n\t\t\t\t<div class=\"sow-accordion-panel-header-container\" role=\"heading\" aria-level=\"2\">\n\t\t\t\t\t<div class=\"sow-accordion-panel-header\" tabindex=\"0\" role=\"button\" id=\"accordion-label-publica%c3%a7%c3%b5es-na-%c3%a1rea\" aria-controls=\"accordion-content-publica%c3%a7%c3%b5es-na-%c3%a1rea\" aria-expanded=\"false\">\n\t\t\t\t\t\t<div class=\"sow-accordion-title sow-accordion-title-icon-left\">\n\t\t\t\t\t\t\t\t\t\t\t\t\t\tPublica\u00e7\u00f5es na \u00e1rea\t\t\t\t\t\t\t\t\t\t\t\t\t<\/div>\n\t\t\t\t\t\t<div class=\"sow-accordion-open-close-button\">\n\t\t\t\t\t\t\t<div class=\"sow-accordion-open-button\">\n\t\t\t\t\t\t\t\t<span class=\"sow-icon-ionicons\" data-sow-icon=\"&#xf218;\"\n\t\t \n\t\taria-hidden=\"true\"><\/span>\t\t\t\t\t\t\t<\/div>\n\t\t\t\t\t\t\t<div class=\"sow-accordion-close-button\">\n\t\t\t\t\t\t\t\t<span class=\"sow-icon-ionicons\" data-sow-icon=\"&#xf209;\"\n\t\t \n\t\taria-hidden=\"true\"><\/span>\t\t\t\t\t\t\t<\/div>\n\t\t\t\t\t\t<\/div>\n\t\t\t\t\t<\/div>\n\t\t\t\t<\/div>\n\n\t\t\t<div\n\t\t\t\tclass=\"sow-accordion-panel-content\"\n\t\t\t\trole=\"region\"\n\t\t\t\taria-labelledby=\"accordion-label-publica%c3%a7%c3%b5es-na-%c3%a1rea\"\n\t\t\t\tid=\"accordion-content-publica%c3%a7%c3%b5es-na-%c3%a1rea\"\n\t\t\t\tstyle=\"display: none;\"\t\t\t>\n\t\t\t\t<div class=\"sow-accordion-panel-border\" tabindex=\"0\">\n\t\t\t\t\t<p><span style=\"color: #ff0000\">(links para revistas e anais de congressos)<\/span><\/p>\n\t\t\t\t<\/div>\n\t\t\t<\/div>\n\t\t<\/div>\n\t\t\t<div class=\"sow-accordion-panel\"\n\t\t\t data-anchor=\"trabalhos-de-conclus%c3%a3o\">\n\t\t\t\t<div class=\"sow-accordion-panel-header-container\" role=\"heading\" aria-level=\"2\">\n\t\t\t\t\t<div class=\"sow-accordion-panel-header\" tabindex=\"0\" role=\"button\" id=\"accordion-label-trabalhos-de-conclus%c3%a3o\" aria-controls=\"accordion-content-trabalhos-de-conclus%c3%a3o\" aria-expanded=\"false\">\n\t\t\t\t\t\t<div class=\"sow-accordion-title sow-accordion-title-icon-left\">\n\t\t\t\t\t\t\t\t\t\t\t\t\t\tTrabalhos de Conclus\u00e3o\t\t\t\t\t\t\t\t\t\t\t\t\t<\/div>\n\t\t\t\t\t\t<div class=\"sow-accordion-open-close-button\">\n\t\t\t\t\t\t\t<div class=\"sow-accordion-open-button\">\n\t\t\t\t\t\t\t\t<span class=\"sow-icon-ionicons\" data-sow-icon=\"&#xf218;\"\n\t\t \n\t\taria-hidden=\"true\"><\/span>\t\t\t\t\t\t\t<\/div>\n\t\t\t\t\t\t\t<div class=\"sow-accordion-close-button\">\n\t\t\t\t\t\t\t\t<span class=\"sow-icon-ionicons\" data-sow-icon=\"&#xf209;\"\n\t\t \n\t\taria-hidden=\"true\"><\/span>\t\t\t\t\t\t\t<\/div>\n\t\t\t\t\t\t<\/div>\n\t\t\t\t\t<\/div>\n\t\t\t\t<\/div>\n\n\t\t\t<div\n\t\t\t\tclass=\"sow-accordion-panel-content\"\n\t\t\t\trole=\"region\"\n\t\t\t\taria-labelledby=\"accordion-label-trabalhos-de-conclus%c3%a3o\"\n\t\t\t\tid=\"accordion-content-trabalhos-de-conclus%c3%a3o\"\n\t\t\t\tstyle=\"display: none;\"\t\t\t>\n\t\t\t\t<div class=\"sow-accordion-panel-border\" tabindex=\"0\">\n\t\t\t\t\t<h1>Defesas de Trabalho de Conclus\u00e3o - Formandos 2020<\/h1>\n<p>1- JONATHAN ALEXANDRE MORAZ ALMEIDA ROCHA<\/p>\n<p>T\u00cdTULO DO TRABALHO: \u201cESTUDO SOBRE EMARANHAMENTO QU\u00c2NTICO\u201d<\/p>\n<p>LOCAL: Videoconfer\u00eancia<br \/>\nDATA: 16\/04\/2021 \u00e0s 14h00min<\/p>\n<p><a href=\"https:\/\/drive.google.com\/file\/d\/1fgd8TvWXyYOX3B0ZL0r-e-QCssRPVvtR\/view?usp=sharing\">Veja Mais<\/a><\/p>\n<p>2 - LUNA RHAINE NASCIMENTO OLIVEIRA<\/p>\n<p>T\u00cdTULO DO TRABALHO: \u201cSISTEMAS MEC\u00c2NICOS COM V\u00cdNCULOS\u201d<\/p>\n<p>LOCAL: Videoconfer\u00eancia<br \/>\nDATA: 13\/04\/2021 \u00e0s 16h00min<\/p>\n<p><a href=\"https:\/\/drive.google.com\/file\/d\/1IFnTsGLaZam2zxcdEvggizcva7ZrXvvr\/view?usp=sharing\">Veja Mais<\/a><\/p>\n<p>3 - MARCOS VIN\u00cdCIUS WOISKI BARCOTE<\/p>\n<p>T\u00cdTULO DO TRABALHO: \u201cESTUDO DAS PROPRIEDADES F\u00cdSICAS DE SUPERCONDUTORES ISOLANTES TOPOL\u00d3GICOS COM BASE EM (CU,NI)BI2SE3\u201d<\/p>\n<p>LOCAL: Videoconfer\u00eancia<br \/>\nDATA: 12\/04\/2021 \u00e0s 10h00min<\/p>\n<p><a href=\"https:\/\/drive.google.com\/file\/d\/1SXQF6YnDSOWwxHPCzqu15CJrT2O3UIQy\/view?usp=sharing\">Veja Mais<\/a><\/p>\n<p>4 - THALISSON CESAR WIERTEL<\/p>\n<p>T\u00cdTULO DO TRABALHO: \u201cESTUDO DE AMOSTRAS DA FRA\u00c7\u00c3O ARGILA DE UM LATOSSOLO PELO M\u00c9TODO DE RIETVELD\u201d<\/p>\n<p>LOCAL: Videoconfer\u00eancia<br \/>\nDATA: 15\/04\/2021 \u00e0s 14h00min<\/p>\n<p><a href=\"https:\/\/drive.google.com\/file\/d\/1t24MlGQgMY0QeSUIY7pm8G-iMfrH3I1t\/view?usp=sharing\">Veja Mais<\/a><\/p>\n\t\t\t\t<\/div>\n\t\t\t<\/div>\n\t\t<\/div>\n\t\t<\/div>\n<\/div>\n<\/div><\/div><\/div><\/div><\/div>","protected":false},"excerpt":{"rendered":"<p>Pesquisa informar sobre os projetos de pesquisa e assuntos correlatos. Produ\u00e7\u00f5es (link para as produ\u00e7\u00f5es de TCC, artigos, relat\u00f3rios de est\u00e1gios, etc) XXIII Semana da F\u00edsica XXIII Semana da F\u00edsica &nbsp; Veja Mais Projetos Descreva os projetos relacionados ao curso. Publica\u00e7\u00f5es na \u00e1rea (links para revistas e anais de congressos) Trabalhos de Conclus\u00e3o Defesas de&nbsp;&hellip;<\/p>\n","protected":false},"author":24,"featured_media":0,"parent":0,"menu_order":0,"comment_status":"closed","ping_status":"closed","template":"","meta":[],"_links":{"self":[{"href":"https:\/\/www2.uepg.br\/bacharelado-fisica\/wp-json\/wp\/v2\/pages\/307"}],"collection":[{"href":"https:\/\/www2.uepg.br\/bacharelado-fisica\/wp-json\/wp\/v2\/pages"}],"about":[{"href":"https:\/\/www2.uepg.br\/bacharelado-fisica\/wp-json\/wp\/v2\/types\/page"}],"author":[{"embeddable":true,"href":"https:\/\/www2.uepg.br\/bacharelado-fisica\/wp-json\/wp\/v2\/users\/24"}],"replies":[{"embeddable":true,"href":"https:\/\/www2.uepg.br\/bacharelado-fisica\/wp-json\/wp\/v2\/comments?post=307"}],"version-history":[{"count":15,"href":"https:\/\/www2.uepg.br\/bacharelado-fisica\/wp-json\/wp\/v2\/pages\/307\/revisions"}],"predecessor-version":[{"id":486,"href":"https:\/\/www2.uepg.br\/bacharelado-fisica\/wp-json\/wp\/v2\/pages\/307\/revisions\/486"}],"wp:attachment":[{"href":"https:\/\/www2.uepg.br\/bacharelado-fisica\/wp-json\/wp\/v2\/media?parent=307"}],"curies":[{"name":"wp","href":"https:\/\/api.w.org\/{rel}","templated":true}]}}