{"id":496,"date":"2021-11-04T15:03:01","date_gmt":"2021-11-04T18:03:01","guid":{"rendered":"https:\/\/www2.uepg.br\/bacharelado-jornalismo\/?page_id=496"},"modified":"2023-02-15T18:59:13","modified_gmt":"2023-02-15T21:59:13","slug":"historia","status":"publish","type":"page","link":"https:\/\/www2.uepg.br\/bacharelado-jornalismo\/historia\/","title":{"rendered":"Hist\u00f3ria"},"content":{"rendered":"<p><b>\u00a0 \u00a0 \u00a0 \u00a0 \u00a0 \u00a0 \u00a0HIST\u00d3RIA DA GRADUA\u00c7\u00c3O<\/b><\/p>\n<p><span style=\"font-weight: 400\">\u00a0 \u00a0 \u00a0 \u00a0 \u00a0 \u00a0 \u00a0 O curso de Jornalismo da Universidade Estadual de Ponta Grossa foi criado em abril de 1985 e iniciou suas atividades em agosto do mesmo ano. Estruturado inicialmente dentro de um regime de cr\u00e9dito semestral com dois ingressos anuais, o Curso de Jornalismo recebeu, at\u00e9 1990, nove turmas. A falta de uma estrutura adequada e a aus\u00eancia de investimentos em equipamentos caracterizaram os primeiros anos de atividade. No in\u00edcio da d\u00e9cada de 1990, o curso passa para o regime seriado anual, com apenas um ingresso de 40 alunos. Algumas mudan\u00e7as passam a modificar, desde ent\u00e3o, o perfil do Jornalismo UEPG.<\/span><\/p>\n<p><span style=\"font-weight: 400\">\u00a0 \u00a0 \u00a0 \u00a0 \u00a0 \u00a0 \u00a0Em 1991, o curso lan\u00e7a aquele que seria o seu produto com mais tempo de exist\u00eancia: o impresso Foca Livre. Com mais de 220 edi\u00e7\u00f5es produzidas, o jornal circula por Ponta Grossa e regi\u00e3o, sendo produzido de forma laboratorial pelos estudantes e traz not\u00edcias de interesse p\u00fablico para a comunidade local h\u00e1 mais de 30 anos, inovando nos modelos de diagrama\u00e7\u00e3o e acompanhando a evolu\u00e7\u00e3o do jornalismo impresso.<\/span><\/p>\n<p><span style=\"font-weight: 400\">\u00a0 \u00a0 \u00a0 \u00a0 \u00a0 \u00a0 \u00a0A partir de 1996, inicia-se uma s\u00e9rie de contrata\u00e7\u00f5es atrav\u00e9s de concursos p\u00fablicos. A pesquisa passa a ser encarada como um fator importante, provocando um salto qualitativo na forma\u00e7\u00e3o acad\u00eamica (em agosto de 96, a gradua\u00e7\u00e3o registra os primeiros quatro projetos de inicia\u00e7\u00e3o \u00e0 pesquisa cient\u00edfica da hist\u00f3ria de Jornalismo na UEPG).<\/span><\/p>\n<p><span style=\"font-weight: 400\">\u00a0 \u00a0 \u00a0 \u00a0 \u00a0 \u00a0 \u00a0No novo mil\u00eanio, ao seguir as movimenta\u00e7\u00f5es do mercado de trabalho no jornalismo, a gradua\u00e7\u00e3o iniciou a adequa\u00e7\u00e3o de acordo com as novas demandas, tendo a parte pr\u00e1tica cada vez mais presente na vida dos acad\u00eamicos. Houve a cria\u00e7\u00e3o de novos produtos como base para a produ\u00e7\u00e3o jornal\u00edstica na vida dos acad\u00eamicos e acess\u00edveis para toda a comunidade, como o telejornal <\/span><i><span style=\"font-weight: 400\">Correspondente Local<\/span><\/i><span style=\"font-weight: 400\">, o radiojornal <\/span><i><span style=\"font-weight: 400\">Ponto da Not\u00edcia<\/span><\/i><span style=\"font-weight: 400\">, o programa de entrevistas <\/span><i><span style=\"font-weight: 400\">Papo Peri\u00f3dico,<\/span><\/i><span style=\"font-weight: 400\"> o programa <\/span><i><span style=\"font-weight: 400\">Cr\u00edtica de Ponta<\/span><\/i><span style=\"font-weight: 400\">, a revista <\/span><i><span style=\"font-weight: 400\">Nuntiare<\/span><\/i><span style=\"font-weight: 400\"> e o site Peri\u00f3dico UEPG, onde circulam todas as produ\u00e7\u00f5es do curso.<\/span><\/p>\n<p><span style=\"font-weight: 400\">\u00a0 \u00a0 \u00a0 \u00a0 \u00a0 \u00a0 \u00a0Al\u00e9m dos produtos jornal\u00edsticos do Jornalismo UEPG, tamb\u00e9m h\u00e1 a oferta de projetos de extens\u00e3o, que envolvem o acad\u00eamico em atividades extracurriculares que incentivam a produ\u00e7\u00e3o jornal\u00edstica, como o <\/span><i><span style=\"font-weight: 400\">Foca Foto<\/span><\/i><span style=\"font-weight: 400\"> e o <\/span><i><span style=\"font-weight: 400\">Lente Quente<\/span><\/i><span style=\"font-weight: 400\">, projetos de fotojornalismo, criados no in\u00edcio da 2010, al\u00e9m do <\/span><i><span style=\"font-weight: 400\">Jornalismo e G\u00eanero<\/span><\/i><span style=\"font-weight: 400\">, <\/span><i><span style=\"font-weight: 400\">Cultura Plural <\/span><\/i><span style=\"font-weight: 400\">e<\/span><i><span style=\"font-weight: 400\"> ELOS <\/span><\/i><span style=\"font-weight: 400\">(projeto voltado aos direitos humanos).<\/span><\/p>\n<p><span style=\"font-weight: 400\">\u00a0 \u00a0 \u00a0 \u00a0 \u00a0 \u00a0 \u00a0Tamb\u00e9m j\u00e1 foram feitos programas especiais como a cobertura de elei\u00e7\u00f5es, realizada desde 2006 e o <\/span><i><span style=\"font-weight: 400\">Boletim Covid-19<\/span><\/i><span style=\"font-weight: 400\">, que auxiliou na informa\u00e7\u00e3o sobre a doen\u00e7a na pandemia.\u00a0<\/span><\/p>\n<p><span style=\"font-weight: 400\">\u00a0 \u00a0 \u00a0 \u00a0 \u00a0 \u00a0 \u00a0Os eventos tamb\u00e9m fazem parte do ano letivo do Jornalismo UEPG, como a Semana de Comunica\u00e7\u00e3o, com palestras e visitas para aprofundar o conhecimento em diferentes \u00e1reas do jornalismo e a Semana de Integra\u00e7\u00e3o e Resist\u00eancia, com debates sobre direitos humanos, racismo e quest\u00f5es sociais.<\/span><\/p>\n<p><span style=\"font-weight: 400\">\u00a0 \u00a0 \u00a0 \u00a0 \u00a0 \u00a0 \u00a0Em rela\u00e7\u00e3o \u00e0 estrutura, o curso sempre buscou junto \u00e0 administra\u00e7\u00e3o a amplia\u00e7\u00e3o dos investimentos, o que na maioria das vezes n\u00e3o aconteceu. Jornalismo UEPG se caracteriza por lutas pontuais, objetivando laborat\u00f3rios, contrata\u00e7\u00f5es de professores, compra de equipamentos e incentivo \u00e0 produ\u00e7\u00e3o acad\u00eamica, esta \u00faltima sofrendo desgastes com m\u00e1s gest\u00f5es de governos estaduais e da pr\u00f3pria Universidade.<\/span><\/p>\n<p><span style=\"font-weight: 400\">\u00a0 \u00a0 \u00a0 \u00a0 \u00a0 \u00a0 \u00a0Mesmo com dificuldades em alguns momentos, a gradua\u00e7\u00e3o de Jornalismo UEPG recebeu diversos pr\u00eamios na \u00faltima d\u00e9cada, como o pr\u00eamio Luiz Beltr\u00e3o, na categoria Inova\u00e7\u00e3o, em 2012. Al\u00e9m disso, acad\u00eamicos foram premiados e reconhecidos por pesquisas produzidas no curso. Pr\u00eamios como o Sangue Novo, Intercom, Evento Anual de Inicia\u00e7\u00e3o Cient\u00edfica, pr\u00eamios na \u00e1rea de Folkcomunica\u00e7\u00e3o, Pr\u00eamio Marques de Mello, <\/span><span style=\"font-weight: 400\">Pr\u00eamio Adelmo Genro Filho e<\/span> <span style=\"font-weight: 400\">Pr\u00eamio P\u00e3o de A\u00e7\u00facar, s\u00e3o algumas das premia\u00e7\u00f5es recebidas por graduandos de Jornalismo UEPG.\u00a0<\/span><\/p>\n<p><span style=\"font-weight: 400\">\u00a0 \u00a0 \u00a0 \u00a0 \u00a0 \u00a0 At\u00e9 2023, o curso j\u00e1 formou mais de 800 jornalistas. Alguns nomes que possuem relev\u00e2ncia no jornalismo regional e at\u00e9 mesmo nacional s\u00e3o formados na UEPG como <\/span><b>Eduardo Ribeiro<\/b><span style=\"font-weight: 400\"> (apresentador da RecordTV), <\/span><b>Katia Brembatti<\/b><span style=\"font-weight: 400\"> (presidente da ABRAJI e rep\u00f3rter investigativa), <\/span><b>Rodrigo Menegatti <\/b><span style=\"font-weight: 400\">(rep\u00f3rter especializado em jornalismo de dados), <\/span><b>Roberto Benti<\/b><span style=\"font-weight: 400\"> (cartunista); <\/span><b>Jos\u00e9 Tramontin <\/b><span style=\"font-weight: 400\">(fot\u00f3grafo esportivo), <\/span><b>Tha\u00eds Belleze <\/b><span style=\"font-weight: 400\">(apresentadora de telejornais estaduais); <\/span><b>Sandro Carrilho<\/b><span style=\"font-weight: 400\"> (diretor do impresso P\u00e1gina Um), <\/span><b>Bruna Bronoski<\/b><span style=\"font-weight: 400\">, <\/span><b>Andr\u00e9 Salustiano<\/b><span style=\"font-weight: 400\">, <\/span><b>Maharra Laurindo<\/b><span style=\"font-weight: 400\"> e <\/span><b>Jana\u00edna Castilho<\/b><span style=\"font-weight: 400\"> (rep\u00f3rteres), <\/span><b>Raylanne Martins<\/b><span style=\"font-weight: 400\"> (apresentadora da Rede Massa), dentre outros.<\/span><\/p>\n<p><span style=\"font-weight: 400\">\u00a0 \u00a0 \u00a0 \u00a0 \u00a0 \u00a0 O curso, desde seus prim\u00f3rdios, tamb\u00e9m possui forte atua\u00e7\u00e3o e reconhecimento na \u00e1rea de Pesquisa e Extens\u00e3o, com a participa\u00e7\u00e3o em diversos projetos e institui\u00e7\u00f5es de pesquisa como a FENAJI, Rede Folkcomunicacao, SPPJOR, Intercom, entre outros, sendo o curso uma importante refer\u00eancia em pesquisas acad\u00eamicas de jornalismo nacionalmente.<\/span><\/p>\n<p><span style=\"font-weight: 400\">\u00a0 \u00a0 \u00a0 \u00a0 \u00a0 \u00a0 V\u00e1rios nomes formados no Jornalismo UEPG, hoje possuem um curr\u00edculo extenso na \u00e1rea de pesquisa como <\/span><b>D\u00e9bora Lopes<\/b><span style=\"font-weight: 400\"> (pesquisador de r\u00e1dio), <\/span><b>Emerson Cervi <\/b><span style=\"font-weight: 400\">(pesquisador), <\/span><b>Michele Massushin<\/b><span style=\"font-weight: 400\"> (coordenadora do PPGCOM\/UFPR); <\/span><b>Karina Janz Woitowicz <\/b><span style=\"font-weight: 400\">(folkcomunica\u00e7\u00e3o e direitos humanos), <\/span><b>Cintia Xavier<\/b><span style=\"font-weight: 400\"> e <\/span><b>Graziela Bianchi<\/b><span style=\"font-weight: 400\">, dentre tantos nomes.<\/span><\/p>\n<p><span style=\"font-weight: 400\">\u00a0 \u00a0 \u00a0 \u00a0 \u00a0 \u00a0 A cada ano, cerca de 30 a 40 calouros adentram ao curso. Esses estudantes v\u00eam n\u00e3o s\u00f3 de Ponta Grossa, mas de todo o Paran\u00e1, da regi\u00e3o Sul e de outros estados brasileiros. As produ\u00e7\u00f5es cient\u00edficas e laboratoriais de professores e alunos t\u00eam destacado o curso da UEPG em diversos espa\u00e7os e iniciativas da \u00e1rea em n\u00edvel local, estadual e nacional, sendo o curso nota 4 no ENAD, uma das maiores da Universidade Estadual de Ponta Grossa e do Paran\u00e1.<\/span><\/p>\n","protected":false},"excerpt":{"rendered":"<p>\u00a0 \u00a0 \u00a0 \u00a0 \u00a0 \u00a0 \u00a0HIST\u00d3RIA DA GRADUA\u00c7\u00c3O \u00a0 \u00a0 \u00a0 \u00a0 \u00a0 \u00a0 \u00a0 O curso de Jornalismo da Universidade Estadual de Ponta Grossa foi criado em abril de 1985 e iniciou suas atividades em agosto do mesmo ano. Estruturado inicialmente dentro de um regime de cr\u00e9dito semestral com dois ingressos anuais, o&nbsp;&hellip;<\/p>\n","protected":false},"author":378,"featured_media":0,"parent":0,"menu_order":0,"comment_status":"closed","ping_status":"closed","template":"","meta":[],"_links":{"self":[{"href":"https:\/\/www2.uepg.br\/bacharelado-jornalismo\/wp-json\/wp\/v2\/pages\/496"}],"collection":[{"href":"https:\/\/www2.uepg.br\/bacharelado-jornalismo\/wp-json\/wp\/v2\/pages"}],"about":[{"href":"https:\/\/www2.uepg.br\/bacharelado-jornalismo\/wp-json\/wp\/v2\/types\/page"}],"author":[{"embeddable":true,"href":"https:\/\/www2.uepg.br\/bacharelado-jornalismo\/wp-json\/wp\/v2\/users\/378"}],"replies":[{"embeddable":true,"href":"https:\/\/www2.uepg.br\/bacharelado-jornalismo\/wp-json\/wp\/v2\/comments?post=496"}],"version-history":[{"count":7,"href":"https:\/\/www2.uepg.br\/bacharelado-jornalismo\/wp-json\/wp\/v2\/pages\/496\/revisions"}],"predecessor-version":[{"id":812,"href":"https:\/\/www2.uepg.br\/bacharelado-jornalismo\/wp-json\/wp\/v2\/pages\/496\/revisions\/812"}],"wp:attachment":[{"href":"https:\/\/www2.uepg.br\/bacharelado-jornalismo\/wp-json\/wp\/v2\/media?parent=496"}],"curies":[{"name":"wp","href":"https:\/\/api.w.org\/{rel}","templated":true}]}}