{"id":497,"date":"2021-11-04T15:03:01","date_gmt":"2021-11-04T18:03:01","guid":{"rendered":"https:\/\/www2.uepg.br\/bacharelado-jornalismo\/?page_id=497"},"modified":"2023-02-15T18:54:24","modified_gmt":"2023-02-15T21:54:24","slug":"formacao","status":"publish","type":"page","link":"https:\/\/www2.uepg.br\/bacharelado-jornalismo\/formacao\/","title":{"rendered":"Forma\u00e7\u00e3o"},"content":{"rendered":"<p><b>\u00a0 \u00a0 \u00a0 \u00a0 \u00a0 \u00a0 \u00a0FORMA\u00c7\u00c3O\u00a0<\/b><\/p>\n<p><span style=\"font-weight: 400\">\u00a0 \u00a0 \u00a0 \u00a0 \u00a0 \u00a0 \u00a0O curso de Jornalismo da Universidade Estadual de Ponta Grossa (UEPG), com dura\u00e7\u00e3o de quatro anos em per\u00edodo integral, disponibiliza 42 vagas anuais para a forma\u00e7\u00e3o de Jornalistas para o mercado de trabalho na \u00e1rea do Jornalismo com uma forma\u00e7\u00e3o acad\u00eamica generalista, humanista, cr\u00edtica, \u00e9tica e reflexiva.\u00a0<\/span><\/p>\n<p><span style=\"font-weight: 400\">\u00a0 \u00a0 \u00a0 \u00a0 \u00a0 \u00a0 \u00a0Conta com disciplinas te\u00f3ricas e pr\u00e1ticas. Com uma grade que abrange desde disciplinas como Radiojornalismo, Telejornalismo, Design, Filosofia, L\u00edngua Portuguesa, at\u00e9 Produ\u00e7\u00e3o de Foto, \u00c1udios, Textos e Audiovisual. Ao cursar jornalismo UEPG, o graduando recebe impactos diretos na forma\u00e7\u00e3o human\u00edstica e cr\u00edtica com disciplinas espec\u00edficas do curso. A disciplina Cr\u00edtica de M\u00eddia \u00e9 um exemplo, ao enfatizar a capacidade de cr\u00edtica na forma\u00e7\u00e3o do futuro jornalista.\u00a0<\/span><\/p>\n<p><span style=\"font-weight: 400\">\u00a0 \u00a0 \u00a0 \u00a0 \u00a0 \u00a0 \u00a0Na gradua\u00e7\u00e3o o estudante \u00e9 estimulado a ser cr\u00edtico. Isso se torna natural no processo de forma\u00e7\u00e3o por conta dos conte\u00fados expostos durante as disciplinas, que alimentam a postura cr\u00edtica do aluno. O Bacharelado de Jornalismo tem como objetivo a forma\u00e7\u00e3o de jornalistas capazes de responder \u00e0s demandas da sociedade e da cultura contempor\u00e2nea, al\u00e9m de produzir jornalistas com uma base te\u00f3rica e t\u00e9cnica capaz de proporcionar ao profissional clareza e seguran\u00e7a para o exerc\u00edcio da profiss\u00e3o e tamb\u00e9m da fun\u00e7\u00e3o social do jornalista.<\/span><\/p>\n<p><span style=\"font-weight: 400\">\u00a0 \u00a0 \u00a0 \u00a0 \u00a0 \u00a0 \u00a0Durante a gradua\u00e7\u00e3o, s\u00e3o produzidos materiais em diversas \u00e1reas do jornalismo, al\u00e9m da publica\u00e7\u00e3o dessas produ\u00e7\u00f5es em diferentes meios, como o <\/span><a href=\"https:\/\/periodico.sites.uepg.br\/\"><span style=\"font-weight: 400\">Portal Peri\u00f3dico<\/span><\/a><span style=\"font-weight: 400\">, o jornal impresso Foca Livre e a revista Nuntiare. Essas atividades permitem ao aluno entrar em contato direto com a pr\u00e1tica jornal\u00edstica, pois somente com a pr\u00e1tica \u00e9 poss\u00edvel adquirir experi\u00eancia e criar um portf\u00f3lio de produ\u00e7\u00f5es que s\u00e3o importantes para a inser\u00e7\u00e3o no mercado de trabalho.<\/span><\/p>\n<p><span style=\"font-weight: 400\">\u00a0 \u00a0 \u00a0 \u00a0 \u00a0 \u00a0 \u00a0A gradua\u00e7\u00e3o tem quatro anos de dura\u00e7\u00e3o. Al\u00e9m da aprova\u00e7\u00e3o em todas as mat\u00e9rias da grade curricular, para se formar, o aluno precisa completar 300 horas complementares que podem ser atrav\u00e9s de projeto de extens\u00e3o, pesquisa, presen\u00e7a em eventos, interc\u00e2mbio e est\u00e1gio n\u00e3o obrigat\u00f3rio.<\/span><\/p>\n<p><span style=\"font-weight: 400\">\u00a0 \u00a0 \u00a0 \u00a0 \u00a0 \u00a0 \u00a0Existem dois tipos de est\u00e1gio: o obrigat\u00f3rio e o n\u00e3o obrigat\u00f3rio. O est\u00e1gio obrigat\u00f3rio acontece no \u00faltimo ano do curso e tem dura\u00e7\u00e3o de um semestre. J\u00e1 o n\u00e3o obrigat\u00f3rio pode ser iniciado a partir do segundo semestre do terceiro ano de gradua\u00e7\u00e3o, mas como n\u00e3o \u00e9 obrigat\u00f3rio, o estudante pode optar por n\u00e3o realiz\u00e1-lo e dar enfoque nos estudos.\u00a0<\/span><\/p>\n","protected":false},"excerpt":{"rendered":"<p>\u00a0 \u00a0 \u00a0 \u00a0 \u00a0 \u00a0 \u00a0FORMA\u00c7\u00c3O\u00a0 \u00a0 \u00a0 \u00a0 \u00a0 \u00a0 \u00a0 \u00a0O curso de Jornalismo da Universidade Estadual de Ponta Grossa (UEPG), com dura\u00e7\u00e3o de quatro anos em per\u00edodo integral, disponibiliza 42 vagas anuais para a forma\u00e7\u00e3o de Jornalistas para o mercado de trabalho na \u00e1rea do Jornalismo com uma forma\u00e7\u00e3o acad\u00eamica generalista,&nbsp;&hellip;<\/p>\n","protected":false},"author":378,"featured_media":0,"parent":0,"menu_order":0,"comment_status":"closed","ping_status":"closed","template":"","meta":[],"_links":{"self":[{"href":"https:\/\/www2.uepg.br\/bacharelado-jornalismo\/wp-json\/wp\/v2\/pages\/497"}],"collection":[{"href":"https:\/\/www2.uepg.br\/bacharelado-jornalismo\/wp-json\/wp\/v2\/pages"}],"about":[{"href":"https:\/\/www2.uepg.br\/bacharelado-jornalismo\/wp-json\/wp\/v2\/types\/page"}],"author":[{"embeddable":true,"href":"https:\/\/www2.uepg.br\/bacharelado-jornalismo\/wp-json\/wp\/v2\/users\/378"}],"replies":[{"embeddable":true,"href":"https:\/\/www2.uepg.br\/bacharelado-jornalismo\/wp-json\/wp\/v2\/comments?post=497"}],"version-history":[{"count":6,"href":"https:\/\/www2.uepg.br\/bacharelado-jornalismo\/wp-json\/wp\/v2\/pages\/497\/revisions"}],"predecessor-version":[{"id":810,"href":"https:\/\/www2.uepg.br\/bacharelado-jornalismo\/wp-json\/wp\/v2\/pages\/497\/revisions\/810"}],"wp:attachment":[{"href":"https:\/\/www2.uepg.br\/bacharelado-jornalismo\/wp-json\/wp\/v2\/media?parent=497"}],"curies":[{"name":"wp","href":"https:\/\/api.w.org\/{rel}","templated":true}]}}