{"id":499,"date":"2021-11-04T15:03:01","date_gmt":"2021-11-04T18:03:01","guid":{"rendered":"https:\/\/www2.uepg.br\/bacharelado-jornalismo\/?page_id=499"},"modified":"2023-02-16T13:31:48","modified_gmt":"2023-02-16T16:31:48","slug":"projeto-pedagogico","status":"publish","type":"page","link":"https:\/\/www2.uepg.br\/bacharelado-jornalismo\/projeto-pedagogico\/","title":{"rendered":"Projeto Pedag\u00f3gico"},"content":{"rendered":"<p><b>\u00a0 \u00a0 \u00a0 \u00a0 \u00a0 \u00a0 \u00a0PROJETO PEDAG\u00d3GICO<\/b><\/p>\n<p><span style=\"font-weight: 400\">\u00a0 \u00a0 \u00a0 \u00a0 \u00a0 \u00a0 \u00a0O Projeto Pedag\u00f3gico \u00e9 um documento elaborado com o objetivo de estruturar as propostas pedag\u00f3gicas e as a\u00e7\u00f5es educacionais a serem tomadas por uma gradua\u00e7\u00e3o ou institui\u00e7\u00e3o de ensino. As resolu\u00e7\u00f5es abaixo, a primeira aprovada em fevereiro de 2015, e a segunda, em 2005, apresentam t\u00f3picos como carga hor\u00e1ria, disciplinas, perfil dos docentes e est\u00e1gio.\u00a0<\/span><\/p>\n<ul>\n<li><a href=\"http:\/\/www2.uepg.br\/bacharelado-jornalismo\/wp-content\/uploads\/sites\/82\/2021\/12\/Projeto-Pedagogico.pdf\">Projeto Pedag\u00f3gico\u00a0<\/a><\/li>\n<li><a href=\"https:\/\/drive.google.com\/file\/d\/1Y2DVUNHMwe_MmgP_ppXAt4uL5ZGQ5cmp\/view?usp=share_link\">Projeto Pedag\u00f3gico 2005 Curr\u00edculo 6\u00a0\u00a0<\/a><\/li>\n<\/ul>\n<p>Abaixo, segue em anexo a grade curricular da gradua\u00e7\u00e3o de jornalismo UEPG. Os documentos mostram a grade de equival\u00eancia das disciplinas aplicadas no curso e a divis\u00e3o das disciplinas por s\u00e9ries, do 1\u00ba ao 4\u00ba ano.<\/p>\n<ul>\n<li><a href=\"https:\/\/drive.google.com\/file\/d\/1rSQh8SawlewRv26IKUYP7oUta0M3bw8L\/view?usp=share_link\">Grade Equival\u00eancia &#8211; Curr\u00edculo 6 e 7<\/a><\/li>\n<li><a href=\"https:\/\/drive.google.com\/file\/d\/1D54TghFCCbjfMWDcVEQyWHudqcaJVAAG\/view?usp=share_link\">Grade por S\u00e9rie<\/a><\/li>\n<\/ul>\n<p>O fluxograma em anexo apresenta a disposi\u00e7\u00e3o das disciplinas, quantidade de carga hor\u00e1ria por mat\u00e9rias e distribui\u00e7\u00e3o das disciplinas das s\u00e9ries do curso, do 1\u00aa ao 4\u00ba ano.<\/p>\n<ul>\n<li><a href=\"https:\/\/docs.google.com\/spreadsheets\/d\/1q2th42jOJYk42ywNr9EsRWZ2Q2vvnhig\/edit?usp=share_link&amp;ouid=108429771007842838191&amp;rtpof=true&amp;sd=true\">Fluxograma Jornalismo Curr\u00edculo 7<\/a><\/li>\n<\/ul>\n<p>Tamb\u00e9m segue em anexo, o documento com novas diretrizes aos cursos de jornalismo, estabelecido pelo Minist\u00e9rio da Educa\u00e7\u00e3o (MEC).<\/p>\n<ul>\n<li><a href=\"http:\/\/www2.uepg.br\/dejor\/wp-content\/uploads\/sites\/184\/2021\/04\/Resolucao_Novas_Diretrizes.pdf\">Novas Diretrizes Jornalismo<\/a><\/li>\n<\/ul>\n","protected":false},"excerpt":{"rendered":"<p>\u00a0 \u00a0 \u00a0 \u00a0 \u00a0 \u00a0 \u00a0PROJETO PEDAG\u00d3GICO \u00a0 \u00a0 \u00a0 \u00a0 \u00a0 \u00a0 \u00a0O Projeto Pedag\u00f3gico \u00e9 um documento elaborado com o objetivo de estruturar as propostas pedag\u00f3gicas e as a\u00e7\u00f5es educacionais a serem tomadas por uma gradua\u00e7\u00e3o ou institui\u00e7\u00e3o de ensino. As resolu\u00e7\u00f5es abaixo, a primeira aprovada em fevereiro de 2015, e a&nbsp;&hellip;<\/p>\n","protected":false},"author":378,"featured_media":0,"parent":0,"menu_order":0,"comment_status":"closed","ping_status":"closed","template":"","meta":[],"_links":{"self":[{"href":"https:\/\/www2.uepg.br\/bacharelado-jornalismo\/wp-json\/wp\/v2\/pages\/499"}],"collection":[{"href":"https:\/\/www2.uepg.br\/bacharelado-jornalismo\/wp-json\/wp\/v2\/pages"}],"about":[{"href":"https:\/\/www2.uepg.br\/bacharelado-jornalismo\/wp-json\/wp\/v2\/types\/page"}],"author":[{"embeddable":true,"href":"https:\/\/www2.uepg.br\/bacharelado-jornalismo\/wp-json\/wp\/v2\/users\/378"}],"replies":[{"embeddable":true,"href":"https:\/\/www2.uepg.br\/bacharelado-jornalismo\/wp-json\/wp\/v2\/comments?post=499"}],"version-history":[{"count":16,"href":"https:\/\/www2.uepg.br\/bacharelado-jornalismo\/wp-json\/wp\/v2\/pages\/499\/revisions"}],"predecessor-version":[{"id":863,"href":"https:\/\/www2.uepg.br\/bacharelado-jornalismo\/wp-json\/wp\/v2\/pages\/499\/revisions\/863"}],"wp:attachment":[{"href":"https:\/\/www2.uepg.br\/bacharelado-jornalismo\/wp-json\/wp\/v2\/media?parent=499"}],"curies":[{"name":"wp","href":"https:\/\/api.w.org\/{rel}","templated":true}]}}