{"id":500,"date":"2021-11-04T15:03:01","date_gmt":"2021-11-04T18:03:01","guid":{"rendered":"https:\/\/www2.uepg.br\/bacharelado-jornalismo\/?page_id=500"},"modified":"2023-02-09T08:49:14","modified_gmt":"2023-02-09T11:49:14","slug":"regulamento-de-estagio","status":"publish","type":"page","link":"https:\/\/www2.uepg.br\/bacharelado-jornalismo\/regulamento-de-estagio\/","title":{"rendered":"Regulamento de Est\u00e1gio"},"content":{"rendered":"<p><b>REGULAMENTO DE EST\u00c1GIO<\/b><\/p>\n<p><span style=\"font-weight: 400\">O Regulamento de Est\u00e1gio \u00e9 uma s\u00e9rie de determina\u00e7\u00f5es e regras a serem cumpridas em rela\u00e7\u00e3o aos est\u00e1gios curriculares obrigat\u00f3rios e n\u00e3o obrigat\u00f3rios, realizados pelos acad\u00eamicos durante o terceiro e quarto anos da gradua\u00e7\u00e3o.\u00a0<\/span><\/p>\n<ul>\n<li><a href=\"https:\/\/sites.uepg.br\/prograd\/wp-content\/uploads\/2017\/12\/RES-CEPE-045-Aprova-Novo-Regulamento-de-Est%C3%A1gio-Curricular-em-Jornalismo.pdf\">Regulamento de Est\u00e1gio<\/a><\/li>\n<li><a href=\"https:\/\/drive.google.com\/file\/d\/1tZyNA9M10wQm-a6lo1iVsEAJj_f4K5lz\/view?usp=share_link\">Regulamento de Est\u00e1gio N\u00e3o-obrigat\u00f3rio<\/a><\/li>\n<\/ul>\n","protected":false},"excerpt":{"rendered":"<p>REGULAMENTO DE EST\u00c1GIO O Regulamento de Est\u00e1gio \u00e9 uma s\u00e9rie de determina\u00e7\u00f5es e regras a serem cumpridas em rela\u00e7\u00e3o aos est\u00e1gios curriculares obrigat\u00f3rios e n\u00e3o obrigat\u00f3rios, realizados pelos acad\u00eamicos durante o terceiro e quarto anos da gradua\u00e7\u00e3o.\u00a0 Regulamento de Est\u00e1gio Regulamento de Est\u00e1gio N\u00e3o-obrigat\u00f3rio<\/p>\n","protected":false},"author":378,"featured_media":0,"parent":0,"menu_order":0,"comment_status":"closed","ping_status":"closed","template":"","meta":[],"_links":{"self":[{"href":"https:\/\/www2.uepg.br\/bacharelado-jornalismo\/wp-json\/wp\/v2\/pages\/500"}],"collection":[{"href":"https:\/\/www2.uepg.br\/bacharelado-jornalismo\/wp-json\/wp\/v2\/pages"}],"about":[{"href":"https:\/\/www2.uepg.br\/bacharelado-jornalismo\/wp-json\/wp\/v2\/types\/page"}],"author":[{"embeddable":true,"href":"https:\/\/www2.uepg.br\/bacharelado-jornalismo\/wp-json\/wp\/v2\/users\/378"}],"replies":[{"embeddable":true,"href":"https:\/\/www2.uepg.br\/bacharelado-jornalismo\/wp-json\/wp\/v2\/comments?post=500"}],"version-history":[{"count":7,"href":"https:\/\/www2.uepg.br\/bacharelado-jornalismo\/wp-json\/wp\/v2\/pages\/500\/revisions"}],"predecessor-version":[{"id":781,"href":"https:\/\/www2.uepg.br\/bacharelado-jornalismo\/wp-json\/wp\/v2\/pages\/500\/revisions\/781"}],"wp:attachment":[{"href":"https:\/\/www2.uepg.br\/bacharelado-jornalismo\/wp-json\/wp\/v2\/media?parent=500"}],"curies":[{"name":"wp","href":"https:\/\/api.w.org\/{rel}","templated":true}]}}