{"id":501,"date":"2021-11-04T15:03:01","date_gmt":"2021-11-04T18:03:01","guid":{"rendered":"https:\/\/www2.uepg.br\/bacharelado-jornalismo\/?page_id=501"},"modified":"2023-02-09T09:13:09","modified_gmt":"2023-02-09T12:13:09","slug":"regulamento-do-tcc","status":"publish","type":"page","link":"https:\/\/www2.uepg.br\/bacharelado-jornalismo\/regulamento-do-tcc\/","title":{"rendered":"Regulamento do TCC"},"content":{"rendered":"<p><b>REGULAMENTO DE TCC<\/b><\/p>\n<p><span style=\"font-weight: 400\">O Regulamento de TCC cont\u00e9m esclarecimentos e regras sobre os diversos passos do desenvolvimento do Trabalho de Conclus\u00e3o de Curso, como orienta\u00e7\u00f5es a serem tomadas, medidas em rela\u00e7\u00e3o a direitos de imagem, solicita\u00e7\u00f5es de entrevista, termos de autoriza\u00e7\u00e3o, entre outros documentos.\u00a0<\/span><\/p>\n<ul>\n<li><a href=\"http:\/\/www2.uepg.br\/bacharelado-jornalismo\/wp-content\/uploads\/sites\/82\/2021\/12\/Regulamento-TCC.pdf\">Regulamento TCC<\/a><\/li>\n<\/ul>\n","protected":false},"excerpt":{"rendered":"<p>REGULAMENTO DE TCC O Regulamento de TCC cont\u00e9m esclarecimentos e regras sobre os diversos passos do desenvolvimento do Trabalho de Conclus\u00e3o de Curso, como orienta\u00e7\u00f5es a serem tomadas, medidas em rela\u00e7\u00e3o a direitos de imagem, solicita\u00e7\u00f5es de entrevista, termos de autoriza\u00e7\u00e3o, entre outros documentos.\u00a0 Regulamento TCC<\/p>\n","protected":false},"author":378,"featured_media":0,"parent":0,"menu_order":0,"comment_status":"closed","ping_status":"closed","template":"","meta":[],"_links":{"self":[{"href":"https:\/\/www2.uepg.br\/bacharelado-jornalismo\/wp-json\/wp\/v2\/pages\/501"}],"collection":[{"href":"https:\/\/www2.uepg.br\/bacharelado-jornalismo\/wp-json\/wp\/v2\/pages"}],"about":[{"href":"https:\/\/www2.uepg.br\/bacharelado-jornalismo\/wp-json\/wp\/v2\/types\/page"}],"author":[{"embeddable":true,"href":"https:\/\/www2.uepg.br\/bacharelado-jornalismo\/wp-json\/wp\/v2\/users\/378"}],"replies":[{"embeddable":true,"href":"https:\/\/www2.uepg.br\/bacharelado-jornalismo\/wp-json\/wp\/v2\/comments?post=501"}],"version-history":[{"count":8,"href":"https:\/\/www2.uepg.br\/bacharelado-jornalismo\/wp-json\/wp\/v2\/pages\/501\/revisions"}],"predecessor-version":[{"id":791,"href":"https:\/\/www2.uepg.br\/bacharelado-jornalismo\/wp-json\/wp\/v2\/pages\/501\/revisions\/791"}],"wp:attachment":[{"href":"https:\/\/www2.uepg.br\/bacharelado-jornalismo\/wp-json\/wp\/v2\/media?parent=501"}],"curies":[{"name":"wp","href":"https:\/\/api.w.org\/{rel}","templated":true}]}}