{"id":520,"date":"2021-11-04T15:10:39","date_gmt":"2021-11-04T18:10:39","guid":{"rendered":"https:\/\/www2.uepg.br\/bacharelado-jornalismo\/?page_id=520"},"modified":"2023-02-16T11:42:37","modified_gmt":"2023-02-16T14:42:37","slug":"fototec-2","status":"publish","type":"page","link":"https:\/\/www2.uepg.br\/bacharelado-jornalismo\/fototec-2\/","title":{"rendered":"Foto&amp;Tec"},"content":{"rendered":"<p><b>\u00a0 \u00a0 \u00a0 \u00a0 \u00a0 \u00a0 \u00a0FOTO &amp; TEC<\/b><\/p>\n<p><span style=\"font-weight: 400\">\u00a0 \u00a0 \u00a0 \u00a0 \u00a0 \u00a0 \u00a0 O Grupo de pesquisa Foto&amp;Tec, criado em 2012, foi resultado do interesse de alunos e de pesquisas desenvolvidas no Foca Foto. Em fun\u00e7\u00e3o das demandas em investiga\u00e7\u00f5es na \u00e1rea da imagem e da fotografia, resolveu-se criar o grupo para participar de editais de inicia\u00e7\u00e3o cient\u00edfica e de eventos cient\u00edficos: locais, nacionais e internacionais. <\/span><span style=\"font-weight: 400\">Participam do grupo alunos egressos da gradua\u00e7\u00e3o. Al\u00e9m de pesquisas em jornais, a equipe desenvolve an\u00e1lises sobre fotografia, cinema, televis\u00e3o e produ\u00e7\u00f5es peri\u00f3dicas. Atualmente, o grupo est\u00e1 vinculado \u00e0 linha de pesquisa do Mestrado em Jornalismo: Processos Jornal\u00edsticos, Representa\u00e7\u00f5es e Pr\u00e1ticas Socioculturais.<\/span><\/p>\n<p><span style=\"font-weight: 400\">\u00a0 \u00a0 \u00a0 \u00a0 \u00a0 \u00a0 \u00a0 A proposta \u00e9 aberta e direcionada aos acad\u00eamicos interessados em se aprimorar em pesquisas e nos m\u00e9todos de an\u00e1lise cient\u00edfica. Reuni\u00f5es quinzenais s\u00e3o realizadas para acompanhar o desenvolvimento dos trabalhos. Nesses encontros, se orienta sobre os passos, as normas da ABNT e as caracter\u00edsticas da linguagem cient\u00edfica. <\/span><span style=\"font-weight: 400\">Durante os 9 anos de projeto, foram produzidos aproximadamente 30 trabalhos de Inicia\u00e7\u00e3o Cient\u00edfica e 14 e-books, em conjunto com o Projeto de Extens\u00e3o Foca Foto, al\u00e9m de pesquisas volunt\u00e1rias.<\/span><\/p>\n","protected":false},"excerpt":{"rendered":"<p>\u00a0 \u00a0 \u00a0 \u00a0 \u00a0 \u00a0 \u00a0FOTO &amp; TEC \u00a0 \u00a0 \u00a0 \u00a0 \u00a0 \u00a0 \u00a0 O Grupo de pesquisa Foto&amp;Tec, criado em 2012, foi resultado do interesse de alunos e de pesquisas desenvolvidas no Foca Foto. Em fun\u00e7\u00e3o das demandas em investiga\u00e7\u00f5es na \u00e1rea da imagem e da fotografia, resolveu-se criar o grupo para&nbsp;&hellip;<\/p>\n","protected":false},"author":378,"featured_media":0,"parent":0,"menu_order":0,"comment_status":"closed","ping_status":"closed","template":"","meta":[],"_links":{"self":[{"href":"https:\/\/www2.uepg.br\/bacharelado-jornalismo\/wp-json\/wp\/v2\/pages\/520"}],"collection":[{"href":"https:\/\/www2.uepg.br\/bacharelado-jornalismo\/wp-json\/wp\/v2\/pages"}],"about":[{"href":"https:\/\/www2.uepg.br\/bacharelado-jornalismo\/wp-json\/wp\/v2\/types\/page"}],"author":[{"embeddable":true,"href":"https:\/\/www2.uepg.br\/bacharelado-jornalismo\/wp-json\/wp\/v2\/users\/378"}],"replies":[{"embeddable":true,"href":"https:\/\/www2.uepg.br\/bacharelado-jornalismo\/wp-json\/wp\/v2\/comments?post=520"}],"version-history":[{"count":7,"href":"https:\/\/www2.uepg.br\/bacharelado-jornalismo\/wp-json\/wp\/v2\/pages\/520\/revisions"}],"predecessor-version":[{"id":760,"href":"https:\/\/www2.uepg.br\/bacharelado-jornalismo\/wp-json\/wp\/v2\/pages\/520\/revisions\/760"}],"wp:attachment":[{"href":"https:\/\/www2.uepg.br\/bacharelado-jornalismo\/wp-json\/wp\/v2\/media?parent=520"}],"curies":[{"name":"wp","href":"https:\/\/api.w.org\/{rel}","templated":true}]}}